{"id":12731,"date":"2024-12-10T15:50:48","date_gmt":"2024-12-10T14:50:48","guid":{"rendered":"https:\/\/www.charles-pozzi.fr\/?page_id=12731"},"modified":"2025-04-25T14:44:31","modified_gmt":"2025-04-25T12:44:31","slug":"site-lille","status":"publish","type":"page","link":"https:\/\/www.charles-pozzi.fr\/en\/site-lille\/","title":{"rendered":"Site | Lille"},"content":{"rendered":"<div data-elementor-type=\"wp-page\" data-elementor-id=\"12731\" class=\"elementor elementor-12731\" data-elementor-post-type=\"page\">\n\t\t\t\t\t\t<section class=\"elementor-section elementor-top-section elementor-element elementor-element-3e27dc2 elementor-section-height-min-height elementor-section-content-top elementor-section-boxed elementor-section-height-default elementor-section-items-middle\" data-id=\"3e27dc2\" data-element_type=\"section\" data-settings=\"{&quot;background_background&quot;:&quot;classic&quot;}\">\n\t\t\t\t\t\t<div class=\"elementor-container elementor-column-gap-default\">\n\t\t\t\t\t<div class=\"elementor-column elementor-col-100 elementor-top-column elementor-element elementor-element-2063aaf\" data-id=\"2063aaf\" data-element_type=\"column\">\n\t\t\t<div class=\"elementor-widget-wrap\">\n\t\t\t\t\t\t\t<\/div>\n\t\t<\/div>\n\t\t\t\t\t<\/div>\n\t\t<\/section>\n\t\t\t\t<section class=\"elementor-section elementor-top-section elementor-element elementor-element-af78b48 margin-top-title elementor-section-boxed elementor-section-height-default elementor-section-height-default\" data-id=\"af78b48\" data-element_type=\"section\">\n\t\t\t\t\t\t<div class=\"elementor-container elementor-column-gap-default\">\n\t\t\t\t\t<div class=\"elementor-column elementor-col-100 elementor-top-column elementor-element elementor-element-3288016\" data-id=\"3288016\" data-element_type=\"column\" data-settings=\"{&quot;background_background&quot;:&quot;classic&quot;}\">\n\t\t\t<div class=\"elementor-widget-wrap elementor-element-populated\">\n\t\t\t\t\t\t<div class=\"elementor-element elementor-element-fb04678 elementor-widget elementor-widget-text-editor\" data-id=\"fb04678\" data-element_type=\"widget\" data-widget_type=\"text-editor.default\">\n\t\t\t\t<div class=\"elementor-widget-container\">\n\t\t\t\t\t\t\t\t\t<p class=\"title-1\">Charles Pozzi Lille<\/p>\t\t\t\t\t\t\t\t<\/div>\n\t\t\t\t<\/div>\n\t\t\t\t\t<\/div>\n\t\t<\/div>\n\t\t\t\t\t<\/div>\n\t\t<\/section>\n\t\t\t\t<section class=\"elementor-section elementor-top-section elementor-element elementor-element-9efe60e elementor-section-boxed elementor-section-height-default elementor-section-height-default\" data-id=\"9efe60e\" data-element_type=\"section\">\n\t\t\t\t\t\t<div class=\"elementor-container elementor-column-gap-default\">\n\t\t\t\t\t<div class=\"elementor-column elementor-col-100 elementor-top-column elementor-element elementor-element-8e33fca\" data-id=\"8e33fca\" data-element_type=\"column\">\n\t\t\t<div class=\"elementor-widget-wrap elementor-element-populated\">\n\t\t\t\t\t\t<div class=\"elementor-element elementor-element-fe4914c elementor-widget elementor-widget-text-editor\" data-id=\"fe4914c\" data-element_type=\"widget\" data-widget_type=\"text-editor.default\">\n\t\t\t\t<div class=\"elementor-widget-container\">\n\t\t\t\t\t\t\t\t\t<p>A PRESTIGIOUS SELECTION<br \/><span style=\"color: var( --e-global-color-text );\">FOR CAR ENTHUSIASTS<\/span><\/p>\t\t\t\t\t\t\t\t<\/div>\n\t\t\t\t<\/div>\n\t\t\t\t<div class=\"elementor-element elementor-element-f1b4ddf elementor-widget elementor-widget-text-editor\" data-id=\"f1b4ddf\" data-element_type=\"widget\" data-widget_type=\"text-editor.default\">\n\t\t\t\t<div class=\"elementor-widget-container\">\n\t\t\t\t\t\t\t\t\t<p>Discover the brand new Charles Pozzi Lille dealership, a showcase dedicated to the Ferrari world where passion and excellence meet. Located in the heart of the Hauts-de-France, this concession embodies the know-how and elegance of the brand at the Cheval Cabr\u00e9. More than a sales area, it is a true immersive experience for lovers of exceptional cars.<\/p><p>Explore an exclusive selection of pre-owned and Charles Pozzi Approved certified models from all brands, and let yourself be seduced by a personalized customer service that lives up to Ferrari standards. Charles Pozzi Lille, it\u2019s an invitation to live the Ferrari legend, close to you.<\/p>\t\t\t\t\t\t\t\t<\/div>\n\t\t\t\t<\/div>\n\t\t\t\t\t<\/div>\n\t\t<\/div>\n\t\t\t\t\t<\/div>\n\t\t<\/section>\n\t\t\t\t<section class=\"elementor-section elementor-top-section elementor-element elementor-element-d6f4c7c elementor-section-boxed elementor-section-height-default elementor-section-height-default\" data-id=\"d6f4c7c\" data-element_type=\"section\">\n\t\t\t\t\t\t<div class=\"elementor-container elementor-column-gap-default\">\n\t\t\t\t\t<div class=\"elementor-column elementor-col-50 elementor-top-column elementor-element elementor-element-27cf374\" data-id=\"27cf374\" data-element_type=\"column\" data-settings=\"{&quot;background_background&quot;:&quot;classic&quot;}\">\n\t\t\t<div class=\"elementor-widget-wrap elementor-element-populated\">\n\t\t\t\t\t\t<div class=\"elementor-element elementor-element-d9f9685 elementor-widget elementor-widget-image\" data-id=\"d9f9685\" data-element_type=\"widget\" data-widget_type=\"image.default\">\n\t\t\t\t<div class=\"elementor-widget-container\">\n\t\t\t\t\t\t\t\t\t\t\t\t\t\t\t<img fetchpriority=\"high\" decoding=\"async\" width=\"1536\" height=\"1024\" src=\"https:\/\/www.charles-pozzi.fr\/wp-content\/uploads\/2024\/12\/DSC04856-1536x1024.jpg\" class=\"attachment-1536x1536 size-1536x1536 wp-image-12748\" alt=\"\" srcset=\"https:\/\/www.charles-pozzi.fr\/wp-content\/uploads\/2024\/12\/DSC04856-1536x1024.jpg 1536w, https:\/\/www.charles-pozzi.fr\/wp-content\/uploads\/2024\/12\/DSC04856-300x200.jpg 300w, https:\/\/www.charles-pozzi.fr\/wp-content\/uploads\/2024\/12\/DSC04856-1024x683.jpg 1024w, https:\/\/www.charles-pozzi.fr\/wp-content\/uploads\/2024\/12\/DSC04856-768x512.jpg 768w, https:\/\/www.charles-pozzi.fr\/wp-content\/uploads\/2024\/12\/DSC04856-2048x1365.jpg 2048w, https:\/\/www.charles-pozzi.fr\/wp-content\/uploads\/2024\/12\/DSC04856-18x12.jpg 18w\" sizes=\"(max-width: 1536px) 100vw, 1536px\" \/>\t\t\t\t\t\t\t\t\t\t\t\t\t\t\t<\/div>\n\t\t\t\t<\/div>\n\t\t\t\t<div class=\"elementor-element elementor-element-92660cd elementor-widget elementor-widget-heading\" data-id=\"92660cd\" data-element_type=\"widget\" data-widget_type=\"heading.default\">\n\t\t\t\t<div class=\"elementor-widget-container\">\n\t\t\t\t\t<h3 class=\"elementor-heading-title elementor-size-default\">Ferrari<\/h3>\t\t\t\t<\/div>\n\t\t\t\t<\/div>\n\t\t\t\t<div class=\"elementor-element elementor-element-264854d elementor-widget elementor-widget-text-editor\" data-id=\"264854d\" data-element_type=\"widget\" data-widget_type=\"text-editor.default\">\n\t\t\t\t<div class=\"elementor-widget-container\">\n\t\t\t\t\t\t\t\t\tCome meet our Ferrari team at one of the largest Ferrari dealerships in the world.\t\t\t\t\t\t\t\t<\/div>\n\t\t\t\t<\/div>\n\t\t\t\t<div class=\"elementor-element elementor-element-e811b6b elementor-widget elementor-widget-text-editor\" data-id=\"e811b6b\" data-element_type=\"widget\" data-widget_type=\"text-editor.default\">\n\t\t\t\t<div class=\"elementor-widget-container\">\n\t\t\t\t\t\t\t\t\t<p><a class=\"cta-white\" href=\"https:\/\/www.charles-pozzi.fr\/en\/site-lille-ferrari\/\" target=\"_blank\" rel=\"noopener\">Learn more<\/a><\/p>\t\t\t\t\t\t\t\t<\/div>\n\t\t\t\t<\/div>\n\t\t\t\t\t<\/div>\n\t\t<\/div>\n\t\t\t\t<div class=\"elementor-column elementor-col-50 elementor-top-column elementor-element elementor-element-338f4ff\" data-id=\"338f4ff\" data-element_type=\"column\" data-settings=\"{&quot;background_background&quot;:&quot;classic&quot;}\">\n\t\t\t<div class=\"elementor-widget-wrap elementor-element-populated\">\n\t\t\t\t\t\t<div class=\"elementor-element elementor-element-7ed8234 elementor-widget elementor-widget-image\" data-id=\"7ed8234\" data-element_type=\"widget\" data-widget_type=\"image.default\">\n\t\t\t\t<div class=\"elementor-widget-container\">\n\t\t\t\t\t\t\t\t\t\t\t\t\t\t\t<img decoding=\"async\" width=\"800\" height=\"459\" src=\"https:\/\/www.charles-pozzi.fr\/wp-content\/uploads\/2025\/01\/Capture-decran-2025-01-22-094512.png\" class=\"attachment-large size-large wp-image-13321\" alt=\"\" srcset=\"https:\/\/www.charles-pozzi.fr\/wp-content\/uploads\/2025\/01\/Capture-decran-2025-01-22-094512.png 933w, https:\/\/www.charles-pozzi.fr\/wp-content\/uploads\/2025\/01\/Capture-decran-2025-01-22-094512-300x172.png 300w, https:\/\/www.charles-pozzi.fr\/wp-content\/uploads\/2025\/01\/Capture-decran-2025-01-22-094512-768x440.png 768w, https:\/\/www.charles-pozzi.fr\/wp-content\/uploads\/2025\/01\/Capture-decran-2025-01-22-094512-18x10.png 18w\" sizes=\"(max-width: 800px) 100vw, 800px\" \/>\t\t\t\t\t\t\t\t\t\t\t\t\t\t\t<\/div>\n\t\t\t\t<\/div>\n\t\t\t\t<div class=\"elementor-element elementor-element-7f3e726 elementor-widget elementor-widget-heading\" data-id=\"7f3e726\" data-element_type=\"widget\" data-widget_type=\"heading.default\">\n\t\t\t\t<div class=\"elementor-widget-container\">\n\t\t\t\t\t<h3 class=\"elementor-heading-title elementor-size-default\">Charles Pozzi approved<\/h3>\t\t\t\t<\/div>\n\t\t\t\t<\/div>\n\t\t\t\t<div class=\"elementor-element elementor-element-4470e08 elementor-widget elementor-widget-text-editor\" data-id=\"4470e08\" data-element_type=\"widget\" data-widget_type=\"text-editor.default\">\n\t\t\t\t<div class=\"elementor-widget-container\">\n\t\t\t\t\t\t\t\t\tThrough our label, we put our know-how at your disposal to guarantee you products of excellence.\t\t\t\t\t\t\t\t<\/div>\n\t\t\t\t<\/div>\n\t\t\t\t<div class=\"elementor-element elementor-element-3f848c0 elementor-widget elementor-widget-text-editor\" data-id=\"3f848c0\" data-element_type=\"widget\" data-widget_type=\"text-editor.default\">\n\t\t\t\t<div class=\"elementor-widget-container\">\n\t\t\t\t\t\t\t\t\t<p><a class=\"cta-white\" href=\"https:\/\/www.charles-pozzi.fr\/en\/site-lille-charles-pozzi-approved\/\" target=\"_blank\" rel=\"noopener\">Learn more<\/a><\/p>\t\t\t\t\t\t\t\t<\/div>\n\t\t\t\t<\/div>\n\t\t\t\t\t<\/div>\n\t\t<\/div>\n\t\t\t\t\t<\/div>\n\t\t<\/section>\n\t\t\t\t<section class=\"elementor-section elementor-top-section elementor-element elementor-element-7f98a47 elementor-section-boxed elementor-section-height-default elementor-section-height-default\" data-id=\"7f98a47\" data-element_type=\"section\">\n\t\t\t\t\t\t<div class=\"elementor-container elementor-column-gap-default\">\n\t\t\t\t\t<div class=\"elementor-column elementor-col-100 elementor-top-column elementor-element elementor-element-5eb7549\" data-id=\"5eb7549\" data-element_type=\"column\">\n\t\t\t<div class=\"elementor-widget-wrap elementor-element-populated\">\n\t\t\t\t\t\t<div class=\"elementor-element elementor-element-fea3aaa elementor-widget elementor-widget-spacer\" data-id=\"fea3aaa\" data-element_type=\"widget\" data-widget_type=\"spacer.default\">\n\t\t\t\t<div class=\"elementor-widget-container\">\n\t\t\t\t\t\t\t<div class=\"elementor-spacer\">\n\t\t\t<div class=\"elementor-spacer-inner\"><\/div>\n\t\t<\/div>\n\t\t\t\t\t\t<\/div>\n\t\t\t\t<\/div>\n\t\t\t\t\t<\/div>\n\t\t<\/div>\n\t\t\t\t\t<\/div>\n\t\t<\/section>\n\t\t\t\t<\/div>","protected":false},"excerpt":{"rendered":"<p>Charles Pozzi Lille UNE S\u00c9LECTION PRESTIGIEUSE POURLES AMATEURS D&rsquo;AUTOMOBILE D\u00e9couvrez la toute nouvelle concession Charles Pozzi Lille, un \u00e9crin d\u00e9di\u00e9 \u00e0 l&rsquo;univers Ferrari, o\u00f9 passion et excellence se rencontrent. Situ\u00e9e au c\u0153ur des Hauts-de-France, cette concession incarne le savoir-faire et l&rsquo;\u00e9l\u00e9gance de la marque au cheval cabr\u00e9. Plus qu&rsquo;un espace de vente, c&rsquo;est une v\u00e9ritable [&hellip;]<\/p>\n","protected":false},"author":4,"featured_media":0,"parent":0,"menu_order":0,"comment_status":"closed","ping_status":"closed","template":"elementor_header_footer","meta":{"inline_featured_image":false,"footnotes":""},"class_list":["post-12731","page","type-page","status-publish","hentry"],"yoast_head":"<!-- This site is optimized with the Yoast SEO plugin v27.3 - https:\/\/yoast.com\/product\/yoast-seo-wordpress\/ -->\n<title>Charles Pozzi Lille - D\u00e9couvrez l&#039;univers de la Passion<\/title>\n<meta name=\"description\" content=\"Retrouvez notre s\u00e9lection de v\u00e9hicules d\u2019occasion d\u2019exception au sein de notre showroom de Lille - Atelier Officiel Ferrari\" \/>\n<meta name=\"robots\" content=\"index, follow, max-snippet:-1, max-image-preview:large, max-video-preview:-1\" \/>\n<link rel=\"canonical\" href=\"https:\/\/www.charles-pozzi.fr\/en\/site-lille\/\" \/>\n<meta property=\"og:locale\" content=\"en_US\" \/>\n<meta property=\"og:type\" content=\"article\" \/>\n<meta property=\"og:title\" content=\"Charles Pozzi Lille - D\u00e9couvrez l&#039;univers de la Passion\" \/>\n<meta property=\"og:description\" content=\"Retrouvez notre s\u00e9lection de v\u00e9hicules d\u2019occasion d\u2019exception au sein de notre showroom de Lille - Atelier Officiel Ferrari\" \/>\n<meta property=\"og:url\" content=\"https:\/\/www.charles-pozzi.fr\/en\/site-lille\/\" \/>\n<meta property=\"og:site_name\" content=\"Groupe Charles Pozzi\" \/>\n<meta property=\"article:modified_time\" content=\"2025-04-25T12:44:31+00:00\" \/>\n<meta property=\"og:image\" content=\"https:\/\/www.charles-pozzi.fr\/wp-content\/uploads\/2024\/12\/DSC04856-1536x1024.jpg\" \/>\n<meta name=\"twitter:card\" content=\"summary_large_image\" \/>\n<meta name=\"twitter:label1\" content=\"Est. reading time\" \/>\n\t<meta name=\"twitter:data1\" content=\"2 minutes\" \/>\n<script type=\"application\/ld+json\" class=\"yoast-schema-graph\">{\"@context\":\"https:\\\/\\\/schema.org\",\"@graph\":[{\"@type\":\"WebPage\",\"@id\":\"https:\\\/\\\/www.charles-pozzi.fr\\\/site-lille\\\/\",\"url\":\"https:\\\/\\\/www.charles-pozzi.fr\\\/site-lille\\\/\",\"name\":\"Charles Pozzi Lille - D\u00e9couvrez l'univers de la Passion\",\"isPartOf\":{\"@id\":\"https:\\\/\\\/www.charles-pozzi.fr\\\/#website\"},\"primaryImageOfPage\":{\"@id\":\"https:\\\/\\\/www.charles-pozzi.fr\\\/site-lille\\\/#primaryimage\"},\"image\":{\"@id\":\"https:\\\/\\\/www.charles-pozzi.fr\\\/site-lille\\\/#primaryimage\"},\"thumbnailUrl\":\"https:\\\/\\\/www.charles-pozzi.fr\\\/wp-content\\\/uploads\\\/2024\\\/12\\\/DSC04856-1536x1024.jpg\",\"datePublished\":\"2024-12-10T14:50:48+00:00\",\"dateModified\":\"2025-04-25T12:44:31+00:00\",\"description\":\"Retrouvez notre s\u00e9lection de v\u00e9hicules d\u2019occasion d\u2019exception au sein de notre showroom de Lille - Atelier Officiel Ferrari\",\"breadcrumb\":{\"@id\":\"https:\\\/\\\/www.charles-pozzi.fr\\\/site-lille\\\/#breadcrumb\"},\"inLanguage\":\"en-US\",\"potentialAction\":[{\"@type\":\"ReadAction\",\"target\":[\"https:\\\/\\\/www.charles-pozzi.fr\\\/site-lille\\\/\"]}]},{\"@type\":\"ImageObject\",\"inLanguage\":\"en-US\",\"@id\":\"https:\\\/\\\/www.charles-pozzi.fr\\\/site-lille\\\/#primaryimage\",\"url\":\"https:\\\/\\\/www.charles-pozzi.fr\\\/wp-content\\\/uploads\\\/2024\\\/12\\\/DSC04856-1536x1024.jpg\",\"contentUrl\":\"https:\\\/\\\/www.charles-pozzi.fr\\\/wp-content\\\/uploads\\\/2024\\\/12\\\/DSC04856-1536x1024.jpg\"},{\"@type\":\"BreadcrumbList\",\"@id\":\"https:\\\/\\\/www.charles-pozzi.fr\\\/site-lille\\\/#breadcrumb\",\"itemListElement\":[{\"@type\":\"ListItem\",\"position\":1,\"name\":\"Home\",\"item\":\"https:\\\/\\\/www.charles-pozzi.fr\\\/\"},{\"@type\":\"ListItem\",\"position\":2,\"name\":\"Site | Lille\"}]},{\"@type\":\"WebSite\",\"@id\":\"https:\\\/\\\/www.charles-pozzi.fr\\\/#website\",\"url\":\"https:\\\/\\\/www.charles-pozzi.fr\\\/\",\"name\":\"Groupe Charles Pozzi\",\"description\":\"D\u00e9couvrez l&#039;univers de l&#039;excellence automobile\",\"publisher\":{\"@id\":\"https:\\\/\\\/www.charles-pozzi.fr\\\/#organization\"},\"potentialAction\":[{\"@type\":\"SearchAction\",\"target\":{\"@type\":\"EntryPoint\",\"urlTemplate\":\"https:\\\/\\\/www.charles-pozzi.fr\\\/?s={search_term_string}\"},\"query-input\":{\"@type\":\"PropertyValueSpecification\",\"valueRequired\":true,\"valueName\":\"search_term_string\"}}],\"inLanguage\":\"en-US\"},{\"@type\":\"Organization\",\"@id\":\"https:\\\/\\\/www.charles-pozzi.fr\\\/#organization\",\"name\":\"Charles Pozzi\",\"url\":\"https:\\\/\\\/www.charles-pozzi.fr\\\/\",\"logo\":{\"@type\":\"ImageObject\",\"inLanguage\":\"en-US\",\"@id\":\"https:\\\/\\\/www.charles-pozzi.fr\\\/#\\\/schema\\\/logo\\\/image\\\/\",\"url\":\"https:\\\/\\\/www.charles-pozzi.fr\\\/wp-content\\\/uploads\\\/2024\\\/09\\\/Logo-Charles-Pozzi.png\",\"contentUrl\":\"https:\\\/\\\/www.charles-pozzi.fr\\\/wp-content\\\/uploads\\\/2024\\\/09\\\/Logo-Charles-Pozzi.png\",\"width\":212,\"height\":120,\"caption\":\"Charles Pozzi\"},\"image\":{\"@id\":\"https:\\\/\\\/www.charles-pozzi.fr\\\/#\\\/schema\\\/logo\\\/image\\\/\"}}]}<\/script>\n<!-- \/ Yoast SEO plugin. -->","yoast_head_json":{"title":"Charles Pozzi Lille - D\u00e9couvrez l'univers de la Passion","description":"Retrouvez notre s\u00e9lection de v\u00e9hicules d\u2019occasion d\u2019exception au sein de notre showroom de Lille - Atelier Officiel Ferrari","robots":{"index":"index","follow":"follow","max-snippet":"max-snippet:-1","max-image-preview":"max-image-preview:large","max-video-preview":"max-video-preview:-1"},"canonical":"https:\/\/www.charles-pozzi.fr\/en\/site-lille\/","og_locale":"en_US","og_type":"article","og_title":"Charles Pozzi Lille - D\u00e9couvrez l'univers de la Passion","og_description":"Retrouvez notre s\u00e9lection de v\u00e9hicules d\u2019occasion d\u2019exception au sein de notre showroom de Lille - Atelier Officiel Ferrari","og_url":"https:\/\/www.charles-pozzi.fr\/en\/site-lille\/","og_site_name":"Groupe Charles Pozzi","article_modified_time":"2025-04-25T12:44:31+00:00","og_image":[{"url":"https:\/\/www.charles-pozzi.fr\/wp-content\/uploads\/2024\/12\/DSC04856-1536x1024.jpg","type":"","width":"","height":""}],"twitter_card":"summary_large_image","twitter_misc":{"Est. reading time":"2 minutes"},"schema":{"@context":"https:\/\/schema.org","@graph":[{"@type":"WebPage","@id":"https:\/\/www.charles-pozzi.fr\/site-lille\/","url":"https:\/\/www.charles-pozzi.fr\/site-lille\/","name":"Charles Pozzi Lille - D\u00e9couvrez l'univers de la Passion","isPartOf":{"@id":"https:\/\/www.charles-pozzi.fr\/#website"},"primaryImageOfPage":{"@id":"https:\/\/www.charles-pozzi.fr\/site-lille\/#primaryimage"},"image":{"@id":"https:\/\/www.charles-pozzi.fr\/site-lille\/#primaryimage"},"thumbnailUrl":"https:\/\/www.charles-pozzi.fr\/wp-content\/uploads\/2024\/12\/DSC04856-1536x1024.jpg","datePublished":"2024-12-10T14:50:48+00:00","dateModified":"2025-04-25T12:44:31+00:00","description":"Retrouvez notre s\u00e9lection de v\u00e9hicules d\u2019occasion d\u2019exception au sein de notre showroom de Lille - Atelier Officiel Ferrari","breadcrumb":{"@id":"https:\/\/www.charles-pozzi.fr\/site-lille\/#breadcrumb"},"inLanguage":"en-US","potentialAction":[{"@type":"ReadAction","target":["https:\/\/www.charles-pozzi.fr\/site-lille\/"]}]},{"@type":"ImageObject","inLanguage":"en-US","@id":"https:\/\/www.charles-pozzi.fr\/site-lille\/#primaryimage","url":"https:\/\/www.charles-pozzi.fr\/wp-content\/uploads\/2024\/12\/DSC04856-1536x1024.jpg","contentUrl":"https:\/\/www.charles-pozzi.fr\/wp-content\/uploads\/2024\/12\/DSC04856-1536x1024.jpg"},{"@type":"BreadcrumbList","@id":"https:\/\/www.charles-pozzi.fr\/site-lille\/#breadcrumb","itemListElement":[{"@type":"ListItem","position":1,"name":"Home","item":"https:\/\/www.charles-pozzi.fr\/"},{"@type":"ListItem","position":2,"name":"Site | Lille"}]},{"@type":"WebSite","@id":"https:\/\/www.charles-pozzi.fr\/#website","url":"https:\/\/www.charles-pozzi.fr\/","name":"Charles Pozzi Group","description":"D\u00e9couvrez l&#039;univers de l&#039;excellence automobile","publisher":{"@id":"https:\/\/www.charles-pozzi.fr\/#organization"},"potentialAction":[{"@type":"SearchAction","target":{"@type":"EntryPoint","urlTemplate":"https:\/\/www.charles-pozzi.fr\/?s={search_term_string}"},"query-input":{"@type":"PropertyValueSpecification","valueRequired":true,"valueName":"search_term_string"}}],"inLanguage":"en-US"},{"@type":"Organization","@id":"https:\/\/www.charles-pozzi.fr\/#organization","name":"Charles Pozzi","url":"https:\/\/www.charles-pozzi.fr\/","logo":{"@type":"ImageObject","inLanguage":"en-US","@id":"https:\/\/www.charles-pozzi.fr\/#\/schema\/logo\/image\/","url":"https:\/\/www.charles-pozzi.fr\/wp-content\/uploads\/2024\/09\/Logo-Charles-Pozzi.png","contentUrl":"https:\/\/www.charles-pozzi.fr\/wp-content\/uploads\/2024\/09\/Logo-Charles-Pozzi.png","width":212,"height":120,"caption":"Charles Pozzi"},"image":{"@id":"https:\/\/www.charles-pozzi.fr\/#\/schema\/logo\/image\/"}}]}},"_links":{"self":[{"href":"https:\/\/www.charles-pozzi.fr\/en\/wp-json\/wp\/v2\/pages\/12731","targetHints":{"allow":["GET"]}}],"collection":[{"href":"https:\/\/www.charles-pozzi.fr\/en\/wp-json\/wp\/v2\/pages"}],"about":[{"href":"https:\/\/www.charles-pozzi.fr\/en\/wp-json\/wp\/v2\/types\/page"}],"author":[{"embeddable":true,"href":"https:\/\/www.charles-pozzi.fr\/en\/wp-json\/wp\/v2\/users\/4"}],"replies":[{"embeddable":true,"href":"https:\/\/www.charles-pozzi.fr\/en\/wp-json\/wp\/v2\/comments?post=12731"}],"version-history":[{"count":71,"href":"https:\/\/www.charles-pozzi.fr\/en\/wp-json\/wp\/v2\/pages\/12731\/revisions"}],"predecessor-version":[{"id":13426,"href":"https:\/\/www.charles-pozzi.fr\/en\/wp-json\/wp\/v2\/pages\/12731\/revisions\/13426"}],"wp:attachment":[{"href":"https:\/\/www.charles-pozzi.fr\/en\/wp-json\/wp\/v2\/media?parent=12731"}],"curies":[{"name":"wp","href":"https:\/\/api.w.org\/{rel}","templated":true}]}}