{"id":15526,"date":"2025-05-07T16:12:20","date_gmt":"2025-05-07T14:12:20","guid":{"rendered":"https:\/\/www.charles-pozzi.fr\/?page_id=15526"},"modified":"2026-03-30T09:24:01","modified_gmt":"2026-03-30T07:24:01","slug":"charles-pozzi-monaco","status":"publish","type":"page","link":"https:\/\/www.charles-pozzi.fr\/en\/charles-pozzi-monaco\/","title":{"rendered":"Charles Pozzi Monaco"},"content":{"rendered":"<div data-elementor-type=\"wp-page\" data-elementor-id=\"15526\" class=\"elementor elementor-15526\" data-elementor-post-type=\"page\">\n\t\t\t\t\t\t<section class=\"elementor-section elementor-top-section elementor-element elementor-element-3e27dc2 elementor-section-height-min-height elementor-section-content-top elementor-section-boxed elementor-section-height-default elementor-section-items-middle\" data-id=\"3e27dc2\" data-element_type=\"section\" data-settings=\"{&quot;background_background&quot;:&quot;classic&quot;}\">\n\t\t\t\t\t\t<div class=\"elementor-container elementor-column-gap-default\">\n\t\t\t\t\t<div class=\"elementor-column elementor-col-100 elementor-top-column elementor-element elementor-element-2063aaf\" data-id=\"2063aaf\" data-element_type=\"column\">\n\t\t\t<div class=\"elementor-widget-wrap\">\n\t\t\t\t\t\t\t<\/div>\n\t\t<\/div>\n\t\t\t\t\t<\/div>\n\t\t<\/section>\n\t\t\t\t<section class=\"elementor-section elementor-top-section elementor-element elementor-element-af78b48 margin-top-title elementor-section-boxed elementor-section-height-default elementor-section-height-default\" data-id=\"af78b48\" data-element_type=\"section\">\n\t\t\t\t\t\t<div class=\"elementor-container elementor-column-gap-default\">\n\t\t\t\t\t<div class=\"elementor-column elementor-col-100 elementor-top-column elementor-element elementor-element-3288016\" data-id=\"3288016\" data-element_type=\"column\" data-settings=\"{&quot;background_background&quot;:&quot;classic&quot;}\">\n\t\t\t<div class=\"elementor-widget-wrap elementor-element-populated\">\n\t\t\t\t\t\t<div class=\"elementor-element elementor-element-fb04678 elementor-widget elementor-widget-text-editor\" data-id=\"fb04678\" data-element_type=\"widget\" data-widget_type=\"text-editor.default\">\n\t\t\t\t<div class=\"elementor-widget-container\">\n\t\t\t\t\t\t\t\t\t<p class=\"title-1\">Charles Pozzi MONACO<\/p>\t\t\t\t\t\t\t\t<\/div>\n\t\t\t\t<\/div>\n\t\t\t\t\t<\/div>\n\t\t<\/div>\n\t\t\t\t\t<\/div>\n\t\t<\/section>\n\t\t\t\t<section class=\"elementor-section elementor-top-section elementor-element elementor-element-9efe60e elementor-section-boxed elementor-section-height-default elementor-section-height-default\" data-id=\"9efe60e\" data-element_type=\"section\">\n\t\t\t\t\t\t<div class=\"elementor-container elementor-column-gap-default\">\n\t\t\t\t\t<div class=\"elementor-column elementor-col-100 elementor-top-column elementor-element elementor-element-8e33fca\" data-id=\"8e33fca\" data-element_type=\"column\">\n\t\t\t<div class=\"elementor-widget-wrap elementor-element-populated\">\n\t\t\t\t\t\t<div class=\"elementor-element elementor-element-fe4914c elementor-widget elementor-widget-text-editor\" data-id=\"fe4914c\" data-element_type=\"widget\" data-widget_type=\"text-editor.default\">\n\t\t\t\t<div class=\"elementor-widget-container\">\n\t\t\t\t\t\t\t\t\t<p>MONACO, A LAND OF LEGENDS FOR EXCEPTIONAL AUTOMOBILES<\/p>\t\t\t\t\t\t\t\t<\/div>\n\t\t\t\t<\/div>\n\t\t\t\t<div class=\"elementor-element elementor-element-f1b4ddf elementor-widget elementor-widget-text-editor\" data-id=\"f1b4ddf\" data-element_type=\"widget\" data-widget_type=\"text-editor.default\">\n\t\t\t\t<div class=\"elementor-widget-container\">\n\t\t\t\t\t\t\t\t\t<p class=\"\" data-start=\"229\" data-end=\"715\">Established in 2025 at 11 Boulevard Albert 1er, in the heart of one of the Principality\u2019s most emblematic locations, <strong data-start=\"344\" data-end=\"368\">Charles Pozzi Monaco<\/strong> site naturally finds its place within a setting steeped in history, just a few metres from the legendary Formula One Grand Prix circuit. <strong data-start=\"489\" data-end=\"525\">As an Authorised Volkswagen Dealer<\/strong>, <strong data-start=\"527\" data-end=\"547\">Authorised Service Centre<\/strong>, et distributeur officiel <strong data-start=\"574\" data-end=\"600\">and official distributor of Volkswagen Commercial Vehicles<\/strong>the site embodies the brand\u2019s excellence within a prestigious setting where automotive passion truly comes to life.<\/p><p class=\"\" data-start=\"717\" data-end=\"1139\">From the showroom\u2019s large glass windows, one can glimpse the straight leading to the famous Sainte-D\u00e9vote corner, where the greatest names in motorsport have made history. A true showcase of the Charles Pozzi expertise, the space also presents an exclusive selection of pre-owned vehicles from various brands, certified under the <strong data-start=\"1052\" data-end=\"1078\">Charles Pozzi Approved label<\/strong>including rare, collectible, and iconic models.<\/p><p class=\"\" data-start=\"1141\" data-end=\"1300\">Far more than a simple point of sale, <strong data-start=\"1180\" data-end=\"1204\">Charles Pozzi Monaco<\/strong> is a vibrant destination at the crossroads of performance, elegance, and automotive culture.<\/p><p class=\"\" data-start=\"1302\" data-end=\"1564\">Discover a unique selection of pre-owned vehicles, benefit from the expertise of a <strong data-start=\"1393\" data-end=\"1427\">Volkswagen after-sales service<\/strong> meeting the highest standards, and experience Charles Pozzi within a prestigious Monegasque setting, where legend meets modernity.<\/p>\t\t\t\t\t\t\t\t<\/div>\n\t\t\t\t<\/div>\n\t\t\t\t\t<\/div>\n\t\t<\/div>\n\t\t\t\t\t<\/div>\n\t\t<\/section>\n\t\t\t\t<section class=\"elementor-section elementor-top-section elementor-element elementor-element-d6f4c7c elementor-section-boxed elementor-section-height-default elementor-section-height-default\" data-id=\"d6f4c7c\" data-element_type=\"section\">\n\t\t\t\t\t\t<div class=\"elementor-container elementor-column-gap-default\">\n\t\t\t\t\t<div class=\"elementor-column elementor-col-50 elementor-top-column elementor-element elementor-element-27cf374\" data-id=\"27cf374\" data-element_type=\"column\" data-settings=\"{&quot;background_background&quot;:&quot;classic&quot;}\">\n\t\t\t<div class=\"elementor-widget-wrap elementor-element-populated\">\n\t\t\t\t\t\t<div class=\"elementor-element elementor-element-d9f9685 elementor-widget elementor-widget-image\" data-id=\"d9f9685\" data-element_type=\"widget\" data-widget_type=\"image.default\">\n\t\t\t\t<div class=\"elementor-widget-container\">\n\t\t\t\t\t\t\t\t\t\t\t\t\t\t\t\t<a href=\"https:\/\/www.charles-pozzi.fr\/en\/site-monaco-volkwagen\/\">\n\t\t\t\t\t\t\t<img fetchpriority=\"high\" decoding=\"async\" width=\"800\" height=\"534\" src=\"https:\/\/www.charles-pozzi.fr\/wp-content\/uploads\/2026\/03\/DSC6019-1024x683.jpg\" class=\"attachment-large size-large wp-image-17719\" alt=\"\" srcset=\"https:\/\/www.charles-pozzi.fr\/wp-content\/uploads\/2026\/03\/DSC6019-1024x683.jpg 1024w, https:\/\/www.charles-pozzi.fr\/wp-content\/uploads\/2026\/03\/DSC6019-300x200.jpg 300w, https:\/\/www.charles-pozzi.fr\/wp-content\/uploads\/2026\/03\/DSC6019-768x512.jpg 768w, https:\/\/www.charles-pozzi.fr\/wp-content\/uploads\/2026\/03\/DSC6019-1536x1024.jpg 1536w, https:\/\/www.charles-pozzi.fr\/wp-content\/uploads\/2026\/03\/DSC6019-2048x1365.jpg 2048w, https:\/\/www.charles-pozzi.fr\/wp-content\/uploads\/2026\/03\/DSC6019-18x12.jpg 18w\" sizes=\"(max-width: 800px) 100vw, 800px\" \/>\t\t\t\t\t\t\t\t<\/a>\n\t\t\t\t\t\t\t\t\t\t\t\t\t\t\t<\/div>\n\t\t\t\t<\/div>\n\t\t\t\t<div class=\"elementor-element elementor-element-92660cd elementor-widget elementor-widget-heading\" data-id=\"92660cd\" data-element_type=\"widget\" data-widget_type=\"heading.default\">\n\t\t\t\t<div class=\"elementor-widget-container\">\n\t\t\t\t\t<h3 class=\"elementor-heading-title elementor-size-default\">Volkswagen<\/h3>\t\t\t\t<\/div>\n\t\t\t\t<\/div>\n\t\t\t\t<div class=\"elementor-element elementor-element-264854d elementor-widget elementor-widget-text-editor\" data-id=\"264854d\" data-element_type=\"widget\" data-widget_type=\"text-editor.default\">\n\t\t\t\t<div class=\"elementor-widget-container\">\n\t\t\t\t\t\t\t\t\t<p>Meet our Volkswagen team.<\/p>\t\t\t\t\t\t\t\t<\/div>\n\t\t\t\t<\/div>\n\t\t\t\t<div class=\"elementor-element elementor-element-e811b6b elementor-widget elementor-widget-text-editor\" data-id=\"e811b6b\" data-element_type=\"widget\" data-widget_type=\"text-editor.default\">\n\t\t\t\t<div class=\"elementor-widget-container\">\n\t\t\t\t\t\t\t\t\t<p><a class=\"cta-white\" href=\"https:\/\/www.charles-pozzi.fr\/en\/site-monaco-volkwagen\/\" target=\"_blank\" rel=\"noopener\">Learn more<\/a><\/p>\t\t\t\t\t\t\t\t<\/div>\n\t\t\t\t<\/div>\n\t\t\t\t\t<\/div>\n\t\t<\/div>\n\t\t\t\t<div class=\"elementor-column elementor-col-50 elementor-top-column elementor-element elementor-element-338f4ff\" data-id=\"338f4ff\" data-element_type=\"column\" data-settings=\"{&quot;background_background&quot;:&quot;classic&quot;}\">\n\t\t\t<div class=\"elementor-widget-wrap elementor-element-populated\">\n\t\t\t\t\t\t<div class=\"elementor-element elementor-element-7ed8234 elementor-widget elementor-widget-image\" data-id=\"7ed8234\" data-element_type=\"widget\" data-widget_type=\"image.default\">\n\t\t\t\t<div class=\"elementor-widget-container\">\n\t\t\t\t\t\t\t\t\t\t\t\t\t\t\t\t<a href=\"https:\/\/www.charles-pozzi.fr\/en\/site-monaco-charles-pozzi-approved\/\">\n\t\t\t\t\t\t\t<img decoding=\"async\" width=\"800\" height=\"402\" src=\"https:\/\/www.charles-pozzi.fr\/wp-content\/uploads\/2025\/07\/xcvx-1024x514.jpg\" class=\"attachment-large size-large wp-image-15877\" alt=\"\" srcset=\"https:\/\/www.charles-pozzi.fr\/wp-content\/uploads\/2025\/07\/xcvx-1024x514.jpg 1024w, https:\/\/www.charles-pozzi.fr\/wp-content\/uploads\/2025\/07\/xcvx-300x151.jpg 300w, https:\/\/www.charles-pozzi.fr\/wp-content\/uploads\/2025\/07\/xcvx-768x386.jpg 768w, https:\/\/www.charles-pozzi.fr\/wp-content\/uploads\/2025\/07\/xcvx-1536x772.jpg 1536w, https:\/\/www.charles-pozzi.fr\/wp-content\/uploads\/2025\/07\/xcvx-2048x1029.jpg 2048w, https:\/\/www.charles-pozzi.fr\/wp-content\/uploads\/2025\/07\/xcvx-18x9.jpg 18w\" sizes=\"(max-width: 800px) 100vw, 800px\" \/>\t\t\t\t\t\t\t\t<\/a>\n\t\t\t\t\t\t\t\t\t\t\t\t\t\t\t<\/div>\n\t\t\t\t<\/div>\n\t\t\t\t<div class=\"elementor-element elementor-element-7f3e726 elementor-widget elementor-widget-heading\" data-id=\"7f3e726\" data-element_type=\"widget\" data-widget_type=\"heading.default\">\n\t\t\t\t<div class=\"elementor-widget-container\">\n\t\t\t\t\t<h3 class=\"elementor-heading-title elementor-size-default\">Charles Pozzi approved<\/h3>\t\t\t\t<\/div>\n\t\t\t\t<\/div>\n\t\t\t\t<div class=\"elementor-element elementor-element-4470e08 elementor-widget elementor-widget-text-editor\" data-id=\"4470e08\" data-element_type=\"widget\" data-widget_type=\"text-editor.default\">\n\t\t\t\t<div class=\"elementor-widget-container\">\n\t\t\t\t\t\t\t\t\t<p>Through our label, we put our know-how at your disposal to guarantee you products of excellence.<\/p>\t\t\t\t\t\t\t\t<\/div>\n\t\t\t\t<\/div>\n\t\t\t\t<div class=\"elementor-element elementor-element-3f848c0 elementor-widget elementor-widget-text-editor\" data-id=\"3f848c0\" data-element_type=\"widget\" data-widget_type=\"text-editor.default\">\n\t\t\t\t<div class=\"elementor-widget-container\">\n\t\t\t\t\t\t\t\t\t<p><a class=\"cta-white\" href=\"https:\/\/www.charles-pozzi.fr\/en\/site-monaco-charles-pozzi-approved\/\" target=\"_blank\" rel=\"noopener\" data-wplink-edit=\"true\">Learn more<\/a><\/p>\t\t\t\t\t\t\t\t<\/div>\n\t\t\t\t<\/div>\n\t\t\t\t\t<\/div>\n\t\t<\/div>\n\t\t\t\t\t<\/div>\n\t\t<\/section>\n\t\t\t\t<section class=\"elementor-section elementor-top-section elementor-element elementor-element-7f98a47 elementor-section-boxed elementor-section-height-default elementor-section-height-default\" data-id=\"7f98a47\" data-element_type=\"section\">\n\t\t\t\t\t\t<div class=\"elementor-container elementor-column-gap-default\">\n\t\t\t\t\t<div class=\"elementor-column elementor-col-100 elementor-top-column elementor-element elementor-element-5eb7549\" data-id=\"5eb7549\" data-element_type=\"column\">\n\t\t\t<div class=\"elementor-widget-wrap elementor-element-populated\">\n\t\t\t\t\t\t<div class=\"elementor-element elementor-element-fea3aaa elementor-widget elementor-widget-spacer\" data-id=\"fea3aaa\" data-element_type=\"widget\" data-widget_type=\"spacer.default\">\n\t\t\t\t<div class=\"elementor-widget-container\">\n\t\t\t\t\t\t\t<div class=\"elementor-spacer\">\n\t\t\t<div class=\"elementor-spacer-inner\"><\/div>\n\t\t<\/div>\n\t\t\t\t\t\t<\/div>\n\t\t\t\t<\/div>\n\t\t\t\t\t<\/div>\n\t\t<\/div>\n\t\t\t\t\t<\/div>\n\t\t<\/section>\n\t\t\t\t<\/div>","protected":false},"excerpt":{"rendered":"<p>Charles Pozzi MONACO MONACO, TERRE DE L\u00c9GENDES\u00a0 POUR L&rsquo;AUTOMOBILE D&rsquo;EXCEPTION Pr\u00e9sent depuis 2025 au 11 boulevard Albert 1er, au c\u0153ur d\u2019un lieu embl\u00e9matique de la principaut\u00e9, le nouveau site Charles Pozzi Monaco s\u2019impose naturellement dans un d\u00e9cor charg\u00e9 d\u2019histoire, \u00e0 quelques m\u00e8tres du mythique trac\u00e9 du Grand Prix de Formule 1. Concessionnaire Agr\u00e9\u00e9 Volkswagen, R\u00e9parateur [&hellip;]<\/p>\n","protected":false},"author":4,"featured_media":0,"parent":0,"menu_order":0,"comment_status":"closed","ping_status":"closed","template":"elementor_header_footer","meta":{"inline_featured_image":false,"footnotes":""},"class_list":["post-15526","page","type-page","status-publish","hentry"],"yoast_head":"<!-- This site is optimized with the Yoast SEO plugin v27.3 - https:\/\/yoast.com\/product\/yoast-seo-wordpress\/ -->\n<title>Charles Pozzi Monaco - D\u00e9couvrez l&#039;univers de la Passion<\/title>\n<meta name=\"description\" content=\"Retrouvez notre s\u00e9lection de v\u00e9hicules d\u2019occasion d\u2019exception Charles Pozzi Approved. Distributeur et r\u00e9parateur Agr\u00e9\u00e9 Volkswagen\" \/>\n<meta name=\"robots\" content=\"index, follow, max-snippet:-1, max-image-preview:large, max-video-preview:-1\" \/>\n<link rel=\"canonical\" href=\"https:\/\/www.charles-pozzi.fr\/en\/charles-pozzi-monaco\/\" \/>\n<meta property=\"og:locale\" content=\"en_US\" \/>\n<meta property=\"og:type\" content=\"article\" \/>\n<meta property=\"og:title\" content=\"Charles Pozzi Monaco - D\u00e9couvrez l&#039;univers de la Passion\" \/>\n<meta property=\"og:description\" content=\"Retrouvez notre s\u00e9lection de v\u00e9hicules d\u2019occasion d\u2019exception Charles Pozzi Approved. Distributeur et r\u00e9parateur Agr\u00e9\u00e9 Volkswagen\" \/>\n<meta property=\"og:url\" content=\"https:\/\/www.charles-pozzi.fr\/en\/charles-pozzi-monaco\/\" \/>\n<meta property=\"og:site_name\" content=\"Groupe Charles Pozzi\" \/>\n<meta property=\"article:modified_time\" content=\"2026-03-30T07:24:01+00:00\" \/>\n<meta property=\"og:image\" content=\"https:\/\/www.charles-pozzi.fr\/wp-content\/uploads\/2026\/03\/DSC6019-scaled.jpg\" \/>\n\t<meta property=\"og:image:width\" content=\"2560\" \/>\n\t<meta property=\"og:image:height\" content=\"1707\" \/>\n\t<meta property=\"og:image:type\" content=\"image\/jpeg\" \/>\n<meta name=\"twitter:card\" content=\"summary_large_image\" \/>\n<meta name=\"twitter:label1\" content=\"Est. reading time\" \/>\n\t<meta name=\"twitter:data1\" content=\"2 minutes\" \/>\n<script type=\"application\/ld+json\" class=\"yoast-schema-graph\">{\"@context\":\"https:\\\/\\\/schema.org\",\"@graph\":[{\"@type\":\"WebPage\",\"@id\":\"https:\\\/\\\/www.charles-pozzi.fr\\\/charles-pozzi-monaco\\\/\",\"url\":\"https:\\\/\\\/www.charles-pozzi.fr\\\/charles-pozzi-monaco\\\/\",\"name\":\"Charles Pozzi Monaco - D\u00e9couvrez l'univers de la Passion\",\"isPartOf\":{\"@id\":\"https:\\\/\\\/www.charles-pozzi.fr\\\/#website\"},\"primaryImageOfPage\":{\"@id\":\"https:\\\/\\\/www.charles-pozzi.fr\\\/charles-pozzi-monaco\\\/#primaryimage\"},\"image\":{\"@id\":\"https:\\\/\\\/www.charles-pozzi.fr\\\/charles-pozzi-monaco\\\/#primaryimage\"},\"thumbnailUrl\":\"https:\\\/\\\/www.charles-pozzi.fr\\\/wp-content\\\/uploads\\\/2026\\\/03\\\/DSC6019-1024x683.jpg\",\"datePublished\":\"2025-05-07T14:12:20+00:00\",\"dateModified\":\"2026-03-30T07:24:01+00:00\",\"description\":\"Retrouvez notre s\u00e9lection de v\u00e9hicules d\u2019occasion d\u2019exception Charles Pozzi Approved. Distributeur et r\u00e9parateur Agr\u00e9\u00e9 Volkswagen\",\"breadcrumb\":{\"@id\":\"https:\\\/\\\/www.charles-pozzi.fr\\\/charles-pozzi-monaco\\\/#breadcrumb\"},\"inLanguage\":\"en-US\",\"potentialAction\":[{\"@type\":\"ReadAction\",\"target\":[\"https:\\\/\\\/www.charles-pozzi.fr\\\/charles-pozzi-monaco\\\/\"]}]},{\"@type\":\"ImageObject\",\"inLanguage\":\"en-US\",\"@id\":\"https:\\\/\\\/www.charles-pozzi.fr\\\/charles-pozzi-monaco\\\/#primaryimage\",\"url\":\"https:\\\/\\\/www.charles-pozzi.fr\\\/wp-content\\\/uploads\\\/2026\\\/03\\\/DSC6019-1024x683.jpg\",\"contentUrl\":\"https:\\\/\\\/www.charles-pozzi.fr\\\/wp-content\\\/uploads\\\/2026\\\/03\\\/DSC6019-1024x683.jpg\"},{\"@type\":\"BreadcrumbList\",\"@id\":\"https:\\\/\\\/www.charles-pozzi.fr\\\/charles-pozzi-monaco\\\/#breadcrumb\",\"itemListElement\":[{\"@type\":\"ListItem\",\"position\":1,\"name\":\"Home\",\"item\":\"https:\\\/\\\/www.charles-pozzi.fr\\\/\"},{\"@type\":\"ListItem\",\"position\":2,\"name\":\"Charles Pozzi Monaco\"}]},{\"@type\":\"WebSite\",\"@id\":\"https:\\\/\\\/www.charles-pozzi.fr\\\/#website\",\"url\":\"https:\\\/\\\/www.charles-pozzi.fr\\\/\",\"name\":\"Groupe Charles Pozzi\",\"description\":\"D\u00e9couvrez l&#039;univers de l&#039;excellence automobile\",\"publisher\":{\"@id\":\"https:\\\/\\\/www.charles-pozzi.fr\\\/#organization\"},\"potentialAction\":[{\"@type\":\"SearchAction\",\"target\":{\"@type\":\"EntryPoint\",\"urlTemplate\":\"https:\\\/\\\/www.charles-pozzi.fr\\\/?s={search_term_string}\"},\"query-input\":{\"@type\":\"PropertyValueSpecification\",\"valueRequired\":true,\"valueName\":\"search_term_string\"}}],\"inLanguage\":\"en-US\"},{\"@type\":\"Organization\",\"@id\":\"https:\\\/\\\/www.charles-pozzi.fr\\\/#organization\",\"name\":\"Charles Pozzi\",\"url\":\"https:\\\/\\\/www.charles-pozzi.fr\\\/\",\"logo\":{\"@type\":\"ImageObject\",\"inLanguage\":\"en-US\",\"@id\":\"https:\\\/\\\/www.charles-pozzi.fr\\\/#\\\/schema\\\/logo\\\/image\\\/\",\"url\":\"https:\\\/\\\/www.charles-pozzi.fr\\\/wp-content\\\/uploads\\\/2024\\\/09\\\/Logo-Charles-Pozzi.png\",\"contentUrl\":\"https:\\\/\\\/www.charles-pozzi.fr\\\/wp-content\\\/uploads\\\/2024\\\/09\\\/Logo-Charles-Pozzi.png\",\"width\":212,\"height\":120,\"caption\":\"Charles Pozzi\"},\"image\":{\"@id\":\"https:\\\/\\\/www.charles-pozzi.fr\\\/#\\\/schema\\\/logo\\\/image\\\/\"}}]}<\/script>\n<!-- \/ Yoast SEO plugin. -->","yoast_head_json":{"title":"Charles Pozzi Monaco - D\u00e9couvrez l'univers de la Passion","description":"Retrouvez notre s\u00e9lection de v\u00e9hicules d\u2019occasion d\u2019exception Charles Pozzi Approved. Distributeur et r\u00e9parateur Agr\u00e9\u00e9 Volkswagen","robots":{"index":"index","follow":"follow","max-snippet":"max-snippet:-1","max-image-preview":"max-image-preview:large","max-video-preview":"max-video-preview:-1"},"canonical":"https:\/\/www.charles-pozzi.fr\/en\/charles-pozzi-monaco\/","og_locale":"en_US","og_type":"article","og_title":"Charles Pozzi Monaco - D\u00e9couvrez l'univers de la Passion","og_description":"Retrouvez notre s\u00e9lection de v\u00e9hicules d\u2019occasion d\u2019exception Charles Pozzi Approved. Distributeur et r\u00e9parateur Agr\u00e9\u00e9 Volkswagen","og_url":"https:\/\/www.charles-pozzi.fr\/en\/charles-pozzi-monaco\/","og_site_name":"Groupe Charles Pozzi","article_modified_time":"2026-03-30T07:24:01+00:00","og_image":[{"width":2560,"height":1707,"url":"https:\/\/www.charles-pozzi.fr\/wp-content\/uploads\/2026\/03\/DSC6019-scaled.jpg","type":"image\/jpeg"}],"twitter_card":"summary_large_image","twitter_misc":{"Est. reading time":"2 minutes"},"schema":{"@context":"https:\/\/schema.org","@graph":[{"@type":"WebPage","@id":"https:\/\/www.charles-pozzi.fr\/charles-pozzi-monaco\/","url":"https:\/\/www.charles-pozzi.fr\/charles-pozzi-monaco\/","name":"Charles Pozzi Monaco - D\u00e9couvrez l'univers de la Passion","isPartOf":{"@id":"https:\/\/www.charles-pozzi.fr\/#website"},"primaryImageOfPage":{"@id":"https:\/\/www.charles-pozzi.fr\/charles-pozzi-monaco\/#primaryimage"},"image":{"@id":"https:\/\/www.charles-pozzi.fr\/charles-pozzi-monaco\/#primaryimage"},"thumbnailUrl":"https:\/\/www.charles-pozzi.fr\/wp-content\/uploads\/2026\/03\/DSC6019-1024x683.jpg","datePublished":"2025-05-07T14:12:20+00:00","dateModified":"2026-03-30T07:24:01+00:00","description":"Retrouvez notre s\u00e9lection de v\u00e9hicules d\u2019occasion d\u2019exception Charles Pozzi Approved. Distributeur et r\u00e9parateur Agr\u00e9\u00e9 Volkswagen","breadcrumb":{"@id":"https:\/\/www.charles-pozzi.fr\/charles-pozzi-monaco\/#breadcrumb"},"inLanguage":"en-US","potentialAction":[{"@type":"ReadAction","target":["https:\/\/www.charles-pozzi.fr\/charles-pozzi-monaco\/"]}]},{"@type":"ImageObject","inLanguage":"en-US","@id":"https:\/\/www.charles-pozzi.fr\/charles-pozzi-monaco\/#primaryimage","url":"https:\/\/www.charles-pozzi.fr\/wp-content\/uploads\/2026\/03\/DSC6019-1024x683.jpg","contentUrl":"https:\/\/www.charles-pozzi.fr\/wp-content\/uploads\/2026\/03\/DSC6019-1024x683.jpg"},{"@type":"BreadcrumbList","@id":"https:\/\/www.charles-pozzi.fr\/charles-pozzi-monaco\/#breadcrumb","itemListElement":[{"@type":"ListItem","position":1,"name":"Home","item":"https:\/\/www.charles-pozzi.fr\/"},{"@type":"ListItem","position":2,"name":"Charles Pozzi Monaco"}]},{"@type":"WebSite","@id":"https:\/\/www.charles-pozzi.fr\/#website","url":"https:\/\/www.charles-pozzi.fr\/","name":"Charles Pozzi Group","description":"D\u00e9couvrez l&#039;univers de l&#039;excellence automobile","publisher":{"@id":"https:\/\/www.charles-pozzi.fr\/#organization"},"potentialAction":[{"@type":"SearchAction","target":{"@type":"EntryPoint","urlTemplate":"https:\/\/www.charles-pozzi.fr\/?s={search_term_string}"},"query-input":{"@type":"PropertyValueSpecification","valueRequired":true,"valueName":"search_term_string"}}],"inLanguage":"en-US"},{"@type":"Organization","@id":"https:\/\/www.charles-pozzi.fr\/#organization","name":"Charles Pozzi","url":"https:\/\/www.charles-pozzi.fr\/","logo":{"@type":"ImageObject","inLanguage":"en-US","@id":"https:\/\/www.charles-pozzi.fr\/#\/schema\/logo\/image\/","url":"https:\/\/www.charles-pozzi.fr\/wp-content\/uploads\/2024\/09\/Logo-Charles-Pozzi.png","contentUrl":"https:\/\/www.charles-pozzi.fr\/wp-content\/uploads\/2024\/09\/Logo-Charles-Pozzi.png","width":212,"height":120,"caption":"Charles Pozzi"},"image":{"@id":"https:\/\/www.charles-pozzi.fr\/#\/schema\/logo\/image\/"}}]}},"_links":{"self":[{"href":"https:\/\/www.charles-pozzi.fr\/en\/wp-json\/wp\/v2\/pages\/15526","targetHints":{"allow":["GET"]}}],"collection":[{"href":"https:\/\/www.charles-pozzi.fr\/en\/wp-json\/wp\/v2\/pages"}],"about":[{"href":"https:\/\/www.charles-pozzi.fr\/en\/wp-json\/wp\/v2\/types\/page"}],"author":[{"embeddable":true,"href":"https:\/\/www.charles-pozzi.fr\/en\/wp-json\/wp\/v2\/users\/4"}],"replies":[{"embeddable":true,"href":"https:\/\/www.charles-pozzi.fr\/en\/wp-json\/wp\/v2\/comments?post=15526"}],"version-history":[{"count":60,"href":"https:\/\/www.charles-pozzi.fr\/en\/wp-json\/wp\/v2\/pages\/15526\/revisions"}],"predecessor-version":[{"id":17843,"href":"https:\/\/www.charles-pozzi.fr\/en\/wp-json\/wp\/v2\/pages\/15526\/revisions\/17843"}],"wp:attachment":[{"href":"https:\/\/www.charles-pozzi.fr\/en\/wp-json\/wp\/v2\/media?parent=15526"}],"curies":[{"name":"wp","href":"https:\/\/api.w.org\/{rel}","templated":true}]}}