{"id":17446,"date":"2026-03-12T17:35:26","date_gmt":"2026-03-12T16:35:26","guid":{"rendered":"https:\/\/www.charles-pozzi.fr\/?page_id=17446"},"modified":"2026-03-24T11:06:31","modified_gmt":"2026-03-24T10:06:31","slug":"charles-pozzi-le-bourget","status":"publish","type":"page","link":"https:\/\/www.charles-pozzi.fr\/en\/charles-pozzi-le-bourget\/","title":{"rendered":"Charles Pozzi Le Bourget"},"content":{"rendered":"<div data-elementor-type=\"wp-page\" data-elementor-id=\"17446\" class=\"elementor elementor-17446\" data-elementor-post-type=\"page\">\n\t\t\t\t\t\t<section class=\"elementor-section elementor-top-section elementor-element elementor-element-3e27dc2 elementor-section-height-min-height elementor-section-content-top elementor-section-boxed elementor-section-height-default elementor-section-items-middle\" data-id=\"3e27dc2\" data-element_type=\"section\" data-settings=\"{&quot;background_background&quot;:&quot;classic&quot;}\">\n\t\t\t\t\t\t<div class=\"elementor-container elementor-column-gap-default\">\n\t\t\t\t\t<div class=\"elementor-column elementor-col-100 elementor-top-column elementor-element elementor-element-2063aaf\" data-id=\"2063aaf\" data-element_type=\"column\">\n\t\t\t<div class=\"elementor-widget-wrap\">\n\t\t\t\t\t\t\t<\/div>\n\t\t<\/div>\n\t\t\t\t\t<\/div>\n\t\t<\/section>\n\t\t\t\t<section class=\"elementor-section elementor-top-section elementor-element elementor-element-af78b48 margin-top-title elementor-section-boxed elementor-section-height-default elementor-section-height-default\" data-id=\"af78b48\" data-element_type=\"section\">\n\t\t\t\t\t\t<div class=\"elementor-container elementor-column-gap-default\">\n\t\t\t\t\t<div class=\"elementor-column elementor-col-100 elementor-top-column elementor-element elementor-element-3288016\" data-id=\"3288016\" data-element_type=\"column\" data-settings=\"{&quot;background_background&quot;:&quot;classic&quot;}\">\n\t\t\t<div class=\"elementor-widget-wrap elementor-element-populated\">\n\t\t\t\t\t\t<div class=\"elementor-element elementor-element-fb04678 elementor-widget elementor-widget-text-editor\" data-id=\"fb04678\" data-element_type=\"widget\" data-widget_type=\"text-editor.default\">\n\t\t\t\t<div class=\"elementor-widget-container\">\n\t\t\t\t\t\t\t\t\t<p class=\"title-1\">Charles Pozzi Le bourget<\/p>\t\t\t\t\t\t\t\t<\/div>\n\t\t\t\t<\/div>\n\t\t\t\t\t<\/div>\n\t\t<\/div>\n\t\t\t\t\t<\/div>\n\t\t<\/section>\n\t\t\t\t<section class=\"elementor-section elementor-top-section elementor-element elementor-element-9efe60e elementor-section-boxed elementor-section-height-default elementor-section-height-default\" data-id=\"9efe60e\" data-element_type=\"section\">\n\t\t\t\t\t\t<div class=\"elementor-container elementor-column-gap-wider\">\n\t\t\t\t\t<div class=\"elementor-column elementor-col-100 elementor-top-column elementor-element elementor-element-8e33fca\" data-id=\"8e33fca\" data-element_type=\"column\">\n\t\t\t<div class=\"elementor-widget-wrap elementor-element-populated\">\n\t\t\t\t\t\t<div class=\"elementor-element elementor-element-fe4914c elementor-widget elementor-widget-text-editor\" data-id=\"fe4914c\" data-element_type=\"widget\" data-widget_type=\"text-editor.default\">\n\t\t\t\t<div class=\"elementor-widget-container\">\n\t\t\t\t\t\t\t\t\t<p>LE BOURGET, A NEW MEETING POINT FOR AUTOMOTIVE ENTHUSIASTS<\/p>\t\t\t\t\t\t\t\t<\/div>\n\t\t\t\t<\/div>\n\t\t\t\t<div class=\"elementor-element elementor-element-f1b4ddf elementor-widget elementor-widget-text-editor\" data-id=\"f1b4ddf\" data-element_type=\"widget\" data-widget_type=\"text-editor.default\">\n\t\t\t\t<div class=\"elementor-widget-container\">\n\t\t\t\t\t\t\t\t\t<p data-start=\"307\" data-end=\"690\">The Charles Pozzi Approved Le Bourget site, opened in 2026, stands as a destination dedicated to enthusiasts of exceptional automobiles. Designed as a place of expertise and passion, it brings together the know-how of the Charles Pozzi Group around a carefully curated selection of models and bespoke services.<\/p>\n<p data-start=\"307\" data-end=\"690\"><br><\/p>\n<p data-start=\"307\" data-end=\"690\"><br><\/p>\n<p data-start=\"307\" data-end=\"690\">The vehicles presented are carefully selected in accordance with the standards of the Charles Pozzi Approved label and undergo meticulous preparation to ensure quality, traceability, and impeccable presentation, whether contemporary sports cars, rare models, or iconic vehicles.<\/p>\n<p data-start=\"1049\" data-end=\"1386\">\n<\/p><p data-start=\"1049\" data-end=\"1386\">\n<\/p><p data-start=\"1049\" data-end=\"1386\">\n<\/p><p data-start=\"1049\" data-end=\"1386\"><br><\/p>\n<p data-start=\"1049\" data-end=\"1386\">Beyond vehicle sales, Charles Pozzi Le Bourget supports its clients at every stage of their automotive project: purchase, trade-in, consignment sale, or tailored financing solutions. The expertise of our teams ensures precise guidance in a space designed as a meeting place for enthusiasts, faithful to the standards and heritage of the Charles Pozzi house.<\/p>\n<p data-start=\"454\" data-end=\"689\"><br><\/p>\t\t\t\t\t\t\t\t<\/div>\n\t\t\t\t<\/div>\n\t\t\t\t\t<\/div>\n\t\t<\/div>\n\t\t\t\t\t<\/div>\n\t\t<\/section>\n\t\t\t\t<section class=\"elementor-section elementor-top-section elementor-element elementor-element-7f98a47 elementor-section-boxed elementor-section-height-default elementor-section-height-default\" data-id=\"7f98a47\" data-element_type=\"section\">\n\t\t\t\t\t\t<div class=\"elementor-container elementor-column-gap-default\">\n\t\t\t\t\t<div class=\"elementor-column elementor-col-100 elementor-top-column elementor-element elementor-element-5eb7549\" data-id=\"5eb7549\" data-element_type=\"column\">\n\t\t\t<div class=\"elementor-widget-wrap elementor-element-populated\">\n\t\t\t\t\t\t<div class=\"elementor-element elementor-element-fea3aaa elementor-widget elementor-widget-spacer\" data-id=\"fea3aaa\" data-element_type=\"widget\" data-widget_type=\"spacer.default\">\n\t\t\t\t<div class=\"elementor-widget-container\">\n\t\t\t\t\t\t\t<div class=\"elementor-spacer\">\n\t\t\t<div class=\"elementor-spacer-inner\"><\/div>\n\t\t<\/div>\n\t\t\t\t\t\t<\/div>\n\t\t\t\t<\/div>\n\t\t\t\t\t<\/div>\n\t\t<\/div>\n\t\t\t\t\t<\/div>\n\t\t<\/section>\n\t\t\t\t<section class=\"elementor-section elementor-top-section elementor-element elementor-element-305abef elementor-section-boxed elementor-section-height-default elementor-section-height-default\" data-id=\"305abef\" data-element_type=\"section\">\n\t\t\t\t\t\t<div class=\"elementor-container elementor-column-gap-default\">\n\t\t\t\t\t<div class=\"elementor-column elementor-col-100 elementor-top-column elementor-element elementor-element-db78ecc\" data-id=\"db78ecc\" data-element_type=\"column\" data-settings=\"{&quot;background_background&quot;:&quot;classic&quot;}\">\n\t\t\t<div class=\"elementor-widget-wrap elementor-element-populated\">\n\t\t\t\t\t\t<div class=\"elementor-element elementor-element-7ed8234 elementor-widget elementor-widget-image\" data-id=\"7ed8234\" data-element_type=\"widget\" data-widget_type=\"image.default\">\n\t\t\t\t<div class=\"elementor-widget-container\">\n\t\t\t\t\t\t\t\t\t\t\t\t\t\t\t\t<a href=\"https:\/\/www.charles-pozzi.fr\/en\/site-le-bourget-charles-pozzi-approved\/\">\n\t\t\t\t\t\t\t<img fetchpriority=\"high\" decoding=\"async\" width=\"2048\" height=\"1365\" src=\"https:\/\/www.charles-pozzi.fr\/wp-content\/uploads\/2026\/03\/DSC5397-1.jpg\" class=\"attachment-full size-full wp-image-17511\" alt=\"\" srcset=\"https:\/\/www.charles-pozzi.fr\/wp-content\/uploads\/2026\/03\/DSC5397-1.jpg 2048w, https:\/\/www.charles-pozzi.fr\/wp-content\/uploads\/2026\/03\/DSC5397-1-300x200.jpg 300w, https:\/\/www.charles-pozzi.fr\/wp-content\/uploads\/2026\/03\/DSC5397-1-1024x683.jpg 1024w, https:\/\/www.charles-pozzi.fr\/wp-content\/uploads\/2026\/03\/DSC5397-1-768x512.jpg 768w, https:\/\/www.charles-pozzi.fr\/wp-content\/uploads\/2026\/03\/DSC5397-1-1536x1024.jpg 1536w, https:\/\/www.charles-pozzi.fr\/wp-content\/uploads\/2026\/03\/DSC5397-1-18x12.jpg 18w\" sizes=\"(max-width: 2048px) 100vw, 2048px\" \/>\t\t\t\t\t\t\t\t<\/a>\n\t\t\t\t\t\t\t\t\t\t\t\t\t\t\t<\/div>\n\t\t\t\t<\/div>\n\t\t\t\t<div class=\"elementor-element elementor-element-98b012d elementor-widget elementor-widget-heading\" data-id=\"98b012d\" data-element_type=\"widget\" data-widget_type=\"heading.default\">\n\t\t\t\t<div class=\"elementor-widget-container\">\n\t\t\t\t\t<h3 class=\"elementor-heading-title elementor-size-default\">Charles Pozzi approved<\/h3>\t\t\t\t<\/div>\n\t\t\t\t<\/div>\n\t\t\t\t<div class=\"elementor-element elementor-element-bf21dd0 elementor-widget elementor-widget-text-editor\" data-id=\"bf21dd0\" data-element_type=\"widget\" data-widget_type=\"text-editor.default\">\n\t\t\t\t<div class=\"elementor-widget-container\">\n\t\t\t\t\t\t\t\t\t<p data-start=\"307\" data-end=\"690\">Through our label, we place our expertise at your disposal to ensure vehicles of the highest standards of excellence.\u00a0<\/p>\t\t\t\t\t\t\t\t<\/div>\n\t\t\t\t<\/div>\n\t\t\t\t<div class=\"elementor-element elementor-element-c246b85 elementor-widget elementor-widget-text-editor\" data-id=\"c246b85\" data-element_type=\"widget\" data-widget_type=\"text-editor.default\">\n\t\t\t\t<div class=\"elementor-widget-container\">\n\t\t\t\t\t\t\t\t\t<p><a class=\"cta-white\" href=\"https:\/\/www.charles-pozzi.fr\/en\/site-le-bourget-charles-pozzi-approved\/\" target=\"_blank\" rel=\"noopener\">Learn more<\/a><\/p>\t\t\t\t\t\t\t\t<\/div>\n\t\t\t\t<\/div>\n\t\t\t\t\t<\/div>\n\t\t<\/div>\n\t\t\t\t\t<\/div>\n\t\t<\/section>\n\t\t\t\t<\/div>","protected":false},"excerpt":{"rendered":"<p>Charles Pozzi Le bourget LE BOURGET, UN NOUVEAU POINT DE RENCONTRE POUR LES PASSIONN\u00c9S D\u2019AUTOMOBILE Le site Charles Pozzi Approved Le Bourget, ouvert en 2026, s\u2019impose comme une adresse d\u00e9di\u00e9e aux passionn\u00e9s d\u2019automobiles d\u2019exception. Pens\u00e9 comme un lieu d\u2019expertise et de passion, il r\u00e9unit le savoir-faire du groupe Charles Pozzi autour d\u2019une s\u00e9lection exigeante de [&hellip;]<\/p>\n","protected":false},"author":4,"featured_media":0,"parent":0,"menu_order":0,"comment_status":"closed","ping_status":"closed","template":"elementor_header_footer","meta":{"inline_featured_image":false,"footnotes":""},"class_list":["post-17446","page","type-page","status-publish","hentry"],"yoast_head":"<!-- This site is optimized with the Yoast SEO plugin v27.3 - https:\/\/yoast.com\/product\/yoast-seo-wordpress\/ -->\n<title>Charles Pozzi Le Bourget - D\u00e9couvrez l&#039;univers de la Passion<\/title>\n<meta name=\"description\" content=\"Retrouvez notre s\u00e9lection de v\u00e9hicules d\u2019occasion d\u2019exception Charles Pozzi Approved dans notre site du Bourget\" \/>\n<meta name=\"robots\" content=\"index, follow, max-snippet:-1, max-image-preview:large, max-video-preview:-1\" \/>\n<link rel=\"canonical\" href=\"https:\/\/www.charles-pozzi.fr\/en\/charles-pozzi-le-bourget\/\" \/>\n<meta property=\"og:locale\" content=\"en_US\" \/>\n<meta property=\"og:type\" content=\"article\" \/>\n<meta property=\"og:title\" content=\"Charles Pozzi Le Bourget - D\u00e9couvrez l&#039;univers de la Passion\" \/>\n<meta property=\"og:description\" content=\"Retrouvez notre s\u00e9lection de v\u00e9hicules d\u2019occasion d\u2019exception Charles Pozzi Approved dans notre site du Bourget\" \/>\n<meta property=\"og:url\" content=\"https:\/\/www.charles-pozzi.fr\/en\/charles-pozzi-le-bourget\/\" \/>\n<meta property=\"og:site_name\" content=\"Groupe Charles Pozzi\" \/>\n<meta property=\"article:modified_time\" content=\"2026-03-24T10:06:31+00:00\" \/>\n<meta property=\"og:image\" content=\"https:\/\/www.charles-pozzi.fr\/wp-content\/uploads\/2026\/03\/DSC5397-1.jpg\" \/>\n<meta name=\"twitter:card\" content=\"summary_large_image\" \/>\n<meta name=\"twitter:label1\" content=\"Est. reading time\" \/>\n\t<meta name=\"twitter:data1\" content=\"2 minutes\" \/>\n<script type=\"application\/ld+json\" class=\"yoast-schema-graph\">{\"@context\":\"https:\\\/\\\/schema.org\",\"@graph\":[{\"@type\":\"WebPage\",\"@id\":\"https:\\\/\\\/www.charles-pozzi.fr\\\/charles-pozzi-le-bourget\\\/\",\"url\":\"https:\\\/\\\/www.charles-pozzi.fr\\\/charles-pozzi-le-bourget\\\/\",\"name\":\"Charles Pozzi Le Bourget - D\u00e9couvrez l'univers de la Passion\",\"isPartOf\":{\"@id\":\"https:\\\/\\\/www.charles-pozzi.fr\\\/#website\"},\"primaryImageOfPage\":{\"@id\":\"https:\\\/\\\/www.charles-pozzi.fr\\\/charles-pozzi-le-bourget\\\/#primaryimage\"},\"image\":{\"@id\":\"https:\\\/\\\/www.charles-pozzi.fr\\\/charles-pozzi-le-bourget\\\/#primaryimage\"},\"thumbnailUrl\":\"https:\\\/\\\/www.charles-pozzi.fr\\\/wp-content\\\/uploads\\\/2026\\\/03\\\/DSC5397-1.jpg\",\"datePublished\":\"2026-03-12T16:35:26+00:00\",\"dateModified\":\"2026-03-24T10:06:31+00:00\",\"description\":\"Retrouvez notre s\u00e9lection de v\u00e9hicules d\u2019occasion d\u2019exception Charles Pozzi Approved dans notre site du Bourget\",\"breadcrumb\":{\"@id\":\"https:\\\/\\\/www.charles-pozzi.fr\\\/charles-pozzi-le-bourget\\\/#breadcrumb\"},\"inLanguage\":\"en-US\",\"potentialAction\":[{\"@type\":\"ReadAction\",\"target\":[\"https:\\\/\\\/www.charles-pozzi.fr\\\/charles-pozzi-le-bourget\\\/\"]}]},{\"@type\":\"ImageObject\",\"inLanguage\":\"en-US\",\"@id\":\"https:\\\/\\\/www.charles-pozzi.fr\\\/charles-pozzi-le-bourget\\\/#primaryimage\",\"url\":\"https:\\\/\\\/www.charles-pozzi.fr\\\/wp-content\\\/uploads\\\/2026\\\/03\\\/DSC5397-1.jpg\",\"contentUrl\":\"https:\\\/\\\/www.charles-pozzi.fr\\\/wp-content\\\/uploads\\\/2026\\\/03\\\/DSC5397-1.jpg\"},{\"@type\":\"BreadcrumbList\",\"@id\":\"https:\\\/\\\/www.charles-pozzi.fr\\\/charles-pozzi-le-bourget\\\/#breadcrumb\",\"itemListElement\":[{\"@type\":\"ListItem\",\"position\":1,\"name\":\"Home\",\"item\":\"https:\\\/\\\/www.charles-pozzi.fr\\\/\"},{\"@type\":\"ListItem\",\"position\":2,\"name\":\"Charles Pozzi Le Bourget\"}]},{\"@type\":\"WebSite\",\"@id\":\"https:\\\/\\\/www.charles-pozzi.fr\\\/#website\",\"url\":\"https:\\\/\\\/www.charles-pozzi.fr\\\/\",\"name\":\"Groupe Charles Pozzi\",\"description\":\"D\u00e9couvrez l&#039;univers de l&#039;excellence automobile\",\"publisher\":{\"@id\":\"https:\\\/\\\/www.charles-pozzi.fr\\\/#organization\"},\"potentialAction\":[{\"@type\":\"SearchAction\",\"target\":{\"@type\":\"EntryPoint\",\"urlTemplate\":\"https:\\\/\\\/www.charles-pozzi.fr\\\/?s={search_term_string}\"},\"query-input\":{\"@type\":\"PropertyValueSpecification\",\"valueRequired\":true,\"valueName\":\"search_term_string\"}}],\"inLanguage\":\"en-US\"},{\"@type\":\"Organization\",\"@id\":\"https:\\\/\\\/www.charles-pozzi.fr\\\/#organization\",\"name\":\"Charles Pozzi\",\"url\":\"https:\\\/\\\/www.charles-pozzi.fr\\\/\",\"logo\":{\"@type\":\"ImageObject\",\"inLanguage\":\"en-US\",\"@id\":\"https:\\\/\\\/www.charles-pozzi.fr\\\/#\\\/schema\\\/logo\\\/image\\\/\",\"url\":\"https:\\\/\\\/www.charles-pozzi.fr\\\/wp-content\\\/uploads\\\/2024\\\/09\\\/Logo-Charles-Pozzi.png\",\"contentUrl\":\"https:\\\/\\\/www.charles-pozzi.fr\\\/wp-content\\\/uploads\\\/2024\\\/09\\\/Logo-Charles-Pozzi.png\",\"width\":212,\"height\":120,\"caption\":\"Charles Pozzi\"},\"image\":{\"@id\":\"https:\\\/\\\/www.charles-pozzi.fr\\\/#\\\/schema\\\/logo\\\/image\\\/\"}}]}<\/script>\n<!-- \/ Yoast SEO plugin. -->","yoast_head_json":{"title":"Charles Pozzi Le Bourget - D\u00e9couvrez l'univers de la Passion","description":"Retrouvez notre s\u00e9lection de v\u00e9hicules d\u2019occasion d\u2019exception Charles Pozzi Approved dans notre site du Bourget","robots":{"index":"index","follow":"follow","max-snippet":"max-snippet:-1","max-image-preview":"max-image-preview:large","max-video-preview":"max-video-preview:-1"},"canonical":"https:\/\/www.charles-pozzi.fr\/en\/charles-pozzi-le-bourget\/","og_locale":"en_US","og_type":"article","og_title":"Charles Pozzi Le Bourget - D\u00e9couvrez l'univers de la Passion","og_description":"Retrouvez notre s\u00e9lection de v\u00e9hicules d\u2019occasion d\u2019exception Charles Pozzi Approved dans notre site du Bourget","og_url":"https:\/\/www.charles-pozzi.fr\/en\/charles-pozzi-le-bourget\/","og_site_name":"Groupe Charles Pozzi","article_modified_time":"2026-03-24T10:06:31+00:00","og_image":[{"url":"https:\/\/www.charles-pozzi.fr\/wp-content\/uploads\/2026\/03\/DSC5397-1.jpg","type":"","width":"","height":""}],"twitter_card":"summary_large_image","twitter_misc":{"Est. reading time":"2 minutes"},"schema":{"@context":"https:\/\/schema.org","@graph":[{"@type":"WebPage","@id":"https:\/\/www.charles-pozzi.fr\/charles-pozzi-le-bourget\/","url":"https:\/\/www.charles-pozzi.fr\/charles-pozzi-le-bourget\/","name":"Charles Pozzi Le Bourget - D\u00e9couvrez l'univers de la Passion","isPartOf":{"@id":"https:\/\/www.charles-pozzi.fr\/#website"},"primaryImageOfPage":{"@id":"https:\/\/www.charles-pozzi.fr\/charles-pozzi-le-bourget\/#primaryimage"},"image":{"@id":"https:\/\/www.charles-pozzi.fr\/charles-pozzi-le-bourget\/#primaryimage"},"thumbnailUrl":"https:\/\/www.charles-pozzi.fr\/wp-content\/uploads\/2026\/03\/DSC5397-1.jpg","datePublished":"2026-03-12T16:35:26+00:00","dateModified":"2026-03-24T10:06:31+00:00","description":"Retrouvez notre s\u00e9lection de v\u00e9hicules d\u2019occasion d\u2019exception Charles Pozzi Approved dans notre site du Bourget","breadcrumb":{"@id":"https:\/\/www.charles-pozzi.fr\/charles-pozzi-le-bourget\/#breadcrumb"},"inLanguage":"en-US","potentialAction":[{"@type":"ReadAction","target":["https:\/\/www.charles-pozzi.fr\/charles-pozzi-le-bourget\/"]}]},{"@type":"ImageObject","inLanguage":"en-US","@id":"https:\/\/www.charles-pozzi.fr\/charles-pozzi-le-bourget\/#primaryimage","url":"https:\/\/www.charles-pozzi.fr\/wp-content\/uploads\/2026\/03\/DSC5397-1.jpg","contentUrl":"https:\/\/www.charles-pozzi.fr\/wp-content\/uploads\/2026\/03\/DSC5397-1.jpg"},{"@type":"BreadcrumbList","@id":"https:\/\/www.charles-pozzi.fr\/charles-pozzi-le-bourget\/#breadcrumb","itemListElement":[{"@type":"ListItem","position":1,"name":"Home","item":"https:\/\/www.charles-pozzi.fr\/"},{"@type":"ListItem","position":2,"name":"Charles Pozzi Le Bourget"}]},{"@type":"WebSite","@id":"https:\/\/www.charles-pozzi.fr\/#website","url":"https:\/\/www.charles-pozzi.fr\/","name":"Charles Pozzi Group","description":"D\u00e9couvrez l&#039;univers de l&#039;excellence automobile","publisher":{"@id":"https:\/\/www.charles-pozzi.fr\/#organization"},"potentialAction":[{"@type":"SearchAction","target":{"@type":"EntryPoint","urlTemplate":"https:\/\/www.charles-pozzi.fr\/?s={search_term_string}"},"query-input":{"@type":"PropertyValueSpecification","valueRequired":true,"valueName":"search_term_string"}}],"inLanguage":"en-US"},{"@type":"Organization","@id":"https:\/\/www.charles-pozzi.fr\/#organization","name":"Charles Pozzi","url":"https:\/\/www.charles-pozzi.fr\/","logo":{"@type":"ImageObject","inLanguage":"en-US","@id":"https:\/\/www.charles-pozzi.fr\/#\/schema\/logo\/image\/","url":"https:\/\/www.charles-pozzi.fr\/wp-content\/uploads\/2024\/09\/Logo-Charles-Pozzi.png","contentUrl":"https:\/\/www.charles-pozzi.fr\/wp-content\/uploads\/2024\/09\/Logo-Charles-Pozzi.png","width":212,"height":120,"caption":"Charles Pozzi"},"image":{"@id":"https:\/\/www.charles-pozzi.fr\/#\/schema\/logo\/image\/"}}]}},"_links":{"self":[{"href":"https:\/\/www.charles-pozzi.fr\/en\/wp-json\/wp\/v2\/pages\/17446","targetHints":{"allow":["GET"]}}],"collection":[{"href":"https:\/\/www.charles-pozzi.fr\/en\/wp-json\/wp\/v2\/pages"}],"about":[{"href":"https:\/\/www.charles-pozzi.fr\/en\/wp-json\/wp\/v2\/types\/page"}],"author":[{"embeddable":true,"href":"https:\/\/www.charles-pozzi.fr\/en\/wp-json\/wp\/v2\/users\/4"}],"replies":[{"embeddable":true,"href":"https:\/\/www.charles-pozzi.fr\/en\/wp-json\/wp\/v2\/comments?post=17446"}],"version-history":[{"count":50,"href":"https:\/\/www.charles-pozzi.fr\/en\/wp-json\/wp\/v2\/pages\/17446\/revisions"}],"predecessor-version":[{"id":17697,"href":"https:\/\/www.charles-pozzi.fr\/en\/wp-json\/wp\/v2\/pages\/17446\/revisions\/17697"}],"wp:attachment":[{"href":"https:\/\/www.charles-pozzi.fr\/en\/wp-json\/wp\/v2\/media?parent=17446"}],"curies":[{"name":"wp","href":"https:\/\/api.w.org\/{rel}","templated":true}]}}