{"id":3296,"date":"2023-06-12T09:17:07","date_gmt":"2023-06-12T09:17:07","guid":{"rendered":"https:\/\/www.charles-pozzi.fr\/?page_id=3296"},"modified":"2025-03-26T11:27:21","modified_gmt":"2025-03-26T10:27:21","slug":"charles-pozzi-mentions-legales","status":"publish","type":"page","link":"https:\/\/www.charles-pozzi.fr\/en\/charles-pozzi-mentions-legales\/","title":{"rendered":"Legal information"},"content":{"rendered":"<div data-elementor-type=\"wp-page\" data-elementor-id=\"3296\" class=\"elementor elementor-3296\" data-elementor-post-type=\"page\">\n\t\t\t\t\t\t<section class=\"elementor-section elementor-top-section elementor-element elementor-element-376cf96e elementor-section-full_width elementor-section-height-default elementor-section-height-default\" data-id=\"376cf96e\" data-element_type=\"section\" data-settings=\"{&quot;background_background&quot;:&quot;classic&quot;}\">\n\t\t\t\t\t\t<div class=\"elementor-container elementor-column-gap-no\">\n\t\t\t\t\t<div class=\"elementor-column elementor-col-100 elementor-top-column elementor-element elementor-element-7b5aaad2\" data-id=\"7b5aaad2\" data-element_type=\"column\">\n\t\t\t<div class=\"elementor-widget-wrap elementor-element-populated\">\n\t\t\t\t\t\t<section class=\"elementor-section elementor-inner-section elementor-element elementor-element-3b036c4b elementor-section-height-min-height elementor-section-full_width elementor-section-height-default\" data-id=\"3b036c4b\" data-element_type=\"section\">\n\t\t\t\t\t\t\t<div class=\"elementor-background-overlay\"><\/div>\n\t\t\t\t\t\t\t<div class=\"elementor-container elementor-column-gap-no\">\n\t\t\t\t\t<div class=\"elementor-column elementor-col-100 elementor-inner-column elementor-element elementor-element-6c95ce59\" data-id=\"6c95ce59\" data-element_type=\"column\">\n\t\t\t<div class=\"elementor-widget-wrap elementor-element-populated\">\n\t\t\t\t\t\t<div class=\"elementor-element elementor-element-1ecf7205 elementor-widget elementor-widget-heading\" data-id=\"1ecf7205\" data-element_type=\"widget\" data-widget_type=\"heading.default\">\n\t\t\t\t<div class=\"elementor-widget-container\">\n\t\t\t\t\t<h1 class=\"elementor-heading-title elementor-size-default\">Legal information<\/h1>\t\t\t\t<\/div>\n\t\t\t\t<\/div>\n\t\t\t\t\t<\/div>\n\t\t<\/div>\n\t\t\t\t\t<\/div>\n\t\t<\/section>\n\t\t\t\t\t<\/div>\n\t\t<\/div>\n\t\t\t\t\t<\/div>\n\t\t<\/section>\n\t\t\t\t<section class=\"elementor-section elementor-top-section elementor-element elementor-element-2780af8 elementor-section-boxed elementor-section-height-default elementor-section-height-default\" data-id=\"2780af8\" data-element_type=\"section\" data-settings=\"{&quot;background_background&quot;:&quot;classic&quot;}\">\n\t\t\t\t\t\t<div class=\"elementor-container elementor-column-gap-default\">\n\t\t\t\t\t<div class=\"elementor-column elementor-col-100 elementor-top-column elementor-element elementor-element-d9761ce\" data-id=\"d9761ce\" data-element_type=\"column\">\n\t\t\t<div class=\"elementor-widget-wrap elementor-element-populated\">\n\t\t\t\t\t\t<div class=\"elementor-element elementor-element-0894e5e elementor-widget elementor-widget-heading\" data-id=\"0894e5e\" data-element_type=\"widget\" data-widget_type=\"heading.default\">\n\t\t\t\t<div class=\"elementor-widget-container\">\n\t\t\t\t\t<h2 class=\"elementor-heading-title elementor-size-default\">Legal information<\/h2>\t\t\t\t<\/div>\n\t\t\t\t<\/div>\n\t\t\t\t<div class=\"elementor-element elementor-element-5a3917c elementor-widget elementor-widget-heading\" data-id=\"5a3917c\" data-element_type=\"widget\" data-widget_type=\"heading.default\">\n\t\t\t\t<div class=\"elementor-widget-container\">\n\t\t\t\t\t<h3 class=\"elementor-heading-title elementor-size-default\">Editor<\/h3>\t\t\t\t<\/div>\n\t\t\t\t<\/div>\n\t\t\t\t<div class=\"elementor-element elementor-element-390f67d elementor-widget elementor-widget-text-editor\" data-id=\"390f67d\" data-element_type=\"widget\" data-widget_type=\"text-editor.default\">\n\t\t\t\t<div class=\"elementor-widget-container\">\n\t\t\t\t\t\t\t\t\t<p>Le site\u00a0<strong><a href=\"https:\/\/www.charles-pozzi.fr\/en\/\" target=\"_blank\" rel=\"noopener\" data-saferedirecturl=\"https:\/\/www.google.com\/url?q=http:\/\/charles-pozzi.fr&amp;source=gmail&amp;ust=1743070791551000&amp;usg=AOvVaw0KulxVJvrPyn00u2GHZvBA\">charles-pozzi.fr<\/a><\/strong>\u00a0est \u00e9dit\u00e9 par :<\/p><p><strong>Charles Pozzi SAS<\/strong><br \/>Soci\u00e9t\u00e9 par Actions Simplifi\u00e9e (SAS) au capital de 2 622 749,80 \u20ac<br \/>Si\u00e8ge social : 10 RUE CURNONSKY, 75017 PARIS France<br \/>Immatricul\u00e9e au Registre du Commerce et des Soci\u00e9t\u00e9s de Paris sous le num\u00e9ro\u00a0954 506 283<\/p><p>Num\u00e9ro de TVA intracommunautaire : FR00954506283<\/p><p><img decoding=\"async\" class=\"an1\" draggable=\"false\" src=\"https:\/\/fonts.gstatic.com\/s\/e\/notoemoji\/16.0\/1f4e9\/32.png\" alt=\"\ud83d\udce9\" data-emoji=\"\ud83d\udce9\" aria-label=\"\ud83d\udce9\" \/>\u00a0Contact :\u00a0<strong><a rel=\"noopener\">contact@charles-pozzi.fr<\/a><\/strong><br \/><img decoding=\"async\" class=\"an1\" draggable=\"false\" src=\"https:\/\/fonts.gstatic.com\/s\/e\/notoemoji\/16.0\/1f4de\/32.png\" alt=\"\ud83d\udcde\" data-emoji=\"\ud83d\udcde\" aria-label=\"\ud83d\udcde\" \/>\u00a0Phone :\u00a0<strong>+33 (0)1 41 10 00 00<\/strong><br \/><img decoding=\"async\" class=\"an1\" draggable=\"false\" src=\"https:\/\/fonts.gstatic.com\/s\/e\/notoemoji\/16.0\/1f5a5_fe0f\/32.png\" alt=\"\ud83d\udda5\ufe0f\" data-emoji=\"\ud83d\udda5\ufe0f\" aria-label=\"\ud83d\udda5\ufe0f\" \/>\u00a0Site web :\u00a0<strong><a href=\"http:\/\/www.charles-pozzi.fr\/en\/\" target=\"_blank\" rel=\"noopener\" data-saferedirecturl=\"https:\/\/www.google.com\/url?q=http:\/\/www.charles-pozzi.fr&amp;source=gmail&amp;ust=1743070791551000&amp;usg=AOvVaw3t1VjaxA9k_S7JHOYvTrbF\">www.charles-pozzi.fr<\/a><\/strong><\/p>\t\t\t\t\t\t\t\t<\/div>\n\t\t\t\t<\/div>\n\t\t\t\t<div class=\"elementor-element elementor-element-68dcc6e elementor-widget elementor-widget-heading\" data-id=\"68dcc6e\" data-element_type=\"widget\" data-widget_type=\"heading.default\">\n\t\t\t\t<div class=\"elementor-widget-container\">\n\t\t\t\t\t<h3 class=\"elementor-heading-title elementor-size-default\">Accommodation<\/h3>\t\t\t\t<\/div>\n\t\t\t\t<\/div>\n\t\t\t\t<div class=\"elementor-element elementor-element-a654097 elementor-widget elementor-widget-text-editor\" data-id=\"a654097\" data-element_type=\"widget\" data-widget_type=\"text-editor.default\">\n\t\t\t\t<div class=\"elementor-widget-container\">\n\t\t\t\t\t\t\t\t\t<p>Le site\u00a0<strong><a href=\"https:\/\/www.charles-pozzi.fr\/en\/\" target=\"_blank\" rel=\"noopener\" data-saferedirecturl=\"https:\/\/www.google.com\/url?q=http:\/\/charles-pozzi.fr&amp;source=gmail&amp;ust=1743070791551000&amp;usg=AOvVaw0KulxVJvrPyn00u2GHZvBA\">charles-pozzi.fr<\/a><\/strong>\u00a0est h\u00e9berg\u00e9 par :<\/p><p><strong>OVH SAS<\/strong><br \/>The head office :\u00a0<strong>2 rue Kellermann, 59100 Roubaix, France<\/strong><br \/><img decoding=\"async\" class=\"an1\" draggable=\"false\" src=\"https:\/\/fonts.gstatic.com\/s\/e\/notoemoji\/16.0\/1f4de\/32.png\" alt=\"\ud83d\udcde\" data-emoji=\"\ud83d\udcde\" aria-label=\"\ud83d\udcde\" \/>\u00a0Phone :\u00a0<strong>+33 (0)9 72 10 10 07<\/strong><br \/><img decoding=\"async\" class=\"an1\" draggable=\"false\" src=\"https:\/\/fonts.gstatic.com\/s\/e\/notoemoji\/16.0\/1f30d\/32.png\" alt=\"\ud83c\udf0d\" data-emoji=\"\ud83c\udf0d\" aria-label=\"\ud83c\udf0d\" \/>\u00a0Site web :\u00a0<strong><a href=\"http:\/\/www.ovh.com\/\" target=\"_blank\" rel=\"noopener\" data-saferedirecturl=\"https:\/\/www.google.com\/url?q=http:\/\/www.ovh.com&amp;source=gmail&amp;ust=1743070791551000&amp;usg=AOvVaw2S7xwbZ1QFst24W8Drkyty\">www.ovh.com<\/a><\/strong><\/p>\t\t\t\t\t\t\t\t<\/div>\n\t\t\t\t<\/div>\n\t\t\t\t<div class=\"elementor-element elementor-element-4df462b elementor-widget elementor-widget-heading\" data-id=\"4df462b\" data-element_type=\"widget\" data-widget_type=\"heading.default\">\n\t\t\t\t<div class=\"elementor-widget-container\">\n\t\t\t\t\t<h3 class=\"elementor-heading-title elementor-size-default\">Propri\u00e9t\u00e9 intellectuelle <\/h3>\t\t\t\t<\/div>\n\t\t\t\t<\/div>\n\t\t\t\t<div class=\"elementor-element elementor-element-47899ab elementor-widget elementor-widget-text-editor\" data-id=\"47899ab\" data-element_type=\"widget\" data-widget_type=\"text-editor.default\">\n\t\t\t\t<div class=\"elementor-widget-container\">\n\t\t\t\t\t\t\t\t\t<p>L\u2019ensemble du contenu pr\u00e9sent sur le site\u00a0<strong><a href=\"https:\/\/www.charles-pozzi.fr\/en\/\" target=\"_blank\" rel=\"noopener\" data-saferedirecturl=\"https:\/\/www.google.com\/url?q=http:\/\/charles-pozzi.fr&amp;source=gmail&amp;ust=1743070791551000&amp;usg=AOvVaw0KulxVJvrPyn00u2GHZvBA\">charles-pozzi.fr<\/a><\/strong>\u00a0(textes, images, vid\u00e9os, logos, graphismes, ic\u00f4nes, etc.) est prot\u00e9g\u00e9 par le droit de la propri\u00e9t\u00e9 intellectuelle et reste la propri\u00e9t\u00e9 exclusive de\u00a0<strong>Charles Pozzi SAS<\/strong>\u00a0ou de ses partenaires.<\/p><p>Toute reproduction, repr\u00e9sentation ou diffusion, totale ou partielle, du contenu de ce site sans autorisation \u00e9crite est strictement interdite et constitue une contrefa\u00e7on sanctionn\u00e9e par les articles\u00a0<strong>L.335-2 et suivants du Code de la propri\u00e9t\u00e9 intellectuelle<\/strong>.<\/p>\t\t\t\t\t\t\t\t<\/div>\n\t\t\t\t<\/div>\n\t\t\t\t<div class=\"elementor-element elementor-element-57f5dbd elementor-widget elementor-widget-heading\" data-id=\"57f5dbd\" data-element_type=\"widget\" data-widget_type=\"heading.default\">\n\t\t\t\t<div class=\"elementor-widget-container\">\n\t\t\t\t\t<h3 class=\"elementor-heading-title elementor-size-default\">Responsabilit\u00e9<\/h3>\t\t\t\t<\/div>\n\t\t\t\t<\/div>\n\t\t\t\t<div class=\"elementor-element elementor-element-cda9ebb elementor-widget elementor-widget-text-editor\" data-id=\"cda9ebb\" data-element_type=\"widget\" data-widget_type=\"text-editor.default\">\n\t\t\t\t<div class=\"elementor-widget-container\">\n\t\t\t\t\t\t\t\t\t<p>Les informations diffus\u00e9es sur\u00a0<strong><a href=\"https:\/\/www.charles-pozzi.fr\/en\/\" target=\"_blank\" rel=\"noopener\" data-saferedirecturl=\"https:\/\/www.google.com\/url?q=http:\/\/charles-pozzi.fr&amp;source=gmail&amp;ust=1743070791551000&amp;usg=AOvVaw0KulxVJvrPyn00u2GHZvBA\">charles-pozzi.fr<\/a><\/strong>\u00a0sont fournies \u00e0 titre indicatif et peuvent \u00eatre modifi\u00e9es \u00e0 tout moment.<\/p><p><strong>Charles Pozzi SAS<\/strong>\u00a0ne saurait \u00eatre tenu responsable d\u2019\u00e9ventuelles erreurs, omissions ou indisponibilit\u00e9s du site.<\/p><p>Les liens hypertextes pr\u00e9sents sur le site peuvent renvoyer vers des sites tiers, sur lesquels\u00a0<strong>Charles Pozzi SAS<\/strong>\u00a0n\u2019exerce aucun contr\u00f4le et d\u00e9cline toute responsabilit\u00e9 quant \u00e0 leur contenu.<\/p>\t\t\t\t\t\t\t\t<\/div>\n\t\t\t\t<\/div>\n\t\t\t\t<div class=\"elementor-element elementor-element-0cd260b elementor-widget elementor-widget-heading\" data-id=\"0cd260b\" data-element_type=\"widget\" data-widget_type=\"heading.default\">\n\t\t\t\t<div class=\"elementor-widget-container\">\n\t\t\t\t\t<h3 class=\"elementor-heading-title elementor-size-default\">Protection des donn\u00e9es personnelles<\/h3>\t\t\t\t<\/div>\n\t\t\t\t<\/div>\n\t\t\t\t<div class=\"elementor-element elementor-element-b046dc8 elementor-widget elementor-widget-text-editor\" data-id=\"b046dc8\" data-element_type=\"widget\" data-widget_type=\"text-editor.default\">\n\t\t\t\t<div class=\"elementor-widget-container\">\n\t\t\t\t\t\t\t\t\t<p>Le traitement des donn\u00e9es personnelles collect\u00e9es via le site\u00a0<strong><a href=\"https:\/\/www.charles-pozzi.fr\/en\/\" target=\"_blank\" rel=\"noopener\" data-saferedirecturl=\"https:\/\/www.google.com\/url?q=http:\/\/charles-pozzi.fr&amp;source=gmail&amp;ust=1743070791551000&amp;usg=AOvVaw0KulxVJvrPyn00u2GHZvBA\">charles-pozzi.fr<\/a><\/strong>\u00a0est r\u00e9alis\u00e9 en conformit\u00e9 avec le\u00a0<strong>R\u00e8glement G\u00e9n\u00e9ral sur la Protection des Donn\u00e9es (RGPD)<\/strong>\u00a0et la\u00a0<strong>Loi Informatique et Libert\u00e9s<\/strong>.<\/p><h5><strong>Donn\u00e9es collect\u00e9es<\/strong><\/h5><p>Le site\u00a0<strong><a href=\"https:\/\/www.charles-pozzi.fr\/en\/\" target=\"_blank\" rel=\"noopener\" data-saferedirecturl=\"https:\/\/www.google.com\/url?q=http:\/\/charles-pozzi.fr&amp;source=gmail&amp;ust=1743070791552000&amp;usg=AOvVaw1e1IPUabeAcrF9yCBWVzXO\">charles-pozzi.fr<\/a><\/strong>\u00a0peut collecter les informations suivantes :<\/p><ul><li><p><strong>Identit\u00e9<\/strong>\u00a0: Nom, pr\u00e9nom<\/p><\/li><li><p><strong>CONTACT DETAILS<\/strong>\u00a0: Adresse email, num\u00e9ro de t\u00e9l\u00e9phone<\/p><\/li><li><p><strong>Informations de navigation<\/strong>\u00a0: Adresse IP, cookies, pr\u00e9f\u00e9rences<\/p><\/li><\/ul><h5><strong>Finalit\u00e9s du traitement<\/strong><\/h5><p>Les donn\u00e9es collect\u00e9es ont pour finalit\u00e9 :<\/p><ul><li><p>Le traitement des demandes de contact<\/p><\/li><li><p>La gestion de la relation client<\/p><\/li><li><p>L\u2019am\u00e9lioration de l\u2019exp\u00e9rience utilisateur et des services propos\u00e9s<\/p><\/li><li><p>La personnalisation des offres commerciales<\/p><\/li><\/ul><h5><strong>Data Retention<\/strong><\/h5><p>Les donn\u00e9es sont conserv\u00e9es pendant une dur\u00e9e maximale de\u00a0<strong>3 ans<\/strong>\u00a0apr\u00e8s le dernier contact avec l\u2019utilisateur, sauf obligation l\u00e9gale contraire.<\/p><h5><strong>Droits des utilisateurs<\/strong><\/h5><p>Conform\u00e9ment au\u00a0<strong>GDPR<\/strong>, vous disposez des droits suivants sur vos donn\u00e9es personnelles :<\/p><ul><li><p><strong>Droit d\u2019acc\u00e8s<\/strong>\u00a0(article 15 du RGPD)<\/p><\/li><li><p><strong>Droit de rectification<\/strong>\u00a0(article 16 du RGPD)<\/p><\/li><li><p><strong>Droit \u00e0 l\u2019effacement<\/strong>\u00a0(article 17 du RGPD)<\/p><\/li><li><p><strong>Droit d\u2019opposition<\/strong>\u00a0(article 21 du RGPD)<\/p><\/li><li><p><strong>Droit \u00e0 la portabilit\u00e9<\/strong>\u00a0(article 20 du RGPD)<\/p><\/li><\/ul><p>Pour exercer ces droits, contactez-nous \u00e0\u00a0<strong><a rel=\"noopener\">contact@charles-pozzi.fr<\/a><\/strong>.<\/p><p>En cas de litige, vous pouvez d\u00e9poser une r\u00e9clamation aupr\u00e8s de la\u00a0<strong>CNIL<\/strong>\u00a0(<strong><a href=\"http:\/\/www.cnil.fr\/\" target=\"_blank\" rel=\"noopener\" data-saferedirecturl=\"https:\/\/www.google.com\/url?q=http:\/\/www.cnil.fr&amp;source=gmail&amp;ust=1743070791552000&amp;usg=AOvVaw0LOkRLOuSv3iBndYqilvrO\">www.cnil.fr<\/a><\/strong>).<\/p>\t\t\t\t\t\t\t\t<\/div>\n\t\t\t\t<\/div>\n\t\t\t\t<div class=\"elementor-element elementor-element-030a632 elementor-widget elementor-widget-heading\" data-id=\"030a632\" data-element_type=\"widget\" data-widget_type=\"heading.default\">\n\t\t\t\t<div class=\"elementor-widget-container\">\n\t\t\t\t\t<h3 class=\"elementor-heading-title elementor-size-default\">Cookies<\/h3>\t\t\t\t<\/div>\n\t\t\t\t<\/div>\n\t\t\t\t<div class=\"elementor-element elementor-element-6768284 elementor-widget elementor-widget-text-editor\" data-id=\"6768284\" data-element_type=\"widget\" data-widget_type=\"text-editor.default\">\n\t\t\t\t<div class=\"elementor-widget-container\">\n\t\t\t\t\t\t\t\t\t<p>Le site\u00a0<strong><a href=\"https:\/\/www.charles-pozzi.fr\/en\/\" target=\"_blank\" rel=\"noopener\" data-saferedirecturl=\"https:\/\/www.google.com\/url?q=http:\/\/charles-pozzi.fr&amp;source=gmail&amp;ust=1743070791552000&amp;usg=AOvVaw1e1IPUabeAcrF9yCBWVzXO\">charles-pozzi.fr<\/a><\/strong>\u00a0utilise des cookies afin d\u2019am\u00e9liorer l\u2019exp\u00e9rience utilisateur et mesurer l\u2019audience.<\/p><p>Un bandeau d\u2019information s\u2019affiche lors de la premi\u00e8re visite, permettant d\u2019accepter ou de refuser l\u2019utilisation des cookies.<\/p><p>Vous pouvez \u00e9galement configurer votre navigateur pour bloquer tout ou partie des cookies.<\/p>\t\t\t\t\t\t\t\t<\/div>\n\t\t\t\t<\/div>\n\t\t\t\t<div class=\"elementor-element elementor-element-15468cd elementor-widget elementor-widget-heading\" data-id=\"15468cd\" data-element_type=\"widget\" data-widget_type=\"heading.default\">\n\t\t\t\t<div class=\"elementor-widget-container\">\n\t\t\t\t\t<h3 class=\"elementor-heading-title elementor-size-default\"><h2 style=\"font-family: Arial, Helvetica, sans-serif\"><span style=\"color: var( --e-global-color-primary );font-family: Stapel, sans-serif;font-size: 20px\">Applicable law and competent jurisdiction<\/span><span style=\"color: var( --e-global-color-primary );font-family: Stapel, sans-serif;font-size: 20px\"><\/span><\/h2><\/h3>\t\t\t\t<\/div>\n\t\t\t\t<\/div>\n\t\t\t\t<div class=\"elementor-element elementor-element-08d78ee elementor-widget elementor-widget-text-editor\" data-id=\"08d78ee\" data-element_type=\"widget\" data-widget_type=\"text-editor.default\">\n\t\t\t\t<div class=\"elementor-widget-container\">\n\t\t\t\t\t\t\t\t\t<p>Les pr\u00e9sentes\u00a0<span class=\"il\">mentions<\/span>\u00a0<span class=\"il\">l\u00e9gales<\/span>\u00a0sont r\u00e9gies par le\u00a0<strong>droit fran\u00e7ais<\/strong>.<br \/>En cas de litige, et apr\u00e8s tentative de recherche d\u2019une solution amiable, les tribunaux comp\u00e9tents seront ceux du ressort du si\u00e8ge social de\u00a0<strong>Charles Pozzi SAS<\/strong>.<\/p>\t\t\t\t\t\t\t\t<\/div>\n\t\t\t\t<\/div>\n\t\t\t\t\t<\/div>\n\t\t<\/div>\n\t\t\t\t\t<\/div>\n\t\t<\/section>\n\t\t\t\t<\/div>","protected":false},"excerpt":{"rendered":"<p>Mentions l\u00e9gales Mentions l\u00e9gales \u00c9diteur Le site\u00a0charles-pozzi.fr\u00a0est \u00e9dit\u00e9 par : Charles Pozzi SASSoci\u00e9t\u00e9 par Actions Simplifi\u00e9e (SAS) au capital de 2 622 749,80 \u20acSi\u00e8ge social : 10 RUE CURNONSKY, 75017 PARIS FranceImmatricul\u00e9e au Registre du Commerce et des Soci\u00e9t\u00e9s de Paris sous le num\u00e9ro\u00a0954 506 283 Num\u00e9ro de TVA intracommunautaire : FR00954506283 \u00a0Contact :\u00a0contact@charles-pozzi.fr\u00a0T\u00e9l\u00e9phone :\u00a0+33 [&hellip;]<\/p>\n","protected":false},"author":4,"featured_media":0,"parent":0,"menu_order":0,"comment_status":"closed","ping_status":"closed","template":"elementor_header_footer","meta":{"inline_featured_image":false,"footnotes":""},"class_list":["post-3296","page","type-page","status-publish","hentry"],"yoast_head":"<!-- This site is optimized with the Yoast SEO plugin v27.3 - https:\/\/yoast.com\/product\/yoast-seo-wordpress\/ -->\n<title>Charles Pozzi | Mentions l\u00e9gales<\/title>\n<meta name=\"description\" content=\"Mentions l\u00e9gales du Groupe Charles Pozzi\" \/>\n<meta name=\"robots\" content=\"index, follow, max-snippet:-1, max-image-preview:large, max-video-preview:-1\" \/>\n<link rel=\"canonical\" href=\"https:\/\/www.charles-pozzi.fr\/en\/charles-pozzi-mentions-legales\/\" \/>\n<meta property=\"og:locale\" content=\"en_US\" \/>\n<meta property=\"og:type\" content=\"article\" \/>\n<meta property=\"og:title\" content=\"Charles Pozzi | Mentions l\u00e9gales\" \/>\n<meta property=\"og:description\" content=\"Mentions l\u00e9gales du Groupe Charles Pozzi\" \/>\n<meta property=\"og:url\" content=\"https:\/\/www.charles-pozzi.fr\/en\/charles-pozzi-mentions-legales\/\" \/>\n<meta property=\"og:site_name\" content=\"Groupe Charles Pozzi\" \/>\n<meta property=\"article:modified_time\" content=\"2025-03-26T10:27:21+00:00\" \/>\n<meta property=\"og:image\" content=\"https:\/\/fonts.gstatic.com\/s\/e\/notoemoji\/16.0\/1f4e9\/32.png\" \/>\n<meta name=\"twitter:card\" content=\"summary_large_image\" \/>\n<meta name=\"twitter:label1\" content=\"Est. reading time\" \/>\n\t<meta name=\"twitter:data1\" content=\"4 minutes\" \/>\n<script type=\"application\/ld+json\" class=\"yoast-schema-graph\">{\"@context\":\"https:\\\/\\\/schema.org\",\"@graph\":[{\"@type\":\"WebPage\",\"@id\":\"https:\\\/\\\/www.charles-pozzi.fr\\\/charles-pozzi-mentions-legales\\\/\",\"url\":\"https:\\\/\\\/www.charles-pozzi.fr\\\/charles-pozzi-mentions-legales\\\/\",\"name\":\"Charles Pozzi | Mentions l\u00e9gales\",\"isPartOf\":{\"@id\":\"https:\\\/\\\/www.charles-pozzi.fr\\\/#website\"},\"primaryImageOfPage\":{\"@id\":\"https:\\\/\\\/www.charles-pozzi.fr\\\/charles-pozzi-mentions-legales\\\/#primaryimage\"},\"image\":{\"@id\":\"https:\\\/\\\/www.charles-pozzi.fr\\\/charles-pozzi-mentions-legales\\\/#primaryimage\"},\"thumbnailUrl\":\"https:\\\/\\\/fonts.gstatic.com\\\/s\\\/e\\\/notoemoji\\\/16.0\\\/1f4e9\\\/32.png\",\"datePublished\":\"2023-06-12T09:17:07+00:00\",\"dateModified\":\"2025-03-26T10:27:21+00:00\",\"description\":\"Mentions l\u00e9gales du Groupe Charles Pozzi\",\"breadcrumb\":{\"@id\":\"https:\\\/\\\/www.charles-pozzi.fr\\\/charles-pozzi-mentions-legales\\\/#breadcrumb\"},\"inLanguage\":\"en-US\",\"potentialAction\":[{\"@type\":\"ReadAction\",\"target\":[\"https:\\\/\\\/www.charles-pozzi.fr\\\/charles-pozzi-mentions-legales\\\/\"]}]},{\"@type\":\"ImageObject\",\"inLanguage\":\"en-US\",\"@id\":\"https:\\\/\\\/www.charles-pozzi.fr\\\/charles-pozzi-mentions-legales\\\/#primaryimage\",\"url\":\"https:\\\/\\\/fonts.gstatic.com\\\/s\\\/e\\\/notoemoji\\\/16.0\\\/1f4e9\\\/32.png\",\"contentUrl\":\"https:\\\/\\\/fonts.gstatic.com\\\/s\\\/e\\\/notoemoji\\\/16.0\\\/1f4e9\\\/32.png\"},{\"@type\":\"BreadcrumbList\",\"@id\":\"https:\\\/\\\/www.charles-pozzi.fr\\\/charles-pozzi-mentions-legales\\\/#breadcrumb\",\"itemListElement\":[{\"@type\":\"ListItem\",\"position\":1,\"name\":\"Home\",\"item\":\"https:\\\/\\\/www.charles-pozzi.fr\\\/\"},{\"@type\":\"ListItem\",\"position\":2,\"name\":\"Mentions l\u00e9gales\"}]},{\"@type\":\"WebSite\",\"@id\":\"https:\\\/\\\/www.charles-pozzi.fr\\\/#website\",\"url\":\"https:\\\/\\\/www.charles-pozzi.fr\\\/\",\"name\":\"Groupe Charles Pozzi\",\"description\":\"D\u00e9couvrez l&#039;univers de l&#039;excellence automobile\",\"publisher\":{\"@id\":\"https:\\\/\\\/www.charles-pozzi.fr\\\/#organization\"},\"potentialAction\":[{\"@type\":\"SearchAction\",\"target\":{\"@type\":\"EntryPoint\",\"urlTemplate\":\"https:\\\/\\\/www.charles-pozzi.fr\\\/?s={search_term_string}\"},\"query-input\":{\"@type\":\"PropertyValueSpecification\",\"valueRequired\":true,\"valueName\":\"search_term_string\"}}],\"inLanguage\":\"en-US\"},{\"@type\":\"Organization\",\"@id\":\"https:\\\/\\\/www.charles-pozzi.fr\\\/#organization\",\"name\":\"Charles Pozzi\",\"url\":\"https:\\\/\\\/www.charles-pozzi.fr\\\/\",\"logo\":{\"@type\":\"ImageObject\",\"inLanguage\":\"en-US\",\"@id\":\"https:\\\/\\\/www.charles-pozzi.fr\\\/#\\\/schema\\\/logo\\\/image\\\/\",\"url\":\"https:\\\/\\\/www.charles-pozzi.fr\\\/wp-content\\\/uploads\\\/2024\\\/09\\\/Logo-Charles-Pozzi.png\",\"contentUrl\":\"https:\\\/\\\/www.charles-pozzi.fr\\\/wp-content\\\/uploads\\\/2024\\\/09\\\/Logo-Charles-Pozzi.png\",\"width\":212,\"height\":120,\"caption\":\"Charles Pozzi\"},\"image\":{\"@id\":\"https:\\\/\\\/www.charles-pozzi.fr\\\/#\\\/schema\\\/logo\\\/image\\\/\"}}]}<\/script>\n<!-- \/ Yoast SEO plugin. -->","yoast_head_json":{"title":"Charles Pozzi | Mentions l\u00e9gales","description":"Mentions l\u00e9gales du Groupe Charles Pozzi","robots":{"index":"index","follow":"follow","max-snippet":"max-snippet:-1","max-image-preview":"max-image-preview:large","max-video-preview":"max-video-preview:-1"},"canonical":"https:\/\/www.charles-pozzi.fr\/en\/charles-pozzi-mentions-legales\/","og_locale":"en_US","og_type":"article","og_title":"Charles Pozzi | Mentions l\u00e9gales","og_description":"Mentions l\u00e9gales du Groupe Charles Pozzi","og_url":"https:\/\/www.charles-pozzi.fr\/en\/charles-pozzi-mentions-legales\/","og_site_name":"Groupe Charles Pozzi","article_modified_time":"2025-03-26T10:27:21+00:00","og_image":[{"url":"https:\/\/fonts.gstatic.com\/s\/e\/notoemoji\/16.0\/1f4e9\/32.png","type":"","width":"","height":""}],"twitter_card":"summary_large_image","twitter_misc":{"Est. reading time":"4 minutes"},"schema":{"@context":"https:\/\/schema.org","@graph":[{"@type":"WebPage","@id":"https:\/\/www.charles-pozzi.fr\/charles-pozzi-mentions-legales\/","url":"https:\/\/www.charles-pozzi.fr\/charles-pozzi-mentions-legales\/","name":"Charles Pozzi | Mentions l\u00e9gales","isPartOf":{"@id":"https:\/\/www.charles-pozzi.fr\/#website"},"primaryImageOfPage":{"@id":"https:\/\/www.charles-pozzi.fr\/charles-pozzi-mentions-legales\/#primaryimage"},"image":{"@id":"https:\/\/www.charles-pozzi.fr\/charles-pozzi-mentions-legales\/#primaryimage"},"thumbnailUrl":"https:\/\/fonts.gstatic.com\/s\/e\/notoemoji\/16.0\/1f4e9\/32.png","datePublished":"2023-06-12T09:17:07+00:00","dateModified":"2025-03-26T10:27:21+00:00","description":"Mentions l\u00e9gales du Groupe Charles Pozzi","breadcrumb":{"@id":"https:\/\/www.charles-pozzi.fr\/charles-pozzi-mentions-legales\/#breadcrumb"},"inLanguage":"en-US","potentialAction":[{"@type":"ReadAction","target":["https:\/\/www.charles-pozzi.fr\/charles-pozzi-mentions-legales\/"]}]},{"@type":"ImageObject","inLanguage":"en-US","@id":"https:\/\/www.charles-pozzi.fr\/charles-pozzi-mentions-legales\/#primaryimage","url":"https:\/\/fonts.gstatic.com\/s\/e\/notoemoji\/16.0\/1f4e9\/32.png","contentUrl":"https:\/\/fonts.gstatic.com\/s\/e\/notoemoji\/16.0\/1f4e9\/32.png"},{"@type":"BreadcrumbList","@id":"https:\/\/www.charles-pozzi.fr\/charles-pozzi-mentions-legales\/#breadcrumb","itemListElement":[{"@type":"ListItem","position":1,"name":"Home","item":"https:\/\/www.charles-pozzi.fr\/"},{"@type":"ListItem","position":2,"name":"Mentions l\u00e9gales"}]},{"@type":"WebSite","@id":"https:\/\/www.charles-pozzi.fr\/#website","url":"https:\/\/www.charles-pozzi.fr\/","name":"Charles Pozzi Group","description":"D\u00e9couvrez l&#039;univers de l&#039;excellence automobile","publisher":{"@id":"https:\/\/www.charles-pozzi.fr\/#organization"},"potentialAction":[{"@type":"SearchAction","target":{"@type":"EntryPoint","urlTemplate":"https:\/\/www.charles-pozzi.fr\/?s={search_term_string}"},"query-input":{"@type":"PropertyValueSpecification","valueRequired":true,"valueName":"search_term_string"}}],"inLanguage":"en-US"},{"@type":"Organization","@id":"https:\/\/www.charles-pozzi.fr\/#organization","name":"Charles Pozzi","url":"https:\/\/www.charles-pozzi.fr\/","logo":{"@type":"ImageObject","inLanguage":"en-US","@id":"https:\/\/www.charles-pozzi.fr\/#\/schema\/logo\/image\/","url":"https:\/\/www.charles-pozzi.fr\/wp-content\/uploads\/2024\/09\/Logo-Charles-Pozzi.png","contentUrl":"https:\/\/www.charles-pozzi.fr\/wp-content\/uploads\/2024\/09\/Logo-Charles-Pozzi.png","width":212,"height":120,"caption":"Charles Pozzi"},"image":{"@id":"https:\/\/www.charles-pozzi.fr\/#\/schema\/logo\/image\/"}}]}},"_links":{"self":[{"href":"https:\/\/www.charles-pozzi.fr\/en\/wp-json\/wp\/v2\/pages\/3296","targetHints":{"allow":["GET"]}}],"collection":[{"href":"https:\/\/www.charles-pozzi.fr\/en\/wp-json\/wp\/v2\/pages"}],"about":[{"href":"https:\/\/www.charles-pozzi.fr\/en\/wp-json\/wp\/v2\/types\/page"}],"author":[{"embeddable":true,"href":"https:\/\/www.charles-pozzi.fr\/en\/wp-json\/wp\/v2\/users\/4"}],"replies":[{"embeddable":true,"href":"https:\/\/www.charles-pozzi.fr\/en\/wp-json\/wp\/v2\/comments?post=3296"}],"version-history":[{"count":32,"href":"https:\/\/www.charles-pozzi.fr\/en\/wp-json\/wp\/v2\/pages\/3296\/revisions"}],"predecessor-version":[{"id":14919,"href":"https:\/\/www.charles-pozzi.fr\/en\/wp-json\/wp\/v2\/pages\/3296\/revisions\/14919"}],"wp:attachment":[{"href":"https:\/\/www.charles-pozzi.fr\/en\/wp-json\/wp\/v2\/media?parent=3296"}],"curies":[{"name":"wp","href":"https:\/\/api.w.org\/{rel}","templated":true}]}}