{"id":7309,"date":"2023-07-25T11:54:41","date_gmt":"2023-07-25T09:54:41","guid":{"rendered":"https:\/\/www.charles-pozzi.fr\/?page_id=7309"},"modified":"2025-12-19T14:10:00","modified_gmt":"2025-12-19T13:10:00","slug":"politique-de-confidentialite","status":"publish","type":"page","link":"https:\/\/www.charles-pozzi.fr\/en\/politique-de-confidentialite\/","title":{"rendered":"Politique de confidentialit\u00e9"},"content":{"rendered":"<div data-elementor-type=\"wp-page\" data-elementor-id=\"7309\" class=\"elementor elementor-7309\" data-elementor-post-type=\"page\">\n\t\t\t\t\t\t<section class=\"elementor-section elementor-top-section elementor-element elementor-element-aa6466b elementor-section-height-min-height elementor-section-boxed elementor-section-height-default elementor-section-items-middle\" data-id=\"aa6466b\" data-element_type=\"section\" data-settings=\"{&quot;background_background&quot;:&quot;classic&quot;}\">\n\t\t\t\t\t\t<div class=\"elementor-container elementor-column-gap-default\">\n\t\t\t\t\t<div class=\"elementor-column elementor-col-100 elementor-top-column elementor-element elementor-element-594470b\" data-id=\"594470b\" data-element_type=\"column\">\n\t\t\t<div class=\"elementor-widget-wrap\">\n\t\t\t\t\t\t\t<\/div>\n\t\t<\/div>\n\t\t\t\t\t<\/div>\n\t\t<\/section>\n\t\t\t\t<section class=\"elementor-section elementor-top-section elementor-element elementor-element-8bfb9d6 elementor-section-boxed elementor-section-height-default elementor-section-height-default\" data-id=\"8bfb9d6\" data-element_type=\"section\">\n\t\t\t\t\t\t<div class=\"elementor-container elementor-column-gap-default\">\n\t\t\t\t\t<div class=\"elementor-column elementor-col-100 elementor-top-column elementor-element elementor-element-e8a4bab\" data-id=\"e8a4bab\" data-element_type=\"column\" data-settings=\"{&quot;background_background&quot;:&quot;classic&quot;}\">\n\t\t\t<div class=\"elementor-widget-wrap elementor-element-populated\">\n\t\t\t\t\t\t<div class=\"elementor-element elementor-element-36dd6ea elementor-widget elementor-widget-text-editor\" data-id=\"36dd6ea\" data-element_type=\"widget\" data-widget_type=\"text-editor.default\">\n\t\t\t\t<div class=\"elementor-widget-container\">\n\t\t\t\t\t\t\t\t\t<p class=\"title-1\">Privacy Policy<\/p>\t\t\t\t\t\t\t\t<\/div>\n\t\t\t\t<\/div>\n\t\t\t\t\t<\/div>\n\t\t<\/div>\n\t\t\t\t\t<\/div>\n\t\t<\/section>\n\t\t\t\t<section class=\"elementor-section elementor-top-section elementor-element elementor-element-2780af8 elementor-section-boxed elementor-section-height-default elementor-section-height-default\" data-id=\"2780af8\" data-element_type=\"section\" data-settings=\"{&quot;background_background&quot;:&quot;classic&quot;}\">\n\t\t\t\t\t\t<div class=\"elementor-container elementor-column-gap-default\">\n\t\t\t\t\t<div class=\"elementor-column elementor-col-100 elementor-top-column elementor-element elementor-element-d9761ce\" data-id=\"d9761ce\" data-element_type=\"column\">\n\t\t\t<div class=\"elementor-widget-wrap elementor-element-populated\">\n\t\t\t\t\t\t<div class=\"elementor-element elementor-element-5a3917c title-2 elementor-widget elementor-widget-heading\" data-id=\"5a3917c\" data-element_type=\"widget\" data-widget_type=\"heading.default\">\n\t\t\t\t<div class=\"elementor-widget-container\">\n\t\t\t\t\t<h3 class=\"elementor-heading-title elementor-size-default\">Introduction<\/h3>\t\t\t\t<\/div>\n\t\t\t\t<\/div>\n\t\t\t\t<div class=\"elementor-element elementor-element-390f67d elementor-widget elementor-widget-text-editor\" data-id=\"390f67d\" data-element_type=\"widget\" data-widget_type=\"text-editor.default\">\n\t\t\t\t<div class=\"elementor-widget-container\">\n\t\t\t\t\t\t\t\t\t<p>As part of its activities, Charles Pozzi SAS, whose registered office is located at 10 Rue Curnonsky, 75017 PARIS, may collect and process information classified as \u201cpersonal data.\u201d Charles Pozzi SAS is responsible for the processing of your personal data and is committed to protecting it in accordance with the General Data Protection Regulation (GDPR) and the French Data Protection Act of 20 June 2018.<\/p>\t\t\t\t\t\t\t\t<\/div>\n\t\t\t\t<\/div>\n\t\t\t\t<div class=\"elementor-element elementor-element-68dcc6e title-2 elementor-widget elementor-widget-heading\" data-id=\"68dcc6e\" data-element_type=\"widget\" data-widget_type=\"heading.default\">\n\t\t\t\t<div class=\"elementor-widget-container\">\n\t\t\t\t\t<h3 class=\"elementor-heading-title elementor-size-default\">Personal data<\/h3>\t\t\t\t<\/div>\n\t\t\t\t<\/div>\n\t\t\t\t<div class=\"elementor-element elementor-element-a654097 elementor-widget elementor-widget-text-editor\" data-id=\"a654097\" data-element_type=\"widget\" data-widget_type=\"text-editor.default\">\n\t\t\t\t<div class=\"elementor-widget-container\">\n\t\t\t\t\t\t\t\t\t<p>On the website www.charles-pozzi.fr, two types of data may be collected:<\/p><p><strong>1. Data transmitted directly<br \/><\/strong><\/p><ul><li data-start=\"889\" data-end=\"947\"><p data-start=\"891\" data-end=\"947\">Name, first name, email, and optionally vehicle of interest.<\/p><\/li><li data-start=\"951\" data-end=\"1010\"><p data-start=\"953\" data-end=\"1010\">Collected via contact forms or by email.<\/p><\/li><\/ul><p><strong>2. Data collected automatically<\/strong><\/p><ul><li data-start=\"1059\" data-end=\"1188\"><p data-start=\"1061\" data-end=\"1188\">Cookies and technical information (anonymized IP address, browser type and version, pages visited, duration of visit).<\/p><\/li><li data-start=\"1192\" data-end=\"1235\"><p data-start=\"1194\" data-end=\"1235\">Collected only after your consent.<\/p><\/li><\/ul>\t\t\t\t\t\t\t\t<\/div>\n\t\t\t\t<\/div>\n\t\t\t\t<div class=\"elementor-element elementor-element-4df462b title-2 elementor-widget elementor-widget-heading\" data-id=\"4df462b\" data-element_type=\"widget\" data-widget_type=\"heading.default\">\n\t\t\t\t<div class=\"elementor-widget-container\">\n\t\t\t\t\t<h3 class=\"elementor-heading-title elementor-size-default\">Purpose of Processing<\/h3>\t\t\t\t<\/div>\n\t\t\t\t<\/div>\n\t\t\t\t<div class=\"elementor-element elementor-element-47899ab elementor-widget elementor-widget-text-editor\" data-id=\"47899ab\" data-element_type=\"widget\" data-widget_type=\"text-editor.default\">\n\t\t\t\t<div class=\"elementor-widget-container\">\n\t\t\t\t\t\t\t\t\t<ul><li data-start=\"1267\" data-end=\"1315\"><p data-start=\"1269\" data-end=\"1315\">To respond to your inquiries and contact you.<\/p><\/li><li data-start=\"1316\" data-end=\"1405\"><p data-start=\"1318\" data-end=\"1405\">To measure and improve the use of the website (via Google Analytics with anonymized IP).<\/p><\/li><\/ul>\t\t\t\t\t\t\t\t<\/div>\n\t\t\t\t<\/div>\n\t\t\t\t<div class=\"elementor-element elementor-element-57f5dbd title-2 elementor-widget elementor-widget-heading\" data-id=\"57f5dbd\" data-element_type=\"widget\" data-widget_type=\"heading.default\">\n\t\t\t\t<div class=\"elementor-widget-container\">\n\t\t\t\t\t<h3 class=\"elementor-heading-title elementor-size-default\">Legal basis<\/h3>\t\t\t\t<\/div>\n\t\t\t\t<\/div>\n\t\t\t\t<div class=\"elementor-element elementor-element-cda9ebb elementor-widget elementor-widget-text-editor\" data-id=\"cda9ebb\" data-element_type=\"widget\" data-widget_type=\"text-editor.default\">\n\t\t\t\t<div class=\"elementor-widget-container\">\n\t\t\t\t\t\t\t\t\t<ul><li data-start=\"1425\" data-end=\"1497\"><p data-start=\"1427\" data-end=\"1497\">Consent for data collected through forms and cookies.<\/p><\/li><li data-start=\"1498\" data-end=\"1639\"><p data-start=\"1500\" data-end=\"1639\">Performance of a contract or legitimate interest where applicable (e.g., responding to a commercial request or improving the website).<\/p><\/li><\/ul>\t\t\t\t\t\t\t\t<\/div>\n\t\t\t\t<\/div>\n\t\t\t\t<div class=\"elementor-element elementor-element-0cd260b title-2 elementor-widget elementor-widget-heading\" data-id=\"0cd260b\" data-element_type=\"widget\" data-widget_type=\"heading.default\">\n\t\t\t\t<div class=\"elementor-widget-container\">\n\t\t\t\t\t<h3 class=\"elementor-heading-title elementor-size-default\">Data Retention<\/h3>\t\t\t\t<\/div>\n\t\t\t\t<\/div>\n\t\t\t\t<div class=\"elementor-element elementor-element-b046dc8 elementor-widget elementor-widget-text-editor\" data-id=\"b046dc8\" data-element_type=\"widget\" data-widget_type=\"text-editor.default\">\n\t\t\t\t<div class=\"elementor-widget-container\">\n\t\t\t\t\t\t\t\t\t<ul><li data-start=\"1669\" data-end=\"1752\"><p data-start=\"1671\" data-end=\"1752\">Contact form data: 2 years from the last interaction.<\/p><\/li><li data-start=\"1753\" data-end=\"1816\"><p data-start=\"1755\" data-end=\"1816\">Analytical \/ cookie data: 13 months (Google Analytics).<\/p><\/li><\/ul>\t\t\t\t\t\t\t\t<\/div>\n\t\t\t\t<\/div>\n\t\t\t\t<div class=\"elementor-element elementor-element-030a632 title-2 elementor-widget elementor-widget-heading\" data-id=\"030a632\" data-element_type=\"widget\" data-widget_type=\"heading.default\">\n\t\t\t\t<div class=\"elementor-widget-container\">\n\t\t\t\t\t<h3 class=\"elementor-heading-title elementor-size-default\">Your rights regarding personal data<\/h3>\t\t\t\t<\/div>\n\t\t\t\t<\/div>\n\t\t\t\t<div class=\"elementor-element elementor-element-cef93be elementor-widget elementor-widget-text-editor\" data-id=\"cef93be\" data-element_type=\"widget\" data-widget_type=\"text-editor.default\">\n\t\t\t\t<div class=\"elementor-widget-container\">\n\t\t\t\t\t\t\t\t\t<p data-start=\"1818\" data-end=\"2029\">Under the GDPR, you have the right to access, correct, delete, restrict, transfer, object to the processing of your data, and <strong data-start=\"1982\" data-end=\"2026\">withdraw your consent at any time.<\/strong>.<\/p><p data-start=\"2031\" data-end=\"2058\">To exercise your rights:<\/p><ul data-start=\"2059\" data-end=\"2163\"><li data-start=\"2059\" data-end=\"2095\"><p data-start=\"2061\" data-end=\"2095\"><strong data-start=\"2061\" data-end=\"2072\">E-mail :<\/strong> <a class=\"decorated-link cursor-pointer\" rel=\"noopener\" data-start=\"2073\" data-end=\"2093\">dpo@charles-pozzi.fr<\/a><\/p><\/li><li data-start=\"2096\" data-end=\"2163\"><p data-start=\"2098\" data-end=\"2163\"><strong data-start=\"2098\" data-end=\"2112\">Mail:<\/strong> CHARLES POZZI SAS, 10 rue Curnonsky, 75017 Paris<\/p><\/li><\/ul><p data-start=\"2165\" data-end=\"2233\">You may also file a <strong data-start=\"2199\" data-end=\"2232\">complaint with the CNIL (French data protection authority).<\/strong>.<\/p>\t\t\t\t\t\t\t\t<\/div>\n\t\t\t\t<\/div>\n\t\t\t\t<div class=\"elementor-element elementor-element-41dad92 title-2 elementor-widget elementor-widget-heading\" data-id=\"41dad92\" data-element_type=\"widget\" data-widget_type=\"heading.default\">\n\t\t\t\t<div class=\"elementor-widget-container\">\n\t\t\t\t\t<h3 class=\"elementor-heading-title elementor-size-default\">Contact Data Protection Officer<\/h3>\t\t\t\t<\/div>\n\t\t\t\t<\/div>\n\t\t\t\t<div class=\"elementor-element elementor-element-08d78ee elementor-widget elementor-widget-text-editor\" data-id=\"08d78ee\" data-element_type=\"widget\" data-widget_type=\"text-editor.default\">\n\t\t\t\t<div class=\"elementor-widget-container\">\n\t\t\t\t\t\t\t\t\tData Protection Officer \u2013 dpo@charles-pozzi.fr\t\t\t\t\t\t\t\t<\/div>\n\t\t\t\t<\/div>\n\t\t\t\t<div class=\"elementor-element elementor-element-633ea1c title-2 elementor-widget elementor-widget-heading\" data-id=\"633ea1c\" data-element_type=\"widget\" data-widget_type=\"heading.default\">\n\t\t\t\t<div class=\"elementor-widget-container\">\n\t\t\t\t\t<h3 class=\"elementor-heading-title elementor-size-default\">Cookies<\/h3>\t\t\t\t<\/div>\n\t\t\t\t<\/div>\n\t\t\t\t<div class=\"elementor-element elementor-element-3f6f49b elementor-widget elementor-widget-text-editor\" data-id=\"3f6f49b\" data-element_type=\"widget\" data-widget_type=\"text-editor.default\">\n\t\t\t\t<div class=\"elementor-widget-container\">\n\t\t\t\t\t\t\t\t\t<p data-start=\"2317\" data-end=\"2350\">The website uses:<\/p><ul data-start=\"2351\" data-end=\"2582\"><li data-start=\"2351\" data-end=\"2422\"><p data-start=\"2353\" data-end=\"2422\"><strong data-start=\"2353\" data-end=\"2388\">Strictly necessary cookies<\/strong> for the operation of the site.<\/p><\/li><li data-start=\"2423\" data-end=\"2531\"><p data-start=\"2425\" data-end=\"2531\"><strong data-start=\"2425\" data-end=\"2463\">Performance \/ analytics cookies<\/strong> to measure site usage (Google Analytics with anonymized IP).<\/p><\/li><li data-start=\"2532\" data-end=\"2582\"><p data-start=\"2534\" data-end=\"2582\"><strong data-start=\"2534\" data-end=\"2565\">Marketing \/ advertising cookies<\/strong> if applicable.<\/p><\/li><\/ul><p data-start=\"2584\" data-end=\"2762\">Consent is required for all non-essential cookies. You can accept or refuse cookies at any time via the banner or your browser settings.<\/p><p data-start=\"2764\" data-end=\"2888\"><strong data-start=\"2764\" data-end=\"2780\">Updates<\/strong><br data-start=\"2780\" data-end=\"2783\" \/>This policy may be updated. The latest version online is always the applicable version.<\/p>\t\t\t\t\t\t\t\t<\/div>\n\t\t\t\t<\/div>\n\t\t\t\t\t<\/div>\n\t\t<\/div>\n\t\t\t\t\t<\/div>\n\t\t<\/section>\n\t\t\t\t<\/div>","protected":false},"excerpt":{"rendered":"<p>politique de confidentialit\u00e9 Introduction Dans le cadre de son activit\u00e9, la soci\u00e9t\u00e9 Charles Pozzi SAS, dont le si\u00e8ge social est situ\u00e9 10 Rue Curnonsky 75017 PARIS, est amen\u00e9e \u00e0 collecter et \u00e0 traiter des informations qualifi\u00e9es de \u00ab donn\u00e9es personnelles \u00bb. Charles Pozzi SAS est responsable du traitement de vos donn\u00e9es personnelles et s\u2019engage \u00e0 [&hellip;]<\/p>\n","protected":false},"author":4,"featured_media":0,"parent":0,"menu_order":0,"comment_status":"closed","ping_status":"closed","template":"elementor_header_footer","meta":{"inline_featured_image":false,"footnotes":""},"class_list":["post-7309","page","type-page","status-publish","hentry"],"yoast_head":"<!-- This site is optimized with the Yoast SEO plugin v27.3 - https:\/\/yoast.com\/product\/yoast-seo-wordpress\/ -->\n<title>Charles Pozzi | Politique de confidentialit\u00e9<\/title>\n<meta name=\"description\" content=\"Politique de confidentialit\u00e9 du Groupe Charles Pozzi\" \/>\n<meta name=\"robots\" content=\"index, follow, max-snippet:-1, max-image-preview:large, max-video-preview:-1\" \/>\n<link rel=\"canonical\" href=\"https:\/\/www.charles-pozzi.fr\/en\/politique-de-confidentialite\/\" \/>\n<meta property=\"og:locale\" content=\"en_US\" \/>\n<meta property=\"og:type\" content=\"article\" \/>\n<meta property=\"og:title\" content=\"Charles Pozzi | Politique de confidentialit\u00e9\" \/>\n<meta property=\"og:description\" content=\"Politique de confidentialit\u00e9 du Groupe Charles Pozzi\" \/>\n<meta property=\"og:url\" content=\"https:\/\/www.charles-pozzi.fr\/en\/politique-de-confidentialite\/\" \/>\n<meta property=\"og:site_name\" content=\"Groupe Charles Pozzi\" \/>\n<meta property=\"article:modified_time\" content=\"2025-12-19T13:10:00+00:00\" \/>\n<meta name=\"twitter:card\" content=\"summary_large_image\" \/>\n<meta name=\"twitter:label1\" content=\"Est. reading time\" \/>\n\t<meta name=\"twitter:data1\" content=\"2 minutes\" \/>\n<script type=\"application\/ld+json\" class=\"yoast-schema-graph\">{\"@context\":\"https:\\\/\\\/schema.org\",\"@graph\":[{\"@type\":\"WebPage\",\"@id\":\"https:\\\/\\\/www.charles-pozzi.fr\\\/politique-de-confidentialite\\\/\",\"url\":\"https:\\\/\\\/www.charles-pozzi.fr\\\/politique-de-confidentialite\\\/\",\"name\":\"Charles Pozzi | Politique de confidentialit\u00e9\",\"isPartOf\":{\"@id\":\"https:\\\/\\\/www.charles-pozzi.fr\\\/#website\"},\"datePublished\":\"2023-07-25T09:54:41+00:00\",\"dateModified\":\"2025-12-19T13:10:00+00:00\",\"description\":\"Politique de confidentialit\u00e9 du Groupe Charles Pozzi\",\"breadcrumb\":{\"@id\":\"https:\\\/\\\/www.charles-pozzi.fr\\\/politique-de-confidentialite\\\/#breadcrumb\"},\"inLanguage\":\"en-US\",\"potentialAction\":[{\"@type\":\"ReadAction\",\"target\":[\"https:\\\/\\\/www.charles-pozzi.fr\\\/politique-de-confidentialite\\\/\"]}]},{\"@type\":\"BreadcrumbList\",\"@id\":\"https:\\\/\\\/www.charles-pozzi.fr\\\/politique-de-confidentialite\\\/#breadcrumb\",\"itemListElement\":[{\"@type\":\"ListItem\",\"position\":1,\"name\":\"Home\",\"item\":\"https:\\\/\\\/www.charles-pozzi.fr\\\/\"},{\"@type\":\"ListItem\",\"position\":2,\"name\":\"Politique de confidentialit\u00e9\"}]},{\"@type\":\"WebSite\",\"@id\":\"https:\\\/\\\/www.charles-pozzi.fr\\\/#website\",\"url\":\"https:\\\/\\\/www.charles-pozzi.fr\\\/\",\"name\":\"Groupe Charles Pozzi\",\"description\":\"D\u00e9couvrez l&#039;univers de l&#039;excellence automobile\",\"publisher\":{\"@id\":\"https:\\\/\\\/www.charles-pozzi.fr\\\/#organization\"},\"potentialAction\":[{\"@type\":\"SearchAction\",\"target\":{\"@type\":\"EntryPoint\",\"urlTemplate\":\"https:\\\/\\\/www.charles-pozzi.fr\\\/?s={search_term_string}\"},\"query-input\":{\"@type\":\"PropertyValueSpecification\",\"valueRequired\":true,\"valueName\":\"search_term_string\"}}],\"inLanguage\":\"en-US\"},{\"@type\":\"Organization\",\"@id\":\"https:\\\/\\\/www.charles-pozzi.fr\\\/#organization\",\"name\":\"Charles Pozzi\",\"url\":\"https:\\\/\\\/www.charles-pozzi.fr\\\/\",\"logo\":{\"@type\":\"ImageObject\",\"inLanguage\":\"en-US\",\"@id\":\"https:\\\/\\\/www.charles-pozzi.fr\\\/#\\\/schema\\\/logo\\\/image\\\/\",\"url\":\"https:\\\/\\\/www.charles-pozzi.fr\\\/wp-content\\\/uploads\\\/2024\\\/09\\\/Logo-Charles-Pozzi.png\",\"contentUrl\":\"https:\\\/\\\/www.charles-pozzi.fr\\\/wp-content\\\/uploads\\\/2024\\\/09\\\/Logo-Charles-Pozzi.png\",\"width\":212,\"height\":120,\"caption\":\"Charles Pozzi\"},\"image\":{\"@id\":\"https:\\\/\\\/www.charles-pozzi.fr\\\/#\\\/schema\\\/logo\\\/image\\\/\"}}]}<\/script>\n<!-- \/ Yoast SEO plugin. -->","yoast_head_json":{"title":"Charles Pozzi | Politique de confidentialit\u00e9","description":"Politique de confidentialit\u00e9 du Groupe Charles Pozzi","robots":{"index":"index","follow":"follow","max-snippet":"max-snippet:-1","max-image-preview":"max-image-preview:large","max-video-preview":"max-video-preview:-1"},"canonical":"https:\/\/www.charles-pozzi.fr\/en\/politique-de-confidentialite\/","og_locale":"en_US","og_type":"article","og_title":"Charles Pozzi | Politique de confidentialit\u00e9","og_description":"Politique de confidentialit\u00e9 du Groupe Charles Pozzi","og_url":"https:\/\/www.charles-pozzi.fr\/en\/politique-de-confidentialite\/","og_site_name":"Groupe Charles Pozzi","article_modified_time":"2025-12-19T13:10:00+00:00","twitter_card":"summary_large_image","twitter_misc":{"Est. reading time":"2 minutes"},"schema":{"@context":"https:\/\/schema.org","@graph":[{"@type":"WebPage","@id":"https:\/\/www.charles-pozzi.fr\/politique-de-confidentialite\/","url":"https:\/\/www.charles-pozzi.fr\/politique-de-confidentialite\/","name":"Charles Pozzi | Politique de confidentialit\u00e9","isPartOf":{"@id":"https:\/\/www.charles-pozzi.fr\/#website"},"datePublished":"2023-07-25T09:54:41+00:00","dateModified":"2025-12-19T13:10:00+00:00","description":"Politique de confidentialit\u00e9 du Groupe Charles Pozzi","breadcrumb":{"@id":"https:\/\/www.charles-pozzi.fr\/politique-de-confidentialite\/#breadcrumb"},"inLanguage":"en-US","potentialAction":[{"@type":"ReadAction","target":["https:\/\/www.charles-pozzi.fr\/politique-de-confidentialite\/"]}]},{"@type":"BreadcrumbList","@id":"https:\/\/www.charles-pozzi.fr\/politique-de-confidentialite\/#breadcrumb","itemListElement":[{"@type":"ListItem","position":1,"name":"Home","item":"https:\/\/www.charles-pozzi.fr\/"},{"@type":"ListItem","position":2,"name":"Politique de confidentialit\u00e9"}]},{"@type":"WebSite","@id":"https:\/\/www.charles-pozzi.fr\/#website","url":"https:\/\/www.charles-pozzi.fr\/","name":"Charles Pozzi Group","description":"D\u00e9couvrez l&#039;univers de l&#039;excellence automobile","publisher":{"@id":"https:\/\/www.charles-pozzi.fr\/#organization"},"potentialAction":[{"@type":"SearchAction","target":{"@type":"EntryPoint","urlTemplate":"https:\/\/www.charles-pozzi.fr\/?s={search_term_string}"},"query-input":{"@type":"PropertyValueSpecification","valueRequired":true,"valueName":"search_term_string"}}],"inLanguage":"en-US"},{"@type":"Organization","@id":"https:\/\/www.charles-pozzi.fr\/#organization","name":"Charles Pozzi","url":"https:\/\/www.charles-pozzi.fr\/","logo":{"@type":"ImageObject","inLanguage":"en-US","@id":"https:\/\/www.charles-pozzi.fr\/#\/schema\/logo\/image\/","url":"https:\/\/www.charles-pozzi.fr\/wp-content\/uploads\/2024\/09\/Logo-Charles-Pozzi.png","contentUrl":"https:\/\/www.charles-pozzi.fr\/wp-content\/uploads\/2024\/09\/Logo-Charles-Pozzi.png","width":212,"height":120,"caption":"Charles Pozzi"},"image":{"@id":"https:\/\/www.charles-pozzi.fr\/#\/schema\/logo\/image\/"}}]}},"_links":{"self":[{"href":"https:\/\/www.charles-pozzi.fr\/en\/wp-json\/wp\/v2\/pages\/7309","targetHints":{"allow":["GET"]}}],"collection":[{"href":"https:\/\/www.charles-pozzi.fr\/en\/wp-json\/wp\/v2\/pages"}],"about":[{"href":"https:\/\/www.charles-pozzi.fr\/en\/wp-json\/wp\/v2\/types\/page"}],"author":[{"embeddable":true,"href":"https:\/\/www.charles-pozzi.fr\/en\/wp-json\/wp\/v2\/users\/4"}],"replies":[{"embeddable":true,"href":"https:\/\/www.charles-pozzi.fr\/en\/wp-json\/wp\/v2\/comments?post=7309"}],"version-history":[{"count":16,"href":"https:\/\/www.charles-pozzi.fr\/en\/wp-json\/wp\/v2\/pages\/7309\/revisions"}],"predecessor-version":[{"id":16737,"href":"https:\/\/www.charles-pozzi.fr\/en\/wp-json\/wp\/v2\/pages\/7309\/revisions\/16737"}],"wp:attachment":[{"href":"https:\/\/www.charles-pozzi.fr\/en\/wp-json\/wp\/v2\/media?parent=7309"}],"curies":[{"name":"wp","href":"https:\/\/api.w.org\/{rel}","templated":true}]}}