{"id":7660,"date":"2023-07-28T15:56:33","date_gmt":"2023-07-28T13:56:33","guid":{"rendered":"https:\/\/www.charles-pozzi.fr\/?page_id=7660"},"modified":"2025-03-31T17:46:54","modified_gmt":"2025-03-31T15:46:54","slug":"notre-histoire","status":"publish","type":"page","link":"https:\/\/www.charles-pozzi.fr\/en\/notre-histoire\/","title":{"rendered":"Our story"},"content":{"rendered":"<div data-elementor-type=\"wp-page\" data-elementor-id=\"7660\" class=\"elementor elementor-7660\" data-elementor-post-type=\"page\">\n\t\t\t\t\t\t<section class=\"elementor-section elementor-top-section elementor-element elementor-element-3e27dc2 elementor-section-height-min-height elementor-section-boxed elementor-section-height-default elementor-section-items-middle\" data-id=\"3e27dc2\" data-element_type=\"section\" data-settings=\"{&quot;background_background&quot;:&quot;classic&quot;}\">\n\t\t\t\t\t\t<div class=\"elementor-container elementor-column-gap-default\">\n\t\t\t\t\t<div class=\"elementor-column elementor-col-100 elementor-top-column elementor-element elementor-element-2063aaf\" data-id=\"2063aaf\" data-element_type=\"column\">\n\t\t\t<div class=\"elementor-widget-wrap elementor-element-populated\">\n\t\t\t\t\t\t<div class=\"elementor-element elementor-element-bdc504c elementor-widget elementor-widget-heading\" data-id=\"bdc504c\" data-element_type=\"widget\" data-widget_type=\"heading.default\">\n\t\t\t\t<div class=\"elementor-widget-container\">\n\t\t\t\t\t<h2 class=\"elementor-heading-title elementor-size-default\">OUR HISTORY<\/h2>\t\t\t\t<\/div>\n\t\t\t\t<\/div>\n\t\t\t\t<div class=\"elementor-element elementor-element-512294b elementor-widget elementor-widget-image\" data-id=\"512294b\" data-element_type=\"widget\" data-widget_type=\"image.default\">\n\t\t\t\t<div class=\"elementor-widget-container\">\n\t\t\t\t\t\t\t\t\t\t\t\t\t\t\t<img decoding=\"async\" width=\"150\" height=\"150\" src=\"https:\/\/www.charles-pozzi.fr\/wp-content\/uploads\/2023\/08\/CP_drapeau_mini_02.svg\" class=\"attachment-thumbnail size-thumbnail wp-image-8432\" alt=\"\" \/>\t\t\t\t\t\t\t\t\t\t\t\t\t\t\t<\/div>\n\t\t\t\t<\/div>\n\t\t\t\t\t<\/div>\n\t\t<\/div>\n\t\t\t\t\t<\/div>\n\t\t<\/section>\n\t\t\t\t<section class=\"elementor-section elementor-top-section elementor-element elementor-element-dcd676d elementor-section-boxed elementor-section-height-default elementor-section-height-default\" data-id=\"dcd676d\" data-element_type=\"section\">\n\t\t\t\t\t\t<div class=\"elementor-container elementor-column-gap-default\">\n\t\t\t\t\t<div class=\"elementor-column elementor-col-50 elementor-top-column elementor-element elementor-element-154dfaf bloc-text-2\" data-id=\"154dfaf\" data-element_type=\"column\">\n\t\t\t<div class=\"elementor-widget-wrap elementor-element-populated\">\n\t\t\t\t\t\t<div class=\"elementor-element elementor-element-cba86db elementor-widget elementor-widget-text-editor\" data-id=\"cba86db\" data-element_type=\"widget\" data-widget_type=\"text-editor.default\">\n\t\t\t\t<div class=\"elementor-widget-container\">\n\t\t\t\t\t\t\t\t\t<p class=\"title-2\">Charles Pozzi Group<\/p><p class=\"text-cta\">The notoriety of a name, the power of a brand, the strength of a team<\/p><p>\"We've all heard the name Charles Pozzi from a close friend, parent or grandparent. And we've always remembered it. And why? Because it rhymes with Ferrari, that's for sure. But also because it evokes a whole area of automotive history, and not the least.<\/p><p>Charles Pozzi, whose real name is Carlo Alberto Pozzi, was born on August 27, 1909 in Paris and died on February 28, 2001 in Levallois-Perret. Passionate about car racing from his childhood, he took part in his first competition, the Grand Prix International de Nice, in 1946, went on to race and in 1971 became the owner of a car racing team that bears his name.<\/p><p>At the same time, he developed a real sense of business, opening his own garage in 1932. Charles Pozzi began by specializing in luxury pre-owned cars. Then, thanks to his close ties with Enzo Ferrari, he became the first official Ferrari importer for France in 1969.<\/p>\t\t\t\t\t\t\t\t<\/div>\n\t\t\t\t<\/div>\n\t\t\t\t\t<\/div>\n\t\t<\/div>\n\t\t\t\t<div class=\"elementor-column elementor-col-50 elementor-top-column elementor-element elementor-element-f6ac3a9\" data-id=\"f6ac3a9\" data-element_type=\"column\">\n\t\t\t<div class=\"elementor-widget-wrap elementor-element-populated\">\n\t\t\t\t\t\t<div class=\"elementor-element elementor-element-7f3d86c elementor-invisible elementor-widget elementor-widget-image\" data-id=\"7f3d86c\" data-element_type=\"widget\" data-settings=\"{&quot;_animation&quot;:&quot;fadeInRight&quot;}\" data-widget_type=\"image.default\">\n\t\t\t\t<div class=\"elementor-widget-container\">\n\t\t\t\t\t\t\t\t\t\t\t\t\t\t\t<img decoding=\"async\" src=\"https:\/\/www.charles-pozzi.fr\/wp-content\/uploads\/2024\/07\/carlos-alberto-charles-pozzi_11zon.webp\" title=\"carlos-alberto-charles-pozzi_11zon\" alt=\"carlos-alberto-charles-pozzi_11zon\" loading=\"lazy\" \/>\t\t\t\t\t\t\t\t\t\t\t\t\t\t\t<\/div>\n\t\t\t\t<\/div>\n\t\t\t\t<div class=\"elementor-element elementor-element-746cdac elementor-widget__width-initial elementor-widget elementor-widget-image\" data-id=\"746cdac\" data-element_type=\"widget\" data-widget_type=\"image.default\">\n\t\t\t\t<div class=\"elementor-widget-container\">\n\t\t\t\t\t\t\t\t\t\t\t\t\t\t\t<img fetchpriority=\"high\" decoding=\"async\" width=\"800\" height=\"450\" src=\"https:\/\/www.charles-pozzi.fr\/wp-content\/uploads\/2025\/01\/IMG_5674-1024x576.jpg\" class=\"attachment-large size-large wp-image-13522\" alt=\"\" srcset=\"https:\/\/www.charles-pozzi.fr\/wp-content\/uploads\/2025\/01\/IMG_5674-1024x576.jpg 1024w, https:\/\/www.charles-pozzi.fr\/wp-content\/uploads\/2025\/01\/IMG_5674-300x169.jpg 300w, https:\/\/www.charles-pozzi.fr\/wp-content\/uploads\/2025\/01\/IMG_5674-768x432.jpg 768w, https:\/\/www.charles-pozzi.fr\/wp-content\/uploads\/2025\/01\/IMG_5674-1536x865.jpg 1536w, https:\/\/www.charles-pozzi.fr\/wp-content\/uploads\/2025\/01\/IMG_5674-2048x1153.jpg 2048w, https:\/\/www.charles-pozzi.fr\/wp-content\/uploads\/2025\/01\/IMG_5674-18x10.jpg 18w\" sizes=\"(max-width: 800px) 100vw, 800px\" \/>\t\t\t\t\t\t\t\t\t\t\t\t\t\t\t<\/div>\n\t\t\t\t<\/div>\n\t\t\t\t\t<\/div>\n\t\t<\/div>\n\t\t\t\t\t<\/div>\n\t\t<\/section>\n\t\t\t\t<section class=\"elementor-section elementor-top-section elementor-element elementor-element-ed5c095 elementor-section-boxed elementor-section-height-default elementor-section-height-default\" data-id=\"ed5c095\" data-element_type=\"section\">\n\t\t\t\t\t\t<div class=\"elementor-container elementor-column-gap-default\">\n\t\t\t\t\t<div class=\"elementor-column elementor-col-100 elementor-top-column elementor-element elementor-element-c2097b1\" data-id=\"c2097b1\" data-element_type=\"column\">\n\t\t\t<div class=\"elementor-widget-wrap elementor-element-populated\">\n\t\t\t\t\t\t<div class=\"elementor-element elementor-element-e113745 elementor-widget elementor-widget-text-editor\" data-id=\"e113745\" data-element_type=\"widget\" data-widget_type=\"text-editor.default\">\n\t\t\t\t<div class=\"elementor-widget-container\">\n\t\t\t\t\t\t\t\t\t<p class=\"quote\">So many people dream of the prancing horse. Why shouldn't I?<\/p>\n<p class=\"author\">Charles Pozzi<\/p>\t\t\t\t\t\t\t\t<\/div>\n\t\t\t\t<\/div>\n\t\t\t\t\t<\/div>\n\t\t<\/div>\n\t\t\t\t\t<\/div>\n\t\t<\/section>\n\t\t\t\t<section class=\"elementor-section elementor-top-section elementor-element elementor-element-c346120 elementor-section-boxed elementor-section-height-default elementor-section-height-default\" data-id=\"c346120\" data-element_type=\"section\">\n\t\t\t\t\t\t<div class=\"elementor-container elementor-column-gap-default\">\n\t\t\t\t\t<div class=\"elementor-column elementor-col-50 elementor-top-column elementor-element elementor-element-cbac83e\" data-id=\"cbac83e\" data-element_type=\"column\">\n\t\t\t<div class=\"elementor-widget-wrap elementor-element-populated\">\n\t\t\t\t\t\t<div class=\"elementor-element elementor-element-65085b4 elementor-invisible elementor-widget elementor-widget-image\" data-id=\"65085b4\" data-element_type=\"widget\" data-settings=\"{&quot;_animation&quot;:&quot;fadeInLeft&quot;}\" data-widget_type=\"image.default\">\n\t\t\t\t<div class=\"elementor-widget-container\">\n\t\t\t\t\t\t\t\t\t\t\t\t\t\t\t<img decoding=\"async\" width=\"683\" height=\"1024\" src=\"https:\/\/www.charles-pozzi.fr\/wp-content\/uploads\/2025\/01\/E.-Neubauer-final-683x1024.jpg\" class=\"attachment-large size-large wp-image-13215\" alt=\"\" srcset=\"https:\/\/www.charles-pozzi.fr\/wp-content\/uploads\/2025\/01\/E.-Neubauer-final-683x1024.jpg 683w, https:\/\/www.charles-pozzi.fr\/wp-content\/uploads\/2025\/01\/E.-Neubauer-final-200x300.jpg 200w, https:\/\/www.charles-pozzi.fr\/wp-content\/uploads\/2025\/01\/E.-Neubauer-final-768x1152.jpg 768w, https:\/\/www.charles-pozzi.fr\/wp-content\/uploads\/2025\/01\/E.-Neubauer-final-1024x1536.jpg 1024w, https:\/\/www.charles-pozzi.fr\/wp-content\/uploads\/2025\/01\/E.-Neubauer-final-1366x2048.jpg 1366w, https:\/\/www.charles-pozzi.fr\/wp-content\/uploads\/2025\/01\/E.-Neubauer-final-8x12.jpg 8w, https:\/\/www.charles-pozzi.fr\/wp-content\/uploads\/2025\/01\/E.-Neubauer-final-scaled.jpg 1707w\" sizes=\"(max-width: 683px) 100vw, 683px\" \/>\t\t\t\t\t\t\t\t\t\t\t\t\t\t\t<\/div>\n\t\t\t\t<\/div>\n\t\t\t\t<div class=\"elementor-element elementor-element-4e6e76a author elementor-widget elementor-widget-text-editor\" data-id=\"4e6e76a\" data-element_type=\"widget\" data-widget_type=\"text-editor.default\">\n\t\t\t\t<div class=\"elementor-widget-container\">\n\t\t\t\t\t\t\t\t\t<p>Eric Neubauer<\/p><p><br><\/p>\t\t\t\t\t\t\t\t<\/div>\n\t\t\t\t<\/div>\n\t\t\t\t<div class=\"elementor-element elementor-element-f8db0a9 position elementor-widget elementor-widget-text-editor\" data-id=\"f8db0a9\" data-element_type=\"widget\" data-widget_type=\"text-editor.default\">\n\t\t\t\t<div class=\"elementor-widget-container\">\n\t\t\t\t\t\t\t\t\t<p>Chairman of the Charles Pozzi Group<\/p>\t\t\t\t\t\t\t\t<\/div>\n\t\t\t\t<\/div>\n\t\t\t\t\t<\/div>\n\t\t<\/div>\n\t\t\t\t<div class=\"elementor-column elementor-col-50 elementor-top-column elementor-element elementor-element-31ef488 bloc-text-2\" data-id=\"31ef488\" data-element_type=\"column\">\n\t\t\t<div class=\"elementor-widget-wrap elementor-element-populated\">\n\t\t\t\t\t\t<div class=\"elementor-element elementor-element-092ec5f elementor-widget elementor-widget-text-editor\" data-id=\"092ec5f\" data-element_type=\"widget\" data-widget_type=\"text-editor.default\">\n\t\t\t\t<div class=\"elementor-widget-container\">\n\t\t\t\t\t\t\t\t\t<p class=\"title-2\">President&#039;s word<\/p><p>My family's industrial history began in the 1870s in Levallois, and has seen many episodes over the generations, from horse-drawn carriages onwards. It was my grandfather Jacques Neubauer who plunged the family into the world of automobile distribution in 1936, becoming the most prestigious Peugeot dealer in the Paris region. In those days, it was fashionable to buy a Peugeot from Neubauer.<\/p><p>At a time when car dealerships are being pushed out of city centers and salespeople for generalist brands are having to go through the digital wringer, I chose to reinvent the codes by focusing on the top end of the market in order to provide our customers with tailor-made immersive experiences.<\/p><p>The opening in Paris Levallois of the largest Ferrari dealership in the world over 16,000 square meters, the expansion of the Le Mans facilities near the emblematic 24-hour circuit and the acquisition of the Car Museum in Vence, a museum space dedicated to the pleasure of automotive, are only the beginning of a new adventure for the Charles Pozzi Group.<\/p><p>Our Group's ambitious development strategy, combined with the genuine passion we love to share and pass on, enables us to offer our customers a host of surprises, both in the distribution and maintenance-restoration of top-of-the-range, classic and competition cars, and in the diversity and originality of the experiences we offer.<\/p><p>To achieve these objectives, our Group has powerful assets: historical family know-how, the solid trust placed in us by our customers and partners for many years and a team of specialized and very high-level professionals.<\/p><p>In 2016, I called on the expertise of my wife, who comes from the demanding world of healthcare and has managed renowned hospital structures for many years.<\/p><p>Her know-how naturally led me to convince her to join the equally demanding world of Ferrari, and to entrust her with the management of Charles Pozzi, to ensure the implementation of the organization and all the processes essential to a successful customer experience.<\/p>\t\t\t\t\t\t\t\t<\/div>\n\t\t\t\t<\/div>\n\t\t\t\t\t<\/div>\n\t\t<\/div>\n\t\t\t\t\t<\/div>\n\t\t<\/section>\n\t\t\t\t<section class=\"elementor-section elementor-top-section elementor-element elementor-element-4573f9d elementor-reverse-mobile elementor-section-boxed elementor-section-height-default elementor-section-height-default\" data-id=\"4573f9d\" data-element_type=\"section\">\n\t\t\t\t\t\t<div class=\"elementor-container elementor-column-gap-default\">\n\t\t\t\t\t<div class=\"elementor-column elementor-col-50 elementor-top-column elementor-element elementor-element-2fda454 bloc-text-2\" data-id=\"2fda454\" data-element_type=\"column\">\n\t\t\t<div class=\"elementor-widget-wrap elementor-element-populated\">\n\t\t\t\t\t\t<div class=\"elementor-element elementor-element-7d5a3ac elementor-widget elementor-widget-text-editor\" data-id=\"7d5a3ac\" data-element_type=\"widget\" data-widget_type=\"text-editor.default\">\n\t\t\t\t<div class=\"elementor-widget-container\">\n\t\t\t\t\t\t\t\t\t<p class=\"title-2\">EXCEPTION, HIGH STANDARDS AND PASSION ARE THE HALLMARKS OF CHARLES POZZI, A GROUP FULLY DEDICATED TO THE PLEASURE AND SATISFACTION OF ITS CUSTOMERS.<\/p>\n\t\t\t\t\t\t\t\t<\/div>\n\t\t\t\t<\/div>\n\t\t\t\t\t<\/div>\n\t\t<\/div>\n\t\t\t\t<div class=\"elementor-column elementor-col-50 elementor-top-column elementor-element elementor-element-ee8b9f1\" data-id=\"ee8b9f1\" data-element_type=\"column\">\n\t\t\t<div class=\"elementor-widget-wrap elementor-element-populated\">\n\t\t\t\t\t\t<section class=\"elementor-section elementor-inner-section elementor-element elementor-element-4845a5c elementor-section-full_width elementor-section-height-default elementor-section-height-default\" data-id=\"4845a5c\" data-element_type=\"section\">\n\t\t\t\t\t\t<div class=\"elementor-container elementor-column-gap-default\">\n\t\t\t\t\t<div class=\"elementor-column elementor-col-100 elementor-inner-column elementor-element elementor-element-66eb338\" data-id=\"66eb338\" data-element_type=\"column\">\n\t\t\t<div class=\"elementor-widget-wrap elementor-element-populated\">\n\t\t\t\t\t\t<div class=\"elementor-element elementor-element-dd4969e elementor-invisible elementor-widget elementor-widget-image\" data-id=\"dd4969e\" data-element_type=\"widget\" data-settings=\"{&quot;_animation&quot;:&quot;fadeInRight&quot;}\" data-widget_type=\"image.default\">\n\t\t\t\t<div class=\"elementor-widget-container\">\n\t\t\t\t\t\t\t\t\t\t\t\t\t\t\t<img loading=\"lazy\" decoding=\"async\" width=\"683\" height=\"1024\" src=\"https:\/\/www.charles-pozzi.fr\/wp-content\/uploads\/2025\/01\/A.Neubauer-683x1024.jpg\" class=\"attachment-large size-large wp-image-13200\" alt=\"\" srcset=\"https:\/\/www.charles-pozzi.fr\/wp-content\/uploads\/2025\/01\/A.Neubauer-683x1024.jpg 683w, https:\/\/www.charles-pozzi.fr\/wp-content\/uploads\/2025\/01\/A.Neubauer-200x300.jpg 200w, https:\/\/www.charles-pozzi.fr\/wp-content\/uploads\/2025\/01\/A.Neubauer-768x1152.jpg 768w, https:\/\/www.charles-pozzi.fr\/wp-content\/uploads\/2025\/01\/A.Neubauer-1024x1536.jpg 1024w, https:\/\/www.charles-pozzi.fr\/wp-content\/uploads\/2025\/01\/A.Neubauer-1365x2048.jpg 1365w, https:\/\/www.charles-pozzi.fr\/wp-content\/uploads\/2025\/01\/A.Neubauer-8x12.jpg 8w, https:\/\/www.charles-pozzi.fr\/wp-content\/uploads\/2025\/01\/A.Neubauer-scaled.jpg 1707w\" sizes=\"(max-width: 683px) 100vw, 683px\" \/>\t\t\t\t\t\t\t\t\t\t\t\t\t\t\t<\/div>\n\t\t\t\t<\/div>\n\t\t\t\t<div class=\"elementor-element elementor-element-bd5bb80 author elementor-widget elementor-widget-text-editor\" data-id=\"bd5bb80\" data-element_type=\"widget\" data-widget_type=\"text-editor.default\">\n\t\t\t\t<div class=\"elementor-widget-container\">\n\t\t\t\t\t\t\t\t\t<p>Armelle Neubauer<\/p>\t\t\t\t\t\t\t\t<\/div>\n\t\t\t\t<\/div>\n\t\t\t\t<div class=\"elementor-element elementor-element-3485b2a position elementor-widget elementor-widget-text-editor\" data-id=\"3485b2a\" data-element_type=\"widget\" data-widget_type=\"text-editor.default\">\n\t\t\t\t<div class=\"elementor-widget-container\">\n\t\t\t\t\t\t\t\t\t<p>Charles Pozzi CEO<\/p>\t\t\t\t\t\t\t\t<\/div>\n\t\t\t\t<\/div>\n\t\t\t\t\t<\/div>\n\t\t<\/div>\n\t\t\t\t\t<\/div>\n\t\t<\/section>\n\t\t\t\t\t<\/div>\n\t\t<\/div>\n\t\t\t\t\t<\/div>\n\t\t<\/section>\n\t\t\t\t<\/div>","protected":false},"excerpt":{"rendered":"<p>NOTRE HISTOIRE Groupe Charles Pozzi La notori\u00e9t\u00e9 d\u2019un nom, la puissance d\u2019une marque, la force d\u2019une \u00e9quipe \u00ab Charles Pozzi \u00bb, ce nom, nous l\u2019avons tous entendu un jour d\u2019un ami proche, d\u2019un parent ou d\u2019un grand-parent. Et nous l\u2019avons toujours gard\u00e9 en m\u00e9moire. Pourquoi ? Parce qu\u2019il rime avec Ferrari, c\u2019est certain. Mais aussi [&hellip;]<\/p>\n","protected":false},"author":11,"featured_media":0,"parent":0,"menu_order":0,"comment_status":"closed","ping_status":"closed","template":"elementor_header_footer","meta":{"inline_featured_image":false,"footnotes":""},"class_list":["post-7660","page","type-page","status-publish","hentry"],"yoast_head":"<!-- This site is optimized with the Yoast SEO plugin v27.3 - https:\/\/yoast.com\/product\/yoast-seo-wordpress\/ -->\n<title>Charles Pozzi - Plus de 90 ans d&#039;exp\u00e9rience \u00e0 votre service<\/title>\n<meta name=\"description\" content=\"La notorit\u00e9 d&#039;un nom, la puissance d&#039;une marque, la force d&#039;une \u00e9quipe : depuis 1934 Charles Pozzi vous propose des voitures d\u2019occasion de grand standing.\" \/>\n<meta name=\"robots\" content=\"index, follow, max-snippet:-1, max-image-preview:large, max-video-preview:-1\" \/>\n<link rel=\"canonical\" href=\"https:\/\/www.charles-pozzi.fr\/en\/notre-histoire\/\" \/>\n<meta property=\"og:locale\" content=\"en_US\" \/>\n<meta property=\"og:type\" content=\"article\" \/>\n<meta property=\"og:title\" content=\"Charles Pozzi - Plus de 90 ans d&#039;exp\u00e9rience \u00e0 votre service\" \/>\n<meta property=\"og:description\" content=\"La notorit\u00e9 d&#039;un nom, la puissance d&#039;une marque, la force d&#039;une \u00e9quipe : depuis 1934 Charles Pozzi vous propose des voitures d\u2019occasion de grand standing.\" \/>\n<meta property=\"og:url\" content=\"https:\/\/www.charles-pozzi.fr\/en\/notre-histoire\/\" \/>\n<meta property=\"og:site_name\" content=\"Groupe Charles Pozzi\" \/>\n<meta property=\"article:modified_time\" content=\"2025-03-31T15:46:54+00:00\" \/>\n<meta name=\"twitter:card\" content=\"summary_large_image\" \/>\n<meta name=\"twitter:label1\" content=\"Est. reading time\" \/>\n\t<meta name=\"twitter:data1\" content=\"4 minutes\" \/>\n<script type=\"application\/ld+json\" class=\"yoast-schema-graph\">{\"@context\":\"https:\\\/\\\/schema.org\",\"@graph\":[{\"@type\":\"WebPage\",\"@id\":\"https:\\\/\\\/www.charles-pozzi.fr\\\/notre-histoire\\\/\",\"url\":\"https:\\\/\\\/www.charles-pozzi.fr\\\/notre-histoire\\\/\",\"name\":\"Charles Pozzi - Plus de 90 ans d'exp\u00e9rience \u00e0 votre service\",\"isPartOf\":{\"@id\":\"https:\\\/\\\/www.charles-pozzi.fr\\\/#website\"},\"primaryImageOfPage\":{\"@id\":\"https:\\\/\\\/www.charles-pozzi.fr\\\/notre-histoire\\\/#primaryimage\"},\"image\":{\"@id\":\"https:\\\/\\\/www.charles-pozzi.fr\\\/notre-histoire\\\/#primaryimage\"},\"thumbnailUrl\":\"https:\\\/\\\/www.charles-pozzi.fr\\\/wp-content\\\/uploads\\\/2023\\\/08\\\/CP_drapeau_mini_02.svg\",\"datePublished\":\"2023-07-28T13:56:33+00:00\",\"dateModified\":\"2025-03-31T15:46:54+00:00\",\"description\":\"La notorit\u00e9 d'un nom, la puissance d'une marque, la force d'une \u00e9quipe : depuis 1934 Charles Pozzi vous propose des voitures d\u2019occasion de grand standing.\",\"breadcrumb\":{\"@id\":\"https:\\\/\\\/www.charles-pozzi.fr\\\/notre-histoire\\\/#breadcrumb\"},\"inLanguage\":\"en-US\",\"potentialAction\":[{\"@type\":\"ReadAction\",\"target\":[\"https:\\\/\\\/www.charles-pozzi.fr\\\/notre-histoire\\\/\"]}]},{\"@type\":\"ImageObject\",\"inLanguage\":\"en-US\",\"@id\":\"https:\\\/\\\/www.charles-pozzi.fr\\\/notre-histoire\\\/#primaryimage\",\"url\":\"https:\\\/\\\/www.charles-pozzi.fr\\\/wp-content\\\/uploads\\\/2023\\\/08\\\/CP_drapeau_mini_02.svg\",\"contentUrl\":\"https:\\\/\\\/www.charles-pozzi.fr\\\/wp-content\\\/uploads\\\/2023\\\/08\\\/CP_drapeau_mini_02.svg\"},{\"@type\":\"BreadcrumbList\",\"@id\":\"https:\\\/\\\/www.charles-pozzi.fr\\\/notre-histoire\\\/#breadcrumb\",\"itemListElement\":[{\"@type\":\"ListItem\",\"position\":1,\"name\":\"Home\",\"item\":\"https:\\\/\\\/www.charles-pozzi.fr\\\/\"},{\"@type\":\"ListItem\",\"position\":2,\"name\":\"Notre Histoire\"}]},{\"@type\":\"WebSite\",\"@id\":\"https:\\\/\\\/www.charles-pozzi.fr\\\/#website\",\"url\":\"https:\\\/\\\/www.charles-pozzi.fr\\\/\",\"name\":\"Groupe Charles Pozzi\",\"description\":\"D\u00e9couvrez l&#039;univers de l&#039;excellence automobile\",\"publisher\":{\"@id\":\"https:\\\/\\\/www.charles-pozzi.fr\\\/#organization\"},\"potentialAction\":[{\"@type\":\"SearchAction\",\"target\":{\"@type\":\"EntryPoint\",\"urlTemplate\":\"https:\\\/\\\/www.charles-pozzi.fr\\\/?s={search_term_string}\"},\"query-input\":{\"@type\":\"PropertyValueSpecification\",\"valueRequired\":true,\"valueName\":\"search_term_string\"}}],\"inLanguage\":\"en-US\"},{\"@type\":\"Organization\",\"@id\":\"https:\\\/\\\/www.charles-pozzi.fr\\\/#organization\",\"name\":\"Charles Pozzi\",\"url\":\"https:\\\/\\\/www.charles-pozzi.fr\\\/\",\"logo\":{\"@type\":\"ImageObject\",\"inLanguage\":\"en-US\",\"@id\":\"https:\\\/\\\/www.charles-pozzi.fr\\\/#\\\/schema\\\/logo\\\/image\\\/\",\"url\":\"https:\\\/\\\/www.charles-pozzi.fr\\\/wp-content\\\/uploads\\\/2024\\\/09\\\/Logo-Charles-Pozzi.png\",\"contentUrl\":\"https:\\\/\\\/www.charles-pozzi.fr\\\/wp-content\\\/uploads\\\/2024\\\/09\\\/Logo-Charles-Pozzi.png\",\"width\":212,\"height\":120,\"caption\":\"Charles Pozzi\"},\"image\":{\"@id\":\"https:\\\/\\\/www.charles-pozzi.fr\\\/#\\\/schema\\\/logo\\\/image\\\/\"}}]}<\/script>\n<!-- \/ Yoast SEO plugin. -->","yoast_head_json":{"title":"Charles Pozzi - Plus de 90 ans d'exp\u00e9rience \u00e0 votre service","description":"La notorit\u00e9 d'un nom, la puissance d'une marque, la force d'une \u00e9quipe : depuis 1934 Charles Pozzi vous propose des voitures d\u2019occasion de grand standing.","robots":{"index":"index","follow":"follow","max-snippet":"max-snippet:-1","max-image-preview":"max-image-preview:large","max-video-preview":"max-video-preview:-1"},"canonical":"https:\/\/www.charles-pozzi.fr\/en\/notre-histoire\/","og_locale":"en_US","og_type":"article","og_title":"Charles Pozzi - Plus de 90 ans d'exp\u00e9rience \u00e0 votre service","og_description":"La notorit\u00e9 d'un nom, la puissance d'une marque, la force d'une \u00e9quipe : depuis 1934 Charles Pozzi vous propose des voitures d\u2019occasion de grand standing.","og_url":"https:\/\/www.charles-pozzi.fr\/en\/notre-histoire\/","og_site_name":"Groupe Charles Pozzi","article_modified_time":"2025-03-31T15:46:54+00:00","twitter_card":"summary_large_image","twitter_misc":{"Est. reading time":"4 minutes"},"schema":{"@context":"https:\/\/schema.org","@graph":[{"@type":"WebPage","@id":"https:\/\/www.charles-pozzi.fr\/notre-histoire\/","url":"https:\/\/www.charles-pozzi.fr\/notre-histoire\/","name":"Charles Pozzi - Plus de 90 ans d'exp\u00e9rience \u00e0 votre service","isPartOf":{"@id":"https:\/\/www.charles-pozzi.fr\/#website"},"primaryImageOfPage":{"@id":"https:\/\/www.charles-pozzi.fr\/notre-histoire\/#primaryimage"},"image":{"@id":"https:\/\/www.charles-pozzi.fr\/notre-histoire\/#primaryimage"},"thumbnailUrl":"https:\/\/www.charles-pozzi.fr\/wp-content\/uploads\/2023\/08\/CP_drapeau_mini_02.svg","datePublished":"2023-07-28T13:56:33+00:00","dateModified":"2025-03-31T15:46:54+00:00","description":"La notorit\u00e9 d'un nom, la puissance d'une marque, la force d'une \u00e9quipe : depuis 1934 Charles Pozzi vous propose des voitures d\u2019occasion de grand standing.","breadcrumb":{"@id":"https:\/\/www.charles-pozzi.fr\/notre-histoire\/#breadcrumb"},"inLanguage":"en-US","potentialAction":[{"@type":"ReadAction","target":["https:\/\/www.charles-pozzi.fr\/notre-histoire\/"]}]},{"@type":"ImageObject","inLanguage":"en-US","@id":"https:\/\/www.charles-pozzi.fr\/notre-histoire\/#primaryimage","url":"https:\/\/www.charles-pozzi.fr\/wp-content\/uploads\/2023\/08\/CP_drapeau_mini_02.svg","contentUrl":"https:\/\/www.charles-pozzi.fr\/wp-content\/uploads\/2023\/08\/CP_drapeau_mini_02.svg"},{"@type":"BreadcrumbList","@id":"https:\/\/www.charles-pozzi.fr\/notre-histoire\/#breadcrumb","itemListElement":[{"@type":"ListItem","position":1,"name":"Home","item":"https:\/\/www.charles-pozzi.fr\/"},{"@type":"ListItem","position":2,"name":"Notre Histoire"}]},{"@type":"WebSite","@id":"https:\/\/www.charles-pozzi.fr\/#website","url":"https:\/\/www.charles-pozzi.fr\/","name":"Charles Pozzi Group","description":"D\u00e9couvrez l&#039;univers de l&#039;excellence automobile","publisher":{"@id":"https:\/\/www.charles-pozzi.fr\/#organization"},"potentialAction":[{"@type":"SearchAction","target":{"@type":"EntryPoint","urlTemplate":"https:\/\/www.charles-pozzi.fr\/?s={search_term_string}"},"query-input":{"@type":"PropertyValueSpecification","valueRequired":true,"valueName":"search_term_string"}}],"inLanguage":"en-US"},{"@type":"Organization","@id":"https:\/\/www.charles-pozzi.fr\/#organization","name":"Charles Pozzi","url":"https:\/\/www.charles-pozzi.fr\/","logo":{"@type":"ImageObject","inLanguage":"en-US","@id":"https:\/\/www.charles-pozzi.fr\/#\/schema\/logo\/image\/","url":"https:\/\/www.charles-pozzi.fr\/wp-content\/uploads\/2024\/09\/Logo-Charles-Pozzi.png","contentUrl":"https:\/\/www.charles-pozzi.fr\/wp-content\/uploads\/2024\/09\/Logo-Charles-Pozzi.png","width":212,"height":120,"caption":"Charles Pozzi"},"image":{"@id":"https:\/\/www.charles-pozzi.fr\/#\/schema\/logo\/image\/"}}]}},"_links":{"self":[{"href":"https:\/\/www.charles-pozzi.fr\/en\/wp-json\/wp\/v2\/pages\/7660","targetHints":{"allow":["GET"]}}],"collection":[{"href":"https:\/\/www.charles-pozzi.fr\/en\/wp-json\/wp\/v2\/pages"}],"about":[{"href":"https:\/\/www.charles-pozzi.fr\/en\/wp-json\/wp\/v2\/types\/page"}],"author":[{"embeddable":true,"href":"https:\/\/www.charles-pozzi.fr\/en\/wp-json\/wp\/v2\/users\/11"}],"replies":[{"embeddable":true,"href":"https:\/\/www.charles-pozzi.fr\/en\/wp-json\/wp\/v2\/comments?post=7660"}],"version-history":[{"count":218,"href":"https:\/\/www.charles-pozzi.fr\/en\/wp-json\/wp\/v2\/pages\/7660\/revisions"}],"predecessor-version":[{"id":15050,"href":"https:\/\/www.charles-pozzi.fr\/en\/wp-json\/wp\/v2\/pages\/7660\/revisions\/15050"}],"wp:attachment":[{"href":"https:\/\/www.charles-pozzi.fr\/en\/wp-json\/wp\/v2\/media?parent=7660"}],"curies":[{"name":"wp","href":"https:\/\/api.w.org\/{rel}","templated":true}]}}