{"id":8542,"date":"2023-08-11T14:36:04","date_gmt":"2023-08-11T12:36:04","guid":{"rendered":"https:\/\/www.charles-pozzi.fr\/?page_id=8542"},"modified":"2025-11-27T15:57:20","modified_gmt":"2025-11-27T14:57:20","slug":"site-le-mans","status":"publish","type":"page","link":"https:\/\/www.charles-pozzi.fr\/en\/site-le-mans\/","title":{"rendered":"Site | Le Mans"},"content":{"rendered":"<div data-elementor-type=\"wp-page\" data-elementor-id=\"8542\" class=\"elementor elementor-8542\" data-elementor-post-type=\"page\">\n\t\t\t\t\t\t<section class=\"elementor-section elementor-top-section elementor-element elementor-element-3e27dc2 elementor-section-height-min-height elementor-section-content-middle elementor-section-boxed elementor-section-height-default elementor-section-items-middle\" data-id=\"3e27dc2\" data-element_type=\"section\" data-settings=\"{&quot;background_background&quot;:&quot;classic&quot;}\">\n\t\t\t\t\t\t<div class=\"elementor-container elementor-column-gap-default\">\n\t\t\t\t\t<div class=\"elementor-column elementor-col-100 elementor-top-column elementor-element elementor-element-2063aaf\" data-id=\"2063aaf\" data-element_type=\"column\">\n\t\t\t<div class=\"elementor-widget-wrap\">\n\t\t\t\t\t\t\t<\/div>\n\t\t<\/div>\n\t\t\t\t\t<\/div>\n\t\t<\/section>\n\t\t\t\t<section class=\"elementor-section elementor-top-section elementor-element elementor-element-af78b48 margin-top-title elementor-section-boxed elementor-section-height-default elementor-section-height-default\" data-id=\"af78b48\" data-element_type=\"section\">\n\t\t\t\t\t\t<div class=\"elementor-container elementor-column-gap-default\">\n\t\t\t\t\t<div class=\"elementor-column elementor-col-100 elementor-top-column elementor-element elementor-element-3288016\" data-id=\"3288016\" data-element_type=\"column\" data-settings=\"{&quot;background_background&quot;:&quot;classic&quot;}\">\n\t\t\t<div class=\"elementor-widget-wrap elementor-element-populated\">\n\t\t\t\t\t\t<div class=\"elementor-element elementor-element-fb04678 elementor-widget elementor-widget-text-editor\" data-id=\"fb04678\" data-element_type=\"widget\" data-widget_type=\"text-editor.default\">\n\t\t\t\t<div class=\"elementor-widget-container\">\n\t\t\t\t\t\t\t\t\t<p class=\"title-1\">Charles Pozzi Le Mans<\/p>\t\t\t\t\t\t\t\t<\/div>\n\t\t\t\t<\/div>\n\t\t\t\t\t<\/div>\n\t\t<\/div>\n\t\t\t\t\t<\/div>\n\t\t<\/section>\n\t\t\t\t<section class=\"elementor-section elementor-top-section elementor-element elementor-element-dcd676d elementor-section-boxed elementor-section-height-default elementor-section-height-default\" data-id=\"dcd676d\" data-element_type=\"section\">\n\t\t\t\t\t\t<div class=\"elementor-container elementor-column-gap-default\">\n\t\t\t\t\t<div class=\"elementor-column elementor-col-100 elementor-top-column elementor-element elementor-element-90483f8\" data-id=\"90483f8\" data-element_type=\"column\" data-settings=\"{&quot;background_background&quot;:&quot;classic&quot;}\">\n\t\t\t<div class=\"elementor-widget-wrap elementor-element-populated\">\n\t\t\t\t\t\t<div class=\"elementor-element elementor-element-6625073 elementor-widget elementor-widget-text-editor\" data-id=\"6625073\" data-element_type=\"widget\" data-widget_type=\"text-editor.default\">\n\t\t\t\t<div class=\"elementor-widget-container\">\n\t\t\t\t\t\t\t\t\ta place steeped in history\t\t\t\t\t\t\t\t<\/div>\n\t\t\t\t<\/div>\n\t\t\t\t<div class=\"elementor-element elementor-element-fa28281 elementor-widget elementor-widget-text-editor\" data-id=\"fa28281\" data-element_type=\"widget\" data-widget_type=\"text-editor.default\">\n\t\t\t\t<div class=\"elementor-widget-container\">\n\t\t\t\t\t\t\t\t\t<p>In 2016, the company moved into the former Courage Comp\u00e9tition stable premises in<br \/>just a stone's throw from the 24 Hours of Le Mans racetrack, Charles Pozzi has chosen to welcome his customers to a place steeped in history and fervor, where their passion for motor racing comes first. For a long time a service point for the maintenance and sale of pre-owned cars, the site has recently been given a new 550 m2 showroom, giving it a whole new dimension. Inaugurated on the occasion of a gala evening organized by Ferrari to celebrate the centenary of the 24 Hours of Le Mans - won by Ferrari in the process - the Charles Pozzi showroom in Le Mans is now a warm and exclusive meeting place, where Ferraristi can have their vehicles serviced, meet for cocktails or an evening out, and spend some extraordinary moments together.<\/p>\t\t\t\t\t\t\t\t<\/div>\n\t\t\t\t<\/div>\n\t\t\t\t\t<\/div>\n\t\t<\/div>\n\t\t\t\t\t<\/div>\n\t\t<\/section>\n\t\t\t\t<section class=\"elementor-section elementor-top-section elementor-element elementor-element-9efe60e elementor-section-boxed elementor-section-height-default elementor-section-height-default\" data-id=\"9efe60e\" data-element_type=\"section\">\n\t\t\t\t\t\t<div class=\"elementor-container elementor-column-gap-default\">\n\t\t\t\t\t<div class=\"elementor-column elementor-col-100 elementor-top-column elementor-element elementor-element-8e33fca\" data-id=\"8e33fca\" data-element_type=\"column\">\n\t\t\t<div class=\"elementor-widget-wrap elementor-element-populated\">\n\t\t\t\t\t\t<div class=\"elementor-element elementor-element-fe4914c elementor-widget elementor-widget-text-editor\" data-id=\"fe4914c\" data-element_type=\"widget\" data-widget_type=\"text-editor.default\">\n\t\t\t\t<div class=\"elementor-widget-container\">\n\t\t\t\t\t\t\t\t\t<p class=\"title-2\">A wide range of models to suit every taste<\/p>\t\t\t\t\t\t\t\t<\/div>\n\t\t\t\t<\/div>\n\t\t\t\t\t<\/div>\n\t\t<\/div>\n\t\t\t\t\t<\/div>\n\t\t<\/section>\n\t\t\t\t<section class=\"elementor-section elementor-top-section elementor-element elementor-element-d6f4c7c elementor-section-boxed elementor-section-height-default elementor-section-height-default\" data-id=\"d6f4c7c\" data-element_type=\"section\">\n\t\t\t\t\t\t<div class=\"elementor-container elementor-column-gap-default\">\n\t\t\t\t\t<div class=\"elementor-column elementor-col-100 elementor-top-column elementor-element elementor-element-27cf374\" data-id=\"27cf374\" data-element_type=\"column\" data-settings=\"{&quot;background_background&quot;:&quot;classic&quot;}\">\n\t\t\t<div class=\"elementor-widget-wrap elementor-element-populated\">\n\t\t\t\t\t\t<div class=\"elementor-element elementor-element-92660cd elementor-widget elementor-widget-heading\" data-id=\"92660cd\" data-element_type=\"widget\" data-widget_type=\"heading.default\">\n\t\t\t\t<div class=\"elementor-widget-container\">\n\t\t\t\t\t<h3 class=\"elementor-heading-title elementor-size-default\">Ferrari<\/h3>\t\t\t\t<\/div>\n\t\t\t\t<\/div>\n\t\t\t\t<div class=\"elementor-element elementor-element-d9f9685 elementor-widget elementor-widget-image\" data-id=\"d9f9685\" data-element_type=\"widget\" data-widget_type=\"image.default\">\n\t\t\t\t<div class=\"elementor-widget-container\">\n\t\t\t\t\t\t\t\t\t\t\t\t\t\t\t<img fetchpriority=\"high\" decoding=\"async\" width=\"1920\" height=\"1280\" src=\"https:\/\/www.charles-pozzi.fr\/wp-content\/uploads\/2025\/01\/showroom-le-mans.jpg\" class=\"attachment-2048x2048 size-2048x2048 wp-image-13403\" alt=\"\" srcset=\"https:\/\/www.charles-pozzi.fr\/wp-content\/uploads\/2025\/01\/showroom-le-mans.jpg 1920w, https:\/\/www.charles-pozzi.fr\/wp-content\/uploads\/2025\/01\/showroom-le-mans-300x200.jpg 300w, https:\/\/www.charles-pozzi.fr\/wp-content\/uploads\/2025\/01\/showroom-le-mans-1024x683.jpg 1024w, https:\/\/www.charles-pozzi.fr\/wp-content\/uploads\/2025\/01\/showroom-le-mans-768x512.jpg 768w, https:\/\/www.charles-pozzi.fr\/wp-content\/uploads\/2025\/01\/showroom-le-mans-1536x1024.jpg 1536w, https:\/\/www.charles-pozzi.fr\/wp-content\/uploads\/2025\/01\/showroom-le-mans-18x12.jpg 18w\" sizes=\"(max-width: 1920px) 100vw, 1920px\" \/>\t\t\t\t\t\t\t\t\t\t\t\t\t\t\t<\/div>\n\t\t\t\t<\/div>\n\t\t\t\t<div class=\"elementor-element elementor-element-264854d elementor-widget elementor-widget-text-editor\" data-id=\"264854d\" data-element_type=\"widget\" data-widget_type=\"text-editor.default\">\n\t\t\t\t<div class=\"elementor-widget-container\">\n\t\t\t\t\t\t\t\t\t<p>Meet our team of enthusiasts for the purchase and maintenance of your Ferrari.<\/p>\t\t\t\t\t\t\t\t<\/div>\n\t\t\t\t<\/div>\n\t\t\t\t<div class=\"elementor-element elementor-element-e811b6b elementor-widget elementor-widget-text-editor\" data-id=\"e811b6b\" data-element_type=\"widget\" data-widget_type=\"text-editor.default\">\n\t\t\t\t<div class=\"elementor-widget-container\">\n\t\t\t\t\t\t\t\t\t<a class=\"cta-white\" href=\"https:\/\/www.charles-pozzi.fr\/en\/site-le-mans-ferrari\/\" target=\"_blank\" rel=\"noopener\">Learn more<\/a>\t\t\t\t\t\t\t\t<\/div>\n\t\t\t\t<\/div>\n\t\t\t\t\t<\/div>\n\t\t<\/div>\n\t\t\t\t\t<\/div>\n\t\t<\/section>\n\t\t\t\t<section class=\"elementor-section elementor-top-section elementor-element elementor-element-34686c5 elementor-section-boxed elementor-section-height-default elementor-section-height-default\" data-id=\"34686c5\" data-element_type=\"section\">\n\t\t\t\t\t\t<div class=\"elementor-container elementor-column-gap-default\">\n\t\t\t\t\t<div class=\"elementor-column elementor-col-100 elementor-top-column elementor-element elementor-element-23a0f10\" data-id=\"23a0f10\" data-element_type=\"column\">\n\t\t\t<div class=\"elementor-widget-wrap elementor-element-populated\">\n\t\t\t\t\t\t<div class=\"elementor-element elementor-element-7d92552 elementor-widget elementor-widget-spacer\" data-id=\"7d92552\" data-element_type=\"widget\" data-widget_type=\"spacer.default\">\n\t\t\t\t<div class=\"elementor-widget-container\">\n\t\t\t\t\t\t\t<div class=\"elementor-spacer\">\n\t\t\t<div class=\"elementor-spacer-inner\"><\/div>\n\t\t<\/div>\n\t\t\t\t\t\t<\/div>\n\t\t\t\t<\/div>\n\t\t\t\t\t<\/div>\n\t\t<\/div>\n\t\t\t\t\t<\/div>\n\t\t<\/section>\n\t\t\t\t<\/div>","protected":false},"excerpt":{"rendered":"<p>Charles Pozzi Le Mans un lieu charg\u00e9 d&rsquo;histoire En s\u2019installant d\u00e8s 2016 dans les locaux de l\u2019ancienne \u00e9curie Courage Comp\u00e9tition, \u00e0quelques pas du circuit des 24 Heures du Mans, Charles Pozzi a choisi d\u2019accueillir ses clients dans un lieu charg\u00e9 d\u2019histoire et de ferveur, au plus pr\u00e8s de leur passion pour la course automobile. Longtemps [&hellip;]<\/p>\n","protected":false},"author":11,"featured_media":0,"parent":0,"menu_order":0,"comment_status":"closed","ping_status":"closed","template":"elementor_header_footer","meta":{"inline_featured_image":false,"footnotes":""},"class_list":["post-8542","page","type-page","status-publish","hentry"],"yoast_head":"<!-- This site is optimized with the Yoast SEO plugin v27.3 - https:\/\/yoast.com\/product\/yoast-seo-wordpress\/ -->\n<title>Charles Pozzi Le Mans - Sur les terres des 24 heures du Mans<\/title>\n<meta name=\"description\" content=\"Point Service Officiel Ferrari, Charles Pozzi Le Mans vous accueille proche du circuit des 24 heures afin d&#039;entretenir votre Ferrari ou d\u00e9couvrir nos occasions.\" \/>\n<meta name=\"robots\" content=\"index, follow, max-snippet:-1, max-image-preview:large, max-video-preview:-1\" \/>\n<link rel=\"canonical\" href=\"https:\/\/www.charles-pozzi.fr\/en\/site-le-mans\/\" \/>\n<meta property=\"og:locale\" content=\"en_US\" \/>\n<meta property=\"og:type\" content=\"article\" \/>\n<meta property=\"og:title\" content=\"Charles Pozzi Le Mans - Sur les terres des 24 heures du Mans\" \/>\n<meta property=\"og:description\" content=\"Point Service Officiel Ferrari, Charles Pozzi Le Mans vous accueille proche du circuit des 24 heures afin d&#039;entretenir votre Ferrari ou d\u00e9couvrir nos occasions.\" \/>\n<meta property=\"og:url\" content=\"https:\/\/www.charles-pozzi.fr\/en\/site-le-mans\/\" \/>\n<meta property=\"og:site_name\" content=\"Groupe Charles Pozzi\" \/>\n<meta property=\"article:modified_time\" content=\"2025-11-27T14:57:20+00:00\" \/>\n<meta property=\"og:image\" content=\"https:\/\/www.charles-pozzi.fr\/wp-content\/uploads\/2025\/01\/showroom-le-mans.jpg\" \/>\n\t<meta property=\"og:image:width\" content=\"1920\" \/>\n\t<meta property=\"og:image:height\" content=\"1280\" \/>\n\t<meta property=\"og:image:type\" content=\"image\/jpeg\" \/>\n<meta name=\"twitter:card\" content=\"summary_large_image\" \/>\n<meta name=\"twitter:label1\" content=\"Est. reading time\" \/>\n\t<meta name=\"twitter:data1\" content=\"2 minutes\" \/>\n<script type=\"application\/ld+json\" class=\"yoast-schema-graph\">{\"@context\":\"https:\\\/\\\/schema.org\",\"@graph\":[{\"@type\":\"WebPage\",\"@id\":\"https:\\\/\\\/www.charles-pozzi.fr\\\/site-le-mans\\\/\",\"url\":\"https:\\\/\\\/www.charles-pozzi.fr\\\/site-le-mans\\\/\",\"name\":\"Charles Pozzi Le Mans - Sur les terres des 24 heures du Mans\",\"isPartOf\":{\"@id\":\"https:\\\/\\\/www.charles-pozzi.fr\\\/#website\"},\"primaryImageOfPage\":{\"@id\":\"https:\\\/\\\/www.charles-pozzi.fr\\\/site-le-mans\\\/#primaryimage\"},\"image\":{\"@id\":\"https:\\\/\\\/www.charles-pozzi.fr\\\/site-le-mans\\\/#primaryimage\"},\"thumbnailUrl\":\"https:\\\/\\\/www.charles-pozzi.fr\\\/wp-content\\\/uploads\\\/2025\\\/01\\\/showroom-le-mans.jpg\",\"datePublished\":\"2023-08-11T12:36:04+00:00\",\"dateModified\":\"2025-11-27T14:57:20+00:00\",\"description\":\"Point Service Officiel Ferrari, Charles Pozzi Le Mans vous accueille proche du circuit des 24 heures afin d'entretenir votre Ferrari ou d\u00e9couvrir nos occasions.\",\"breadcrumb\":{\"@id\":\"https:\\\/\\\/www.charles-pozzi.fr\\\/site-le-mans\\\/#breadcrumb\"},\"inLanguage\":\"en-US\",\"potentialAction\":[{\"@type\":\"ReadAction\",\"target\":[\"https:\\\/\\\/www.charles-pozzi.fr\\\/site-le-mans\\\/\"]}]},{\"@type\":\"ImageObject\",\"inLanguage\":\"en-US\",\"@id\":\"https:\\\/\\\/www.charles-pozzi.fr\\\/site-le-mans\\\/#primaryimage\",\"url\":\"https:\\\/\\\/www.charles-pozzi.fr\\\/wp-content\\\/uploads\\\/2025\\\/01\\\/showroom-le-mans.jpg\",\"contentUrl\":\"https:\\\/\\\/www.charles-pozzi.fr\\\/wp-content\\\/uploads\\\/2025\\\/01\\\/showroom-le-mans.jpg\"},{\"@type\":\"BreadcrumbList\",\"@id\":\"https:\\\/\\\/www.charles-pozzi.fr\\\/site-le-mans\\\/#breadcrumb\",\"itemListElement\":[{\"@type\":\"ListItem\",\"position\":1,\"name\":\"Home\",\"item\":\"https:\\\/\\\/www.charles-pozzi.fr\\\/\"},{\"@type\":\"ListItem\",\"position\":2,\"name\":\"Site | Le Mans\"}]},{\"@type\":\"WebSite\",\"@id\":\"https:\\\/\\\/www.charles-pozzi.fr\\\/#website\",\"url\":\"https:\\\/\\\/www.charles-pozzi.fr\\\/\",\"name\":\"Groupe Charles Pozzi\",\"description\":\"D\u00e9couvrez l&#039;univers de l&#039;excellence automobile\",\"publisher\":{\"@id\":\"https:\\\/\\\/www.charles-pozzi.fr\\\/#organization\"},\"potentialAction\":[{\"@type\":\"SearchAction\",\"target\":{\"@type\":\"EntryPoint\",\"urlTemplate\":\"https:\\\/\\\/www.charles-pozzi.fr\\\/?s={search_term_string}\"},\"query-input\":{\"@type\":\"PropertyValueSpecification\",\"valueRequired\":true,\"valueName\":\"search_term_string\"}}],\"inLanguage\":\"en-US\"},{\"@type\":\"Organization\",\"@id\":\"https:\\\/\\\/www.charles-pozzi.fr\\\/#organization\",\"name\":\"Charles Pozzi\",\"url\":\"https:\\\/\\\/www.charles-pozzi.fr\\\/\",\"logo\":{\"@type\":\"ImageObject\",\"inLanguage\":\"en-US\",\"@id\":\"https:\\\/\\\/www.charles-pozzi.fr\\\/#\\\/schema\\\/logo\\\/image\\\/\",\"url\":\"https:\\\/\\\/www.charles-pozzi.fr\\\/wp-content\\\/uploads\\\/2024\\\/09\\\/Logo-Charles-Pozzi.png\",\"contentUrl\":\"https:\\\/\\\/www.charles-pozzi.fr\\\/wp-content\\\/uploads\\\/2024\\\/09\\\/Logo-Charles-Pozzi.png\",\"width\":212,\"height\":120,\"caption\":\"Charles Pozzi\"},\"image\":{\"@id\":\"https:\\\/\\\/www.charles-pozzi.fr\\\/#\\\/schema\\\/logo\\\/image\\\/\"}}]}<\/script>\n<!-- \/ Yoast SEO plugin. -->","yoast_head_json":{"title":"Charles Pozzi Le Mans - Sur les terres des 24 heures du Mans","description":"Point Service Officiel Ferrari, Charles Pozzi Le Mans vous accueille proche du circuit des 24 heures afin d'entretenir votre Ferrari ou d\u00e9couvrir nos occasions.","robots":{"index":"index","follow":"follow","max-snippet":"max-snippet:-1","max-image-preview":"max-image-preview:large","max-video-preview":"max-video-preview:-1"},"canonical":"https:\/\/www.charles-pozzi.fr\/en\/site-le-mans\/","og_locale":"en_US","og_type":"article","og_title":"Charles Pozzi Le Mans - Sur les terres des 24 heures du Mans","og_description":"Point Service Officiel Ferrari, Charles Pozzi Le Mans vous accueille proche du circuit des 24 heures afin d'entretenir votre Ferrari ou d\u00e9couvrir nos occasions.","og_url":"https:\/\/www.charles-pozzi.fr\/en\/site-le-mans\/","og_site_name":"Groupe Charles Pozzi","article_modified_time":"2025-11-27T14:57:20+00:00","og_image":[{"width":1920,"height":1280,"url":"https:\/\/www.charles-pozzi.fr\/wp-content\/uploads\/2025\/01\/showroom-le-mans.jpg","type":"image\/jpeg"}],"twitter_card":"summary_large_image","twitter_misc":{"Est. reading time":"2 minutes"},"schema":{"@context":"https:\/\/schema.org","@graph":[{"@type":"WebPage","@id":"https:\/\/www.charles-pozzi.fr\/site-le-mans\/","url":"https:\/\/www.charles-pozzi.fr\/site-le-mans\/","name":"Charles Pozzi Le Mans - Sur les terres des 24 heures du Mans","isPartOf":{"@id":"https:\/\/www.charles-pozzi.fr\/#website"},"primaryImageOfPage":{"@id":"https:\/\/www.charles-pozzi.fr\/site-le-mans\/#primaryimage"},"image":{"@id":"https:\/\/www.charles-pozzi.fr\/site-le-mans\/#primaryimage"},"thumbnailUrl":"https:\/\/www.charles-pozzi.fr\/wp-content\/uploads\/2025\/01\/showroom-le-mans.jpg","datePublished":"2023-08-11T12:36:04+00:00","dateModified":"2025-11-27T14:57:20+00:00","description":"Point Service Officiel Ferrari, Charles Pozzi Le Mans vous accueille proche du circuit des 24 heures afin d'entretenir votre Ferrari ou d\u00e9couvrir nos occasions.","breadcrumb":{"@id":"https:\/\/www.charles-pozzi.fr\/site-le-mans\/#breadcrumb"},"inLanguage":"en-US","potentialAction":[{"@type":"ReadAction","target":["https:\/\/www.charles-pozzi.fr\/site-le-mans\/"]}]},{"@type":"ImageObject","inLanguage":"en-US","@id":"https:\/\/www.charles-pozzi.fr\/site-le-mans\/#primaryimage","url":"https:\/\/www.charles-pozzi.fr\/wp-content\/uploads\/2025\/01\/showroom-le-mans.jpg","contentUrl":"https:\/\/www.charles-pozzi.fr\/wp-content\/uploads\/2025\/01\/showroom-le-mans.jpg"},{"@type":"BreadcrumbList","@id":"https:\/\/www.charles-pozzi.fr\/site-le-mans\/#breadcrumb","itemListElement":[{"@type":"ListItem","position":1,"name":"Home","item":"https:\/\/www.charles-pozzi.fr\/"},{"@type":"ListItem","position":2,"name":"Site | Le Mans"}]},{"@type":"WebSite","@id":"https:\/\/www.charles-pozzi.fr\/#website","url":"https:\/\/www.charles-pozzi.fr\/","name":"Charles Pozzi Group","description":"D\u00e9couvrez l&#039;univers de l&#039;excellence automobile","publisher":{"@id":"https:\/\/www.charles-pozzi.fr\/#organization"},"potentialAction":[{"@type":"SearchAction","target":{"@type":"EntryPoint","urlTemplate":"https:\/\/www.charles-pozzi.fr\/?s={search_term_string}"},"query-input":{"@type":"PropertyValueSpecification","valueRequired":true,"valueName":"search_term_string"}}],"inLanguage":"en-US"},{"@type":"Organization","@id":"https:\/\/www.charles-pozzi.fr\/#organization","name":"Charles Pozzi","url":"https:\/\/www.charles-pozzi.fr\/","logo":{"@type":"ImageObject","inLanguage":"en-US","@id":"https:\/\/www.charles-pozzi.fr\/#\/schema\/logo\/image\/","url":"https:\/\/www.charles-pozzi.fr\/wp-content\/uploads\/2024\/09\/Logo-Charles-Pozzi.png","contentUrl":"https:\/\/www.charles-pozzi.fr\/wp-content\/uploads\/2024\/09\/Logo-Charles-Pozzi.png","width":212,"height":120,"caption":"Charles Pozzi"},"image":{"@id":"https:\/\/www.charles-pozzi.fr\/#\/schema\/logo\/image\/"}}]}},"_links":{"self":[{"href":"https:\/\/www.charles-pozzi.fr\/en\/wp-json\/wp\/v2\/pages\/8542","targetHints":{"allow":["GET"]}}],"collection":[{"href":"https:\/\/www.charles-pozzi.fr\/en\/wp-json\/wp\/v2\/pages"}],"about":[{"href":"https:\/\/www.charles-pozzi.fr\/en\/wp-json\/wp\/v2\/types\/page"}],"author":[{"embeddable":true,"href":"https:\/\/www.charles-pozzi.fr\/en\/wp-json\/wp\/v2\/users\/11"}],"replies":[{"embeddable":true,"href":"https:\/\/www.charles-pozzi.fr\/en\/wp-json\/wp\/v2\/comments?post=8542"}],"version-history":[{"count":188,"href":"https:\/\/www.charles-pozzi.fr\/en\/wp-json\/wp\/v2\/pages\/8542\/revisions"}],"predecessor-version":[{"id":16540,"href":"https:\/\/www.charles-pozzi.fr\/en\/wp-json\/wp\/v2\/pages\/8542\/revisions\/16540"}],"wp:attachment":[{"href":"https:\/\/www.charles-pozzi.fr\/en\/wp-json\/wp\/v2\/media?parent=8542"}],"curies":[{"name":"wp","href":"https:\/\/api.w.org\/{rel}","templated":true}]}}