{"id":9089,"date":"2023-09-07T15:42:44","date_gmt":"2023-09-07T13:42:44","guid":{"rendered":"https:\/\/www.charles-pozzi.fr\/?page_id=9089"},"modified":"2026-02-06T17:17:59","modified_gmt":"2026-02-06T16:17:59","slug":"site-vence","status":"publish","type":"page","link":"https:\/\/www.charles-pozzi.fr\/en\/site-vence\/","title":{"rendered":"Site | Vence"},"content":{"rendered":"<div data-elementor-type=\"wp-page\" data-elementor-id=\"9089\" class=\"elementor elementor-9089\" data-elementor-post-type=\"page\">\n\t\t\t\t\t\t<section class=\"elementor-section elementor-top-section elementor-element elementor-element-3e27dc2 elementor-section-height-min-height elementor-section-boxed elementor-section-height-default elementor-section-items-middle\" data-id=\"3e27dc2\" data-element_type=\"section\" data-settings=\"{&quot;background_background&quot;:&quot;classic&quot;}\">\n\t\t\t\t\t\t<div class=\"elementor-container elementor-column-gap-default\">\n\t\t\t\t\t<div class=\"elementor-column elementor-col-100 elementor-top-column elementor-element elementor-element-2063aaf\" data-id=\"2063aaf\" data-element_type=\"column\">\n\t\t\t<div class=\"elementor-widget-wrap\">\n\t\t\t\t\t\t\t<\/div>\n\t\t<\/div>\n\t\t\t\t\t<\/div>\n\t\t<\/section>\n\t\t\t\t<section class=\"elementor-section elementor-top-section elementor-element elementor-element-af78b48 margin-top-title elementor-section-boxed elementor-section-height-default elementor-section-height-default\" data-id=\"af78b48\" data-element_type=\"section\">\n\t\t\t\t\t\t<div class=\"elementor-container elementor-column-gap-default\">\n\t\t\t\t\t<div class=\"elementor-column elementor-col-100 elementor-top-column elementor-element elementor-element-3288016\" data-id=\"3288016\" data-element_type=\"column\" data-settings=\"{&quot;background_background&quot;:&quot;classic&quot;}\">\n\t\t\t<div class=\"elementor-widget-wrap elementor-element-populated\">\n\t\t\t\t\t\t<div class=\"elementor-element elementor-element-fe4914c elementor-widget elementor-widget-text-editor\" data-id=\"fe4914c\" data-element_type=\"widget\" data-widget_type=\"text-editor.default\">\n\t\t\t\t<div class=\"elementor-widget-container\">\n\t\t\t\t\t\t\t\t\t<p class=\"title-1\">CHARLES POZZI VENCE\u00a0<\/p>\t\t\t\t\t\t\t\t<\/div>\n\t\t\t\t<\/div>\n\t\t\t\t<div class=\"elementor-element elementor-element-d247311 elementor-widget elementor-widget-heading\" data-id=\"d247311\" data-element_type=\"widget\" data-widget_type=\"heading.default\">\n\t\t\t\t<div class=\"elementor-widget-container\">\n\t\t\t\t\t<h2 class=\"elementor-heading-title elementor-size-default\">PRESTIGE &amp; CLASSIC VEHICLE STORAGE<\/h2>\t\t\t\t<\/div>\n\t\t\t\t<\/div>\n\t\t\t\t\t<\/div>\n\t\t<\/div>\n\t\t\t\t\t<\/div>\n\t\t<\/section>\n\t\t\t\t<section class=\"elementor-section elementor-top-section elementor-element elementor-element-dcd676d elementor-section-boxed elementor-section-height-default elementor-section-height-default\" data-id=\"dcd676d\" data-element_type=\"section\">\n\t\t\t\t\t\t<div class=\"elementor-container elementor-column-gap-default\">\n\t\t\t\t\t<div class=\"elementor-column elementor-col-33 elementor-top-column elementor-element elementor-element-90483f8\" data-id=\"90483f8\" data-element_type=\"column\" data-settings=\"{&quot;background_background&quot;:&quot;classic&quot;}\">\n\t\t\t<div class=\"elementor-widget-wrap elementor-element-populated\">\n\t\t\t\t\t\t<div class=\"elementor-element elementor-element-6625073 elementor-widget elementor-widget-text-editor\" data-id=\"6625073\" data-element_type=\"widget\" data-widget_type=\"text-editor.default\">\n\t\t\t\t<div class=\"elementor-widget-container\">\n\t\t\t\t\t\t\t\t\t<p>the spirit of vence<\/p>\t\t\t\t\t\t\t\t<\/div>\n\t\t\t\t<\/div>\n\t\t\t\t<div class=\"elementor-element elementor-element-fa28281 elementor-widget elementor-widget-text-editor\" data-id=\"fa28281\" data-element_type=\"widget\" data-widget_type=\"text-editor.default\">\n\t\t\t\t<div class=\"elementor-widget-container\">\n\t\t\t\t\t\t\t\t\t<p>Located just a few minutes from the beautiful village of Saint-Paul-de-Vence, Charles Pozzi Vence is fully integrated into the world of the Group.<\/p><p>Its geographical location, its origins and the atmosphere that reigns here enable us to offer<br \/>our customers a tailor-made concierge service in an unspoilt setting steeped in history.<br \/>d\u2019histoire.<\/p>\t\t\t\t\t\t\t\t<\/div>\n\t\t\t\t<\/div>\n\t\t\t\t\t<\/div>\n\t\t<\/div>\n\t\t\t\t<div class=\"elementor-column elementor-col-33 elementor-top-column elementor-element elementor-element-03f1e6d\" data-id=\"03f1e6d\" data-element_type=\"column\" data-settings=\"{&quot;background_background&quot;:&quot;classic&quot;}\">\n\t\t\t<div class=\"elementor-widget-wrap elementor-element-populated\">\n\t\t\t\t\t\t<div class=\"elementor-element elementor-element-1240f44 elementor-widget elementor-widget-text-editor\" data-id=\"1240f44\" data-element_type=\"widget\" data-widget_type=\"text-editor.default\">\n\t\t\t\t<div class=\"elementor-widget-container\">\n\t\t\t\t\t\t\t\t\t<p>EXCLUSIVE CONCIERGE SERVICE<\/p>\t\t\t\t\t\t\t\t<\/div>\n\t\t\t\t<\/div>\n\t\t\t\t<div class=\"elementor-element elementor-element-42b5818 elementor-widget elementor-widget-text-editor\" data-id=\"42b5818\" data-element_type=\"widget\" data-widget_type=\"text-editor.default\">\n\t\t\t\t<div class=\"elementor-widget-container\">\n\t\t\t\t\t\t\t\t\t<p><span style=\"color: var( --e-global-color-text ); font-family: var( --e-global-typography-9c87a5f-font-family ), Sans-serif; font-size: var( --e-global-typography-9c87a5f-font-size ); font-weight: var( --e-global-typography-9c87a5f-font-weight ); letter-spacing: var( --e-global-typography-9c87a5f-letter-spacing ); word-spacing: var( --e-global-typography-9c87a5f-word-spacing );\">Formerly a museum of contemporary art, the Car Museum now houses cars from all over the world <\/span>on almost 1600 m2 in the heart of a magnificent landscaped area of 8000 m\u00b2.<\/p><p>It's an idyllic place to relax and entertain family and friends.<\/p>\t\t\t\t\t\t\t\t<\/div>\n\t\t\t\t<\/div>\n\t\t\t\t\t<\/div>\n\t\t<\/div>\n\t\t\t\t<div class=\"elementor-column elementor-col-33 elementor-top-column elementor-element elementor-element-41a5b5e\" data-id=\"41a5b5e\" data-element_type=\"column\" data-settings=\"{&quot;background_background&quot;:&quot;classic&quot;}\">\n\t\t\t<div class=\"elementor-widget-wrap elementor-element-populated\">\n\t\t\t\t\t\t<div class=\"elementor-element elementor-element-a90b31a elementor-widget elementor-widget-text-editor\" data-id=\"a90b31a\" data-element_type=\"widget\" data-widget_type=\"text-editor.default\">\n\t\t\t\t<div class=\"elementor-widget-container\">\n\t\t\t\t\t\t\t\t\tA SUMPTUOUS REGION OF FRANCE\t\t\t\t\t\t\t\t<\/div>\n\t\t\t\t<\/div>\n\t\t\t\t<div class=\"elementor-element elementor-element-1ac200a elementor-widget elementor-widget-text-editor\" data-id=\"1ac200a\" data-element_type=\"widget\" data-widget_type=\"text-editor.default\">\n\t\t\t\t<div class=\"elementor-widget-container\">\n\t\t\t\t\t\t\t\t\t<p>Far from the usual standards, your vehicle(s) are stored here for a few days or longer, allowing you to enjoy the region in complete freedom.<\/p><p><span style=\"color: var( --e-global-color-text ); font-family: var( --e-global-typography-9c87a5f-font-family ), Sans-serif; font-size: var( --e-global-typography-9c87a5f-font-size ); font-weight: var( --e-global-typography-9c87a5f-font-weight ); letter-spacing: var( --e-global-typography-9c87a5f-letter-spacing ); word-spacing: var( --e-global-typography-9c87a5f-word-spacing );\">A region dear to Matisse, Picasso and L\u00e9ger, whose artistic and historical heritage is <\/span>world-famous for its Maeght and Cab foundations, medieval remains and numerous painting galleries.<\/p>\t\t\t\t\t\t\t\t<\/div>\n\t\t\t\t<\/div>\n\t\t\t\t\t<\/div>\n\t\t<\/div>\n\t\t\t\t\t<\/div>\n\t\t<\/section>\n\t\t\t\t<section class=\"elementor-section elementor-top-section elementor-element elementor-element-bf419fe elementor-section-boxed elementor-section-height-default elementor-section-height-default\" data-id=\"bf419fe\" data-element_type=\"section\" data-settings=\"{&quot;background_background&quot;:&quot;gradient&quot;}\">\n\t\t\t\t\t\t<div class=\"elementor-container elementor-column-gap-default\">\n\t\t\t\t\t<div class=\"elementor-column elementor-col-100 elementor-top-column elementor-element elementor-element-f401623\" data-id=\"f401623\" data-element_type=\"column\" data-settings=\"{&quot;background_background&quot;:&quot;classic&quot;}\">\n\t\t\t<div class=\"elementor-widget-wrap elementor-element-populated\">\n\t\t\t\t\t\t<div class=\"elementor-element elementor-element-20856ba elementor-widget elementor-widget-heading\" data-id=\"20856ba\" data-element_type=\"widget\" data-widget_type=\"heading.default\">\n\t\t\t\t<div class=\"elementor-widget-container\">\n\t\t\t\t\t<h3 class=\"elementor-heading-title elementor-size-default\">Charles Pozzi Vence<\/h3>\t\t\t\t<\/div>\n\t\t\t\t<\/div>\n\t\t\t\t<div class=\"elementor-element elementor-element-488584d elementor-widget elementor-widget-text-editor\" data-id=\"488584d\" data-element_type=\"widget\" data-widget_type=\"text-editor.default\">\n\t\t\t\t<div class=\"elementor-widget-container\">\n\t\t\t\t\t\t\t\t\t<p style=\"text-align: center;\">C\u00d4TE D\u2019AZUR \u2013 NICE, CANNES, ANTIBES &amp; MONACO<\/p>\t\t\t\t\t\t\t\t<\/div>\n\t\t\t\t<\/div>\n\t\t\t\t<div class=\"elementor-element elementor-element-aad93d8 elementor-widget elementor-widget-text-editor\" data-id=\"aad93d8\" data-element_type=\"widget\" data-widget_type=\"text-editor.default\">\n\t\t\t\t<div class=\"elementor-widget-container\">\n\t\t\t\t\t\t\t\t\t<p><a class=\"cta-white\" href=\"https:\/\/carmuseumclub.com\/\" target=\"_blank\" rel=\"noopener\">Learn more<\/a><\/p>\t\t\t\t\t\t\t\t<\/div>\n\t\t\t\t<\/div>\n\t\t\t\t\t<\/div>\n\t\t<\/div>\n\t\t\t\t\t<\/div>\n\t\t<\/section>\n\t\t\t\t<section class=\"elementor-section elementor-top-section elementor-element elementor-element-3ffc94b6 elementor-section-boxed elementor-section-height-default elementor-section-height-default\" data-id=\"3ffc94b6\" data-element_type=\"section\" data-settings=\"{&quot;background_background&quot;:&quot;classic&quot;}\">\n\t\t\t\t\t\t\t<div class=\"elementor-background-overlay\"><\/div>\n\t\t\t\t\t\t\t<div class=\"elementor-container elementor-column-gap-default\">\n\t\t\t\t\t<div class=\"elementor-column elementor-col-100 elementor-top-column elementor-element elementor-element-3d8353e5\" data-id=\"3d8353e5\" data-element_type=\"column\" data-settings=\"{&quot;background_background&quot;:&quot;classic&quot;}\">\n\t\t\t<div class=\"elementor-widget-wrap elementor-element-populated\">\n\t\t\t\t\t\t<div class=\"elementor-element elementor-element-3fa34168 elementor-widget elementor-widget-text-editor\" data-id=\"3fa34168\" data-element_type=\"widget\" data-widget_type=\"text-editor.default\">\n\t\t\t\t<div class=\"elementor-widget-container\">\n\t\t\t\t\t\t\t\t\t<p class=\"title-1\">Our team of specialists<\/p>\t\t\t\t\t\t\t\t<\/div>\n\t\t\t\t<\/div>\n\t\t\t\t\t<\/div>\n\t\t<\/div>\n\t\t\t\t\t<\/div>\n\t\t<\/section>\n\t\t\t\t<section class=\"elementor-section elementor-top-section elementor-element elementor-element-68bb5bb8 elementor-section-boxed elementor-section-height-default elementor-section-height-default\" data-id=\"68bb5bb8\" data-element_type=\"section\">\n\t\t\t\t\t\t<div class=\"elementor-container elementor-column-gap-default\">\n\t\t\t\t\t<div class=\"elementor-column elementor-col-33 elementor-top-column elementor-element elementor-element-042eb5f\" data-id=\"042eb5f\" data-element_type=\"column\">\n\t\t\t<div class=\"elementor-widget-wrap\">\n\t\t\t\t\t\t\t<\/div>\n\t\t<\/div>\n\t\t\t\t<div class=\"elementor-column elementor-col-33 elementor-top-column elementor-element elementor-element-2288a1a7\" data-id=\"2288a1a7\" data-element_type=\"column\">\n\t\t\t<div class=\"elementor-widget-wrap elementor-element-populated\">\n\t\t\t\t\t\t<section class=\"elementor-section elementor-inner-section elementor-element elementor-element-4a8e39f4 elementor-section-boxed elementor-section-height-default elementor-section-height-default\" data-id=\"4a8e39f4\" data-element_type=\"section\">\n\t\t\t\t\t\t<div class=\"elementor-container elementor-column-gap-default\">\n\t\t\t\t\t<div class=\"elementor-column elementor-col-100 elementor-inner-column elementor-element elementor-element-3821b7be\" data-id=\"3821b7be\" data-element_type=\"column\" id=\"team\">\n\t\t\t<div class=\"elementor-widget-wrap elementor-element-populated\">\n\t\t\t\t\t\t<div class=\"elementor-element elementor-element-70da2bbe elementor-widget elementor-widget-image\" data-id=\"70da2bbe\" data-element_type=\"widget\" data-widget_type=\"image.default\">\n\t\t\t\t<div class=\"elementor-widget-container\">\n\t\t\t\t\t\t\t\t\t\t\t\t\t\t\t<img fetchpriority=\"high\" decoding=\"async\" width=\"800\" height=\"600\" src=\"https:\/\/www.charles-pozzi.fr\/wp-content\/uploads\/2024\/07\/Grenier-1-scaled-1-1024x768.webp\" class=\"attachment-large size-large wp-image-11593\" alt=\"\" srcset=\"https:\/\/www.charles-pozzi.fr\/wp-content\/uploads\/2024\/07\/Grenier-1-scaled-1-1024x768.webp 1024w, https:\/\/www.charles-pozzi.fr\/wp-content\/uploads\/2024\/07\/Grenier-1-scaled-1-300x225.webp 300w, https:\/\/www.charles-pozzi.fr\/wp-content\/uploads\/2024\/07\/Grenier-1-scaled-1-768x576.webp 768w, https:\/\/www.charles-pozzi.fr\/wp-content\/uploads\/2024\/07\/Grenier-1-scaled-1-1536x1152.webp 1536w, https:\/\/www.charles-pozzi.fr\/wp-content\/uploads\/2024\/07\/Grenier-1-scaled-1-2048x1536.webp 2048w, https:\/\/www.charles-pozzi.fr\/wp-content\/uploads\/2024\/07\/Grenier-1-scaled-1-16x12.webp 16w\" sizes=\"(max-width: 800px) 100vw, 800px\" \/>\t\t\t\t\t\t\t\t\t\t\t\t\t\t\t<\/div>\n\t\t\t\t<\/div>\n\t\t\t\t<div class=\"elementor-element elementor-element-75f553d4 elementor-widget elementor-widget-text-editor\" data-id=\"75f553d4\" data-element_type=\"widget\" data-widget_type=\"text-editor.default\">\n\t\t\t\t<div class=\"elementor-widget-container\">\n\t\t\t\t\t\t\t\t\t<p class=\"title-2\">Christophe GRENIER<\/p>\t\t\t\t\t\t\t\t<\/div>\n\t\t\t\t<\/div>\n\t\t\t\t<div class=\"elementor-element elementor-element-35dc6a0a elementor-widget elementor-widget-text-editor\" data-id=\"35dc6a0a\" data-element_type=\"widget\" data-widget_type=\"text-editor.default\">\n\t\t\t\t<div class=\"elementor-widget-container\">\n\t\t\t\t\t\t\t\t\tGeneral Manager Charles Pozzi Approved\t\t\t\t\t\t\t\t<\/div>\n\t\t\t\t<\/div>\n\t\t\t\t<div class=\"elementor-element elementor-element-34b23318 elementor-align-center elementor-icon-list--layout-traditional elementor-list-item-link-full_width elementor-widget elementor-widget-icon-list\" data-id=\"34b23318\" data-element_type=\"widget\" data-widget_type=\"icon-list.default\">\n\t\t\t\t<div class=\"elementor-widget-container\">\n\t\t\t\t\t\t\t<ul class=\"elementor-icon-list-items\">\n\t\t\t\t\t\t\t<li class=\"elementor-icon-list-item\">\n\t\t\t\t\t\t\t\t\t\t\t<span class=\"elementor-icon-list-icon\">\n\t\t\t\t\t\t\t<i aria-hidden=\"true\" class=\"far fa-envelope\"><\/i>\t\t\t\t\t\t<\/span>\n\t\t\t\t\t\t\t\t\t\t<span class=\"elementor-icon-list-text\">carmuseum@charles-pozzi.fr<\/span>\n\t\t\t\t\t\t\t\t\t<\/li>\n\t\t\t\t\t\t\t\t<li class=\"elementor-icon-list-item\">\n\t\t\t\t\t\t\t\t\t\t\t<span class=\"elementor-icon-list-icon\">\n\t\t\t\t\t\t\t<i aria-hidden=\"true\" class=\"fas fa-phone-alt\"><\/i>\t\t\t\t\t\t<\/span>\n\t\t\t\t\t\t\t\t\t\t<span class=\"elementor-icon-list-text\">+33 6 80 57 60 96<\/span>\n\t\t\t\t\t\t\t\t\t<\/li>\n\t\t\t\t\t\t<\/ul>\n\t\t\t\t\t\t<\/div>\n\t\t\t\t<\/div>\n\t\t\t\t\t<\/div>\n\t\t<\/div>\n\t\t\t\t\t<\/div>\n\t\t<\/section>\n\t\t\t\t\t<\/div>\n\t\t<\/div>\n\t\t\t\t<div class=\"elementor-column elementor-col-33 elementor-top-column elementor-element elementor-element-f051819\" data-id=\"f051819\" data-element_type=\"column\">\n\t\t\t<div class=\"elementor-widget-wrap\">\n\t\t\t\t\t\t\t<\/div>\n\t\t<\/div>\n\t\t\t\t\t<\/div>\n\t\t<\/section>\n\t\t\t\t<\/div>","protected":false},"excerpt":{"rendered":"<p>CHARLES POZZI VENCE\u00a0 GARDIENNAGE DE V\u00c9HICULES DE PRESTIGE &amp; COLLECTION l&rsquo;esprit de vence Situ\u00e9 \u00e0 quelques minutes du magnifique village de Saint-Paul de Vence, le Charles Pozzi Vence s&rsquo;inscrit pleinement dans l&rsquo;univers du Groupe. Son emplacement g\u00e9ographique, son origine et l\u2019atmosph\u00e8re qui y r\u00e8gne nous permettentd\u2019offrir \u00e0 nos clients un service de conciergerie sur mesure [&hellip;]<\/p>\n","protected":false},"author":11,"featured_media":0,"parent":0,"menu_order":0,"comment_status":"closed","ping_status":"closed","template":"elementor_header_footer","meta":{"inline_featured_image":false,"footnotes":""},"class_list":["post-9089","page","type-page","status-publish","hentry"],"yoast_head":"<!-- This site is optimized with the Yoast SEO plugin v27.3 - https:\/\/yoast.com\/product\/yoast-seo-wordpress\/ -->\n<title>Charles Pozzi Car Museum - Conciergerie de luxe \u00e0 Vence<\/title>\n<meta name=\"description\" content=\"Avec un service de conciergerie unique sur la c\u00f4te d&#039;azure, notre Car Museum conserve votre v\u00e9hicule de collection et d\u2019exception sur pr\u00e8s de 1600 m\u00b2 s\u00e9curis\u00e9s.\" \/>\n<meta name=\"robots\" content=\"index, follow, max-snippet:-1, max-image-preview:large, max-video-preview:-1\" \/>\n<link rel=\"canonical\" href=\"https:\/\/www.charles-pozzi.fr\/en\/site-vence\/\" \/>\n<meta property=\"og:locale\" content=\"en_US\" \/>\n<meta property=\"og:type\" content=\"article\" \/>\n<meta property=\"og:title\" content=\"Charles Pozzi Car Museum - Conciergerie de luxe \u00e0 Vence\" \/>\n<meta property=\"og:description\" content=\"Avec un service de conciergerie unique sur la c\u00f4te d&#039;azure, notre Car Museum conserve votre v\u00e9hicule de collection et d\u2019exception sur pr\u00e8s de 1600 m\u00b2 s\u00e9curis\u00e9s.\" \/>\n<meta property=\"og:url\" content=\"https:\/\/www.charles-pozzi.fr\/en\/site-vence\/\" \/>\n<meta property=\"og:site_name\" content=\"Groupe Charles Pozzi\" \/>\n<meta property=\"article:modified_time\" content=\"2026-02-06T16:17:59+00:00\" \/>\n<meta property=\"og:image\" content=\"https:\/\/www.charles-pozzi.fr\/wp-content\/uploads\/2024\/07\/Grenier-1-scaled-1.webp\" \/>\n\t<meta property=\"og:image:width\" content=\"2560\" \/>\n\t<meta property=\"og:image:height\" content=\"1920\" \/>\n\t<meta property=\"og:image:type\" content=\"image\/webp\" \/>\n<meta name=\"twitter:card\" content=\"summary_large_image\" \/>\n<meta name=\"twitter:label1\" content=\"Est. reading time\" \/>\n\t<meta name=\"twitter:data1\" content=\"2 minutes\" \/>\n<script type=\"application\/ld+json\" class=\"yoast-schema-graph\">{\"@context\":\"https:\\\/\\\/schema.org\",\"@graph\":[{\"@type\":\"WebPage\",\"@id\":\"https:\\\/\\\/www.charles-pozzi.fr\\\/site-vence\\\/\",\"url\":\"https:\\\/\\\/www.charles-pozzi.fr\\\/site-vence\\\/\",\"name\":\"Charles Pozzi Car Museum - Conciergerie de luxe \u00e0 Vence\",\"isPartOf\":{\"@id\":\"https:\\\/\\\/www.charles-pozzi.fr\\\/#website\"},\"primaryImageOfPage\":{\"@id\":\"https:\\\/\\\/www.charles-pozzi.fr\\\/site-vence\\\/#primaryimage\"},\"image\":{\"@id\":\"https:\\\/\\\/www.charles-pozzi.fr\\\/site-vence\\\/#primaryimage\"},\"thumbnailUrl\":\"https:\\\/\\\/www.charles-pozzi.fr\\\/wp-content\\\/uploads\\\/2024\\\/07\\\/Grenier-1-scaled-1-1024x768.webp\",\"datePublished\":\"2023-09-07T13:42:44+00:00\",\"dateModified\":\"2026-02-06T16:17:59+00:00\",\"description\":\"Avec un service de conciergerie unique sur la c\u00f4te d'azure, notre Car Museum conserve votre v\u00e9hicule de collection et d\u2019exception sur pr\u00e8s de 1600 m\u00b2 s\u00e9curis\u00e9s.\",\"breadcrumb\":{\"@id\":\"https:\\\/\\\/www.charles-pozzi.fr\\\/site-vence\\\/#breadcrumb\"},\"inLanguage\":\"en-US\",\"potentialAction\":[{\"@type\":\"ReadAction\",\"target\":[\"https:\\\/\\\/www.charles-pozzi.fr\\\/site-vence\\\/\"]}]},{\"@type\":\"ImageObject\",\"inLanguage\":\"en-US\",\"@id\":\"https:\\\/\\\/www.charles-pozzi.fr\\\/site-vence\\\/#primaryimage\",\"url\":\"https:\\\/\\\/www.charles-pozzi.fr\\\/wp-content\\\/uploads\\\/2024\\\/07\\\/Grenier-1-scaled-1-1024x768.webp\",\"contentUrl\":\"https:\\\/\\\/www.charles-pozzi.fr\\\/wp-content\\\/uploads\\\/2024\\\/07\\\/Grenier-1-scaled-1-1024x768.webp\"},{\"@type\":\"BreadcrumbList\",\"@id\":\"https:\\\/\\\/www.charles-pozzi.fr\\\/site-vence\\\/#breadcrumb\",\"itemListElement\":[{\"@type\":\"ListItem\",\"position\":1,\"name\":\"Home\",\"item\":\"https:\\\/\\\/www.charles-pozzi.fr\\\/\"},{\"@type\":\"ListItem\",\"position\":2,\"name\":\"Site | Vence\"}]},{\"@type\":\"WebSite\",\"@id\":\"https:\\\/\\\/www.charles-pozzi.fr\\\/#website\",\"url\":\"https:\\\/\\\/www.charles-pozzi.fr\\\/\",\"name\":\"Groupe Charles Pozzi\",\"description\":\"D\u00e9couvrez l&#039;univers de l&#039;excellence automobile\",\"publisher\":{\"@id\":\"https:\\\/\\\/www.charles-pozzi.fr\\\/#organization\"},\"potentialAction\":[{\"@type\":\"SearchAction\",\"target\":{\"@type\":\"EntryPoint\",\"urlTemplate\":\"https:\\\/\\\/www.charles-pozzi.fr\\\/?s={search_term_string}\"},\"query-input\":{\"@type\":\"PropertyValueSpecification\",\"valueRequired\":true,\"valueName\":\"search_term_string\"}}],\"inLanguage\":\"en-US\"},{\"@type\":\"Organization\",\"@id\":\"https:\\\/\\\/www.charles-pozzi.fr\\\/#organization\",\"name\":\"Charles Pozzi\",\"url\":\"https:\\\/\\\/www.charles-pozzi.fr\\\/\",\"logo\":{\"@type\":\"ImageObject\",\"inLanguage\":\"en-US\",\"@id\":\"https:\\\/\\\/www.charles-pozzi.fr\\\/#\\\/schema\\\/logo\\\/image\\\/\",\"url\":\"https:\\\/\\\/www.charles-pozzi.fr\\\/wp-content\\\/uploads\\\/2024\\\/09\\\/Logo-Charles-Pozzi.png\",\"contentUrl\":\"https:\\\/\\\/www.charles-pozzi.fr\\\/wp-content\\\/uploads\\\/2024\\\/09\\\/Logo-Charles-Pozzi.png\",\"width\":212,\"height\":120,\"caption\":\"Charles Pozzi\"},\"image\":{\"@id\":\"https:\\\/\\\/www.charles-pozzi.fr\\\/#\\\/schema\\\/logo\\\/image\\\/\"}}]}<\/script>\n<!-- \/ Yoast SEO plugin. -->","yoast_head_json":{"title":"Charles Pozzi Car Museum - Conciergerie de luxe \u00e0 Vence","description":"Avec un service de conciergerie unique sur la c\u00f4te d'azure, notre Car Museum conserve votre v\u00e9hicule de collection et d\u2019exception sur pr\u00e8s de 1600 m\u00b2 s\u00e9curis\u00e9s.","robots":{"index":"index","follow":"follow","max-snippet":"max-snippet:-1","max-image-preview":"max-image-preview:large","max-video-preview":"max-video-preview:-1"},"canonical":"https:\/\/www.charles-pozzi.fr\/en\/site-vence\/","og_locale":"en_US","og_type":"article","og_title":"Charles Pozzi Car Museum - Conciergerie de luxe \u00e0 Vence","og_description":"Avec un service de conciergerie unique sur la c\u00f4te d'azure, notre Car Museum conserve votre v\u00e9hicule de collection et d\u2019exception sur pr\u00e8s de 1600 m\u00b2 s\u00e9curis\u00e9s.","og_url":"https:\/\/www.charles-pozzi.fr\/en\/site-vence\/","og_site_name":"Groupe Charles Pozzi","article_modified_time":"2026-02-06T16:17:59+00:00","og_image":[{"width":2560,"height":1920,"url":"https:\/\/www.charles-pozzi.fr\/wp-content\/uploads\/2024\/07\/Grenier-1-scaled-1.webp","type":"image\/webp"}],"twitter_card":"summary_large_image","twitter_misc":{"Est. reading time":"2 minutes"},"schema":{"@context":"https:\/\/schema.org","@graph":[{"@type":"WebPage","@id":"https:\/\/www.charles-pozzi.fr\/site-vence\/","url":"https:\/\/www.charles-pozzi.fr\/site-vence\/","name":"Charles Pozzi Car Museum - Conciergerie de luxe \u00e0 Vence","isPartOf":{"@id":"https:\/\/www.charles-pozzi.fr\/#website"},"primaryImageOfPage":{"@id":"https:\/\/www.charles-pozzi.fr\/site-vence\/#primaryimage"},"image":{"@id":"https:\/\/www.charles-pozzi.fr\/site-vence\/#primaryimage"},"thumbnailUrl":"https:\/\/www.charles-pozzi.fr\/wp-content\/uploads\/2024\/07\/Grenier-1-scaled-1-1024x768.webp","datePublished":"2023-09-07T13:42:44+00:00","dateModified":"2026-02-06T16:17:59+00:00","description":"Avec un service de conciergerie unique sur la c\u00f4te d'azure, notre Car Museum conserve votre v\u00e9hicule de collection et d\u2019exception sur pr\u00e8s de 1600 m\u00b2 s\u00e9curis\u00e9s.","breadcrumb":{"@id":"https:\/\/www.charles-pozzi.fr\/site-vence\/#breadcrumb"},"inLanguage":"en-US","potentialAction":[{"@type":"ReadAction","target":["https:\/\/www.charles-pozzi.fr\/site-vence\/"]}]},{"@type":"ImageObject","inLanguage":"en-US","@id":"https:\/\/www.charles-pozzi.fr\/site-vence\/#primaryimage","url":"https:\/\/www.charles-pozzi.fr\/wp-content\/uploads\/2024\/07\/Grenier-1-scaled-1-1024x768.webp","contentUrl":"https:\/\/www.charles-pozzi.fr\/wp-content\/uploads\/2024\/07\/Grenier-1-scaled-1-1024x768.webp"},{"@type":"BreadcrumbList","@id":"https:\/\/www.charles-pozzi.fr\/site-vence\/#breadcrumb","itemListElement":[{"@type":"ListItem","position":1,"name":"Home","item":"https:\/\/www.charles-pozzi.fr\/"},{"@type":"ListItem","position":2,"name":"Site | Vence"}]},{"@type":"WebSite","@id":"https:\/\/www.charles-pozzi.fr\/#website","url":"https:\/\/www.charles-pozzi.fr\/","name":"Charles Pozzi Group","description":"D\u00e9couvrez l&#039;univers de l&#039;excellence automobile","publisher":{"@id":"https:\/\/www.charles-pozzi.fr\/#organization"},"potentialAction":[{"@type":"SearchAction","target":{"@type":"EntryPoint","urlTemplate":"https:\/\/www.charles-pozzi.fr\/?s={search_term_string}"},"query-input":{"@type":"PropertyValueSpecification","valueRequired":true,"valueName":"search_term_string"}}],"inLanguage":"en-US"},{"@type":"Organization","@id":"https:\/\/www.charles-pozzi.fr\/#organization","name":"Charles Pozzi","url":"https:\/\/www.charles-pozzi.fr\/","logo":{"@type":"ImageObject","inLanguage":"en-US","@id":"https:\/\/www.charles-pozzi.fr\/#\/schema\/logo\/image\/","url":"https:\/\/www.charles-pozzi.fr\/wp-content\/uploads\/2024\/09\/Logo-Charles-Pozzi.png","contentUrl":"https:\/\/www.charles-pozzi.fr\/wp-content\/uploads\/2024\/09\/Logo-Charles-Pozzi.png","width":212,"height":120,"caption":"Charles Pozzi"},"image":{"@id":"https:\/\/www.charles-pozzi.fr\/#\/schema\/logo\/image\/"}}]}},"_links":{"self":[{"href":"https:\/\/www.charles-pozzi.fr\/en\/wp-json\/wp\/v2\/pages\/9089","targetHints":{"allow":["GET"]}}],"collection":[{"href":"https:\/\/www.charles-pozzi.fr\/en\/wp-json\/wp\/v2\/pages"}],"about":[{"href":"https:\/\/www.charles-pozzi.fr\/en\/wp-json\/wp\/v2\/types\/page"}],"author":[{"embeddable":true,"href":"https:\/\/www.charles-pozzi.fr\/en\/wp-json\/wp\/v2\/users\/11"}],"replies":[{"embeddable":true,"href":"https:\/\/www.charles-pozzi.fr\/en\/wp-json\/wp\/v2\/comments?post=9089"}],"version-history":[{"count":104,"href":"https:\/\/www.charles-pozzi.fr\/en\/wp-json\/wp\/v2\/pages\/9089\/revisions"}],"predecessor-version":[{"id":17283,"href":"https:\/\/www.charles-pozzi.fr\/en\/wp-json\/wp\/v2\/pages\/9089\/revisions\/17283"}],"wp:attachment":[{"href":"https:\/\/www.charles-pozzi.fr\/en\/wp-json\/wp\/v2\/media?parent=9089"}],"curies":[{"name":"wp","href":"https:\/\/api.w.org\/{rel}","templated":true}]}}